{"id":124,"date":"2018-09-06T13:21:09","date_gmt":"2018-09-06T13:21:09","guid":{"rendered":"https:\/\/vivace-ctc.nl\/?page_id=124"},"modified":"2025-10-03T14:18:23","modified_gmt":"2025-10-03T14:18:23","slug":"gerda","status":"publish","type":"page","link":"https:\/\/vivace-ctc.nl\/de\/gerda\/","title":{"rendered":"Gerda Nobel"},"content":{"rendered":"<div class=\"wpb-content-wrapper\"><div class=\"vc_row wpb_row vc_row-fluid\"><div class=\"wpb_column vc_column_container vc_col-sm-12\"><div class=\"vc_column-inner\"><div class=\"wpb_wrapper\">\n\t<div class=\"wpb_text_column wpb_content_element\" >\n\t\t<div class=\"wpb_wrapper\">\n\t\t\t<h1>Treffen Sie Gerda Nobel<\/h1>\n<p><img decoding=\"async\" class=\"wp-image-884 size-medium alignright\" src=\"https:\/\/vivace-ctc.nl\/wp-content\/uploads\/2018\/09\/Gerda-Nobel-300x300.jpg\" alt=\"Gerda Nobel \u2013 coach, trainer en supervisor\" width=\"300\" height=\"300\" srcset=\"https:\/\/vivace-ctc.nl\/wp-content\/uploads\/2018\/09\/Gerda-Nobel-300x300.jpg 300w, https:\/\/vivace-ctc.nl\/wp-content\/uploads\/2018\/09\/Gerda-Nobel-150x150.jpg 150w, https:\/\/vivace-ctc.nl\/wp-content\/uploads\/2018\/09\/Gerda-Nobel-12x12.jpg 12w, https:\/\/vivace-ctc.nl\/wp-content\/uploads\/2018\/09\/Gerda-Nobel.jpg 500w\" sizes=\"(max-width: 300px) 100vw, 300px\" \/><\/p>\n<p><strong>Gerda Nobel<\/strong> ist eine erfahrene Prozessbegleiterin, Senior Trainerin\/Beraterin und (Team-)Coach. Sie ist bekannt f\u00fcr ihre Offenheit, ihre verbindende Kraft und ihre energiegeladene Art zu arbeiten. Mit aufrichtiger Aufmerksamkeit und Einf\u00fchlungsverm\u00f6gen f\u00fchrt sie auf nat\u00fcrliche und unverf\u00e4lschte Weise, immer nah an sich selbst. Gerda setzt an der richtigen Stelle an, bringt Humor und praktische Beispiele ein und wei\u00df, wie man Menschen in Bewegung bringt. Sie h\u00f6rt genau zu, fasst das Wesentliche zusammen und bespricht Schmerzpunkte respektvoll und auf den Punkt gebracht.<\/p>\n<p>Kurz gesagt: bodenst\u00e4ndig und pragmatisch, wo es n\u00f6tig ist, philosophisch, wo es erw\u00fcnscht ist - immer fokussiert auf effektive Interaktion und Ergebnisse.<\/p>\n<h2>Aktivit\u00e4ten (2015-2025)<\/h2>\n<ul>\n<li>Management- und Teamunterst\u00fctzung beim \u00dcbergang zu einer neuen Labororganisation (Dicoon, Ost-Niederlande, 2023-2024)<\/li>\n<li>Prozessaufseher vor der Fusion Winkler Prins (Veendam)<\/li>\n<li>Post-Merger-Prozess und Team-Coaching, Firda (Leeuwarden)<\/li>\n<li>Neugestaltung der Bildungsorganisation, Fakult\u00e4t f\u00fcr Naturwissenschaften und Technik, Universit\u00e4t Groningen (2 Jahre)<\/li>\n<li>Co-Designer &amp; Umsetzer Lernzirkel am Regius College (Schagen) - Kurs zum Lernen am Arbeitsplatz<\/li>\n<li>Designer und Umsetzer des Lernpfads LC-ers am Trinitas College (Heerhugowaard)<\/li>\n<li>Ausbilderin von Gespr\u00e4chspartnern, Coaches und Arbeitsplatzbetreuern in verschiedenen Organisationen<\/li>\n<li>Betreuung von Intervisionsgruppen bei Certe, Labororganisation Nord Niederlande<\/li>\n<li>Prozess\u00fcberwachung von Managementteams in verschiedenen Organisationen<\/li>\n<li>Konzeption und Durchf\u00fchrung von Schulungskursen 'Gut arbeiten, gut leben' (Vitalit\u00e4t)<\/li>\n<li>Supervisor-Netzwerk f\u00fcr weibliche F\u00fchrungskr\u00e4fte Universit\u00e4t Groningen<\/li>\n<li>Organisationsentwicklungsprojekt Certe - F\u00fchrungsprogramm (70 Teilnehmer) und Kulturprogramm (1.000 Mitarbeiter)<\/li>\n<li>Projektleiter &amp; Ausf\u00fchrender MD Projekt Carinova (Deventer) - 130 Manager<\/li>\n<li>Beaufsichtigung und Coaching von Mitarbeitern, Managern, Direktoren und Teams<\/li>\n<\/ul>\n<h2>Sektoren<\/h2>\n<ul>\n<li>Bildung (VO zu HBO und Universit\u00e4t)<\/li>\n<li>Pflege &amp; h\u00e4usliche Pflege<\/li>\n<li>GGD<\/li>\n<li>ICT<\/li>\n<li>Buchhaltung<\/li>\n<li>Laboratorien<\/li>\n<li>Conservatoire<\/li>\n<li>Medien &amp; Rundfunkanstalten<\/li>\n<\/ul>\n<h2>Ver\u00f6ffentlichungen<\/h2>\n<ul>\n<li>(Co-)Autor von <em>Intervention im Bildungswesen, eine Goldgrube<\/em> (Ten Brink, Meppel, 2017)<\/li>\n<li>(Co-)Autor von <em>Solarbereit<\/em> (ECNO, Groningen, 2010)<\/li>\n<li>(Co-)Autor von <em>Was f\u00fcr ein Gewinn<\/em>, intervision workbook for managers (Elsevier, Den Haag, 2007)<\/li>\n<li>(Co-)Autor von <em>Der Topf mit Gold<\/em>, Arbeitsbuch Intervision im Bildungswesen (Elsevier, Den Haag, 2005)<\/li>\n<li>(Co-)Autor von <em>Coaching-Karten<\/em> (Elsevier, Den Haag, 1999)<\/li>\n<\/ul>\n<h2>Artikel<\/h2>\n<p>Verschiedene Ver\u00f6ffentlichungen \u00fcber Personalmanagement, Coaching-Gespr\u00e4che, Peer Review, Stressmanagement, Achtsamkeit und Reflexion.<\/p>\n<p>Gerda arbeitet landesweit mit Organisationen zusammen, wobei der Schwerpunkt auf folgenden Bereichen liegt <strong>Bildung, Betreuung und F\u00fchrungsentwicklung<\/strong>. Kunden geben - nach R\u00fccksprache - gerne Referenzen an und teilen ihre Erfahrungen mit.<\/p>\n\n\t\t<\/div>\n\t<\/div>\n<\/div><\/div><\/div><\/div>\n<\/div>","protected":false},"excerpt":{"rendered":"<p>Maak kennis met Gerda Nobel Gerda Nobel is een ervaren procesbegeleider, senior trainer\/adviseur en (team)coach. Zij staat bekend om haar openheid, verbindende kracht en energieke manier van werken. Met oprechte aandacht en een invoelend empathisch vermogen geeft zij op een natuurlijke en zuivere manier leiding, altijd dicht bij zichzelf. Gerda prikt op de juiste plek,&hellip;<\/p>","protected":false},"author":1,"featured_media":0,"parent":0,"menu_order":0,"comment_status":"closed","ping_status":"closed","template":"","meta":{"footnotes":""},"class_list":["post-124","page","type-page","status-publish","hentry","description-off"],"yoast_head":"<!-- This site is optimized with the Yoast SEO plugin v27.3 - https:\/\/yoast.com\/product\/yoast-seo-wordpress\/ -->\n<title>Gerda Nobel \u2013 Coach, Supervisor &amp; Procesbegeleider Vivace<\/title>\n<meta name=\"description\" content=\"Gerda Nobel is coach, supervisor en procesbegeleider bij Vivace. Ervaren in onderwijs, zorg en leiderschap \u2013 actief in heel Nederland.\" \/>\n<meta name=\"robots\" content=\"index, follow, max-snippet:-1, max-image-preview:large, max-video-preview:-1\" \/>\n<link rel=\"canonical\" href=\"https:\/\/vivace-ctc.nl\/de\/gerda\/\" \/>\n<meta property=\"og:locale\" content=\"de_DE\" \/>\n<meta property=\"og:type\" content=\"article\" \/>\n<meta property=\"og:title\" content=\"Gerda Nobel \u2013 Coach, Supervisor &amp; Procesbegeleider Vivace\" \/>\n<meta property=\"og:description\" content=\"Gerda Nobel is coach, supervisor en procesbegeleider bij Vivace. Ervaren in onderwijs, zorg en leiderschap \u2013 actief in heel Nederland.\" \/>\n<meta property=\"og:url\" content=\"https:\/\/vivace-ctc.nl\/de\/gerda\/\" \/>\n<meta property=\"og:site_name\" content=\"vivace-ctc\" \/>\n<meta property=\"article:modified_time\" content=\"2025-10-03T14:18:23+00:00\" \/>\n<meta property=\"og:image\" content=\"https:\/\/vivace-ctc.nl\/wp-content\/uploads\/2018\/09\/Gerda-Nobel.jpg\" \/>\n\t<meta property=\"og:image:width\" content=\"500\" \/>\n\t<meta property=\"og:image:height\" content=\"500\" \/>\n\t<meta property=\"og:image:type\" content=\"image\/jpeg\" \/>\n<meta name=\"twitter:card\" content=\"summary_large_image\" \/>\n<meta name=\"twitter:label1\" content=\"Gesch\u00e4tzte Lesezeit\" \/>\n\t<meta name=\"twitter:data1\" content=\"2\u00a0Minuten\" \/>\n<script type=\"application\/ld+json\" class=\"yoast-schema-graph\">{\"@context\":\"https:\\\/\\\/schema.org\",\"@graph\":[{\"@type\":\"WebPage\",\"@id\":\"https:\\\/\\\/vivace-ctc.nl\\\/gerda\\\/\",\"url\":\"https:\\\/\\\/vivace-ctc.nl\\\/gerda\\\/\",\"name\":\"Gerda Nobel \u2013 Coach, Supervisor & Procesbegeleider Vivace\",\"isPartOf\":{\"@id\":\"https:\\\/\\\/vivace-ctc.nl\\\/#website\"},\"primaryImageOfPage\":{\"@id\":\"https:\\\/\\\/vivace-ctc.nl\\\/gerda\\\/#primaryimage\"},\"image\":{\"@id\":\"https:\\\/\\\/vivace-ctc.nl\\\/gerda\\\/#primaryimage\"},\"thumbnailUrl\":\"https:\\\/\\\/vivace-ctc.nl\\\/wp-content\\\/uploads\\\/2018\\\/09\\\/Gerda-Nobel-300x300.jpg\",\"datePublished\":\"2018-09-06T13:21:09+00:00\",\"dateModified\":\"2025-10-03T14:18:23+00:00\",\"description\":\"Gerda Nobel is coach, supervisor en procesbegeleider bij Vivace. Ervaren in onderwijs, zorg en leiderschap \u2013 actief in heel Nederland.\",\"breadcrumb\":{\"@id\":\"https:\\\/\\\/vivace-ctc.nl\\\/gerda\\\/#breadcrumb\"},\"inLanguage\":\"de\",\"potentialAction\":[{\"@type\":\"ReadAction\",\"target\":[\"https:\\\/\\\/vivace-ctc.nl\\\/gerda\\\/\"]}]},{\"@type\":\"ImageObject\",\"inLanguage\":\"de\",\"@id\":\"https:\\\/\\\/vivace-ctc.nl\\\/gerda\\\/#primaryimage\",\"url\":\"https:\\\/\\\/vivace-ctc.nl\\\/wp-content\\\/uploads\\\/2018\\\/09\\\/Gerda-Nobel-300x300.jpg\",\"contentUrl\":\"https:\\\/\\\/vivace-ctc.nl\\\/wp-content\\\/uploads\\\/2018\\\/09\\\/Gerda-Nobel-300x300.jpg\"},{\"@type\":\"BreadcrumbList\",\"@id\":\"https:\\\/\\\/vivace-ctc.nl\\\/gerda\\\/#breadcrumb\",\"itemListElement\":[{\"@type\":\"ListItem\",\"position\":1,\"name\":\"Home\",\"item\":\"https:\\\/\\\/vivace-ctc.nl\\\/\"},{\"@type\":\"ListItem\",\"position\":2,\"name\":\"Gerda Nobel\"}]},{\"@type\":\"WebSite\",\"@id\":\"https:\\\/\\\/vivace-ctc.nl\\\/#website\",\"url\":\"https:\\\/\\\/vivace-ctc.nl\\\/\",\"name\":\"vivace-ctc\",\"description\":\"Levendig verbinden\",\"potentialAction\":[{\"@type\":\"SearchAction\",\"target\":{\"@type\":\"EntryPoint\",\"urlTemplate\":\"https:\\\/\\\/vivace-ctc.nl\\\/?s={search_term_string}\"},\"query-input\":{\"@type\":\"PropertyValueSpecification\",\"valueRequired\":true,\"valueName\":\"search_term_string\"}}],\"inLanguage\":\"de\"}]}<\/script>\n<!-- \/ Yoast SEO plugin. -->","yoast_head_json":{"title":"Gerda Nobel \u2013 Coach, Supervisor & Procesbegeleider Vivace","description":"Gerda Nobel is coach, supervisor en procesbegeleider bij Vivace. Ervaren in onderwijs, zorg en leiderschap \u2013 actief in heel Nederland.","robots":{"index":"index","follow":"follow","max-snippet":"max-snippet:-1","max-image-preview":"max-image-preview:large","max-video-preview":"max-video-preview:-1"},"canonical":"https:\/\/vivace-ctc.nl\/de\/gerda\/","og_locale":"de_DE","og_type":"article","og_title":"Gerda Nobel \u2013 Coach, Supervisor & Procesbegeleider Vivace","og_description":"Gerda Nobel is coach, supervisor en procesbegeleider bij Vivace. Ervaren in onderwijs, zorg en leiderschap \u2013 actief in heel Nederland.","og_url":"https:\/\/vivace-ctc.nl\/de\/gerda\/","og_site_name":"vivace-ctc","article_modified_time":"2025-10-03T14:18:23+00:00","og_image":[{"width":500,"height":500,"url":"https:\/\/vivace-ctc.nl\/wp-content\/uploads\/2018\/09\/Gerda-Nobel.jpg","type":"image\/jpeg"}],"twitter_card":"summary_large_image","twitter_misc":{"Gesch\u00e4tzte Lesezeit":"2\u00a0Minuten"},"schema":{"@context":"https:\/\/schema.org","@graph":[{"@type":"WebPage","@id":"https:\/\/vivace-ctc.nl\/gerda\/","url":"https:\/\/vivace-ctc.nl\/gerda\/","name":"Gerda Nobel \u2013 Coach, Supervisor & Procesbegeleider Vivace","isPartOf":{"@id":"https:\/\/vivace-ctc.nl\/#website"},"primaryImageOfPage":{"@id":"https:\/\/vivace-ctc.nl\/gerda\/#primaryimage"},"image":{"@id":"https:\/\/vivace-ctc.nl\/gerda\/#primaryimage"},"thumbnailUrl":"https:\/\/vivace-ctc.nl\/wp-content\/uploads\/2018\/09\/Gerda-Nobel-300x300.jpg","datePublished":"2018-09-06T13:21:09+00:00","dateModified":"2025-10-03T14:18:23+00:00","description":"Gerda Nobel is coach, supervisor en procesbegeleider bij Vivace. Ervaren in onderwijs, zorg en leiderschap \u2013 actief in heel Nederland.","breadcrumb":{"@id":"https:\/\/vivace-ctc.nl\/gerda\/#breadcrumb"},"inLanguage":"de","potentialAction":[{"@type":"ReadAction","target":["https:\/\/vivace-ctc.nl\/gerda\/"]}]},{"@type":"ImageObject","inLanguage":"de","@id":"https:\/\/vivace-ctc.nl\/gerda\/#primaryimage","url":"https:\/\/vivace-ctc.nl\/wp-content\/uploads\/2018\/09\/Gerda-Nobel-300x300.jpg","contentUrl":"https:\/\/vivace-ctc.nl\/wp-content\/uploads\/2018\/09\/Gerda-Nobel-300x300.jpg"},{"@type":"BreadcrumbList","@id":"https:\/\/vivace-ctc.nl\/gerda\/#breadcrumb","itemListElement":[{"@type":"ListItem","position":1,"name":"Home","item":"https:\/\/vivace-ctc.nl\/"},{"@type":"ListItem","position":2,"name":"Gerda Nobel"}]},{"@type":"WebSite","@id":"https:\/\/vivace-ctc.nl\/#website","url":"https:\/\/vivace-ctc.nl\/","name":"vivace-ctc","description":"Lebendige Verbindung","potentialAction":[{"@type":"SearchAction","target":{"@type":"EntryPoint","urlTemplate":"https:\/\/vivace-ctc.nl\/?s={search_term_string}"},"query-input":{"@type":"PropertyValueSpecification","valueRequired":true,"valueName":"search_term_string"}}],"inLanguage":"de"}]}},"_links":{"self":[{"href":"https:\/\/vivace-ctc.nl\/de\/wp-json\/wp\/v2\/pages\/124","targetHints":{"allow":["GET"]}}],"collection":[{"href":"https:\/\/vivace-ctc.nl\/de\/wp-json\/wp\/v2\/pages"}],"about":[{"href":"https:\/\/vivace-ctc.nl\/de\/wp-json\/wp\/v2\/types\/page"}],"author":[{"embeddable":true,"href":"https:\/\/vivace-ctc.nl\/de\/wp-json\/wp\/v2\/users\/1"}],"replies":[{"embeddable":true,"href":"https:\/\/vivace-ctc.nl\/de\/wp-json\/wp\/v2\/comments?post=124"}],"version-history":[{"count":11,"href":"https:\/\/vivace-ctc.nl\/de\/wp-json\/wp\/v2\/pages\/124\/revisions"}],"predecessor-version":[{"id":914,"href":"https:\/\/vivace-ctc.nl\/de\/wp-json\/wp\/v2\/pages\/124\/revisions\/914"}],"wp:attachment":[{"href":"https:\/\/vivace-ctc.nl\/de\/wp-json\/wp\/v2\/media?parent=124"}],"curies":[{"name":"wp","href":"https:\/\/api.w.org\/{rel}","templated":true}]}}