{"id":128,"date":"2018-09-06T13:21:46","date_gmt":"2018-09-06T13:21:46","guid":{"rendered":"https:\/\/vivace-ctc.nl\/?page_id=128"},"modified":"2025-10-03T14:20:09","modified_gmt":"2025-10-03T14:20:09","slug":"coaching","status":"publish","type":"page","link":"https:\/\/vivace-ctc.nl\/de\/coaching\/","title":{"rendered":"Coaching"},"content":{"rendered":"<div class=\"wpb-content-wrapper\"><div class=\"vc_row wpb_row vc_row-fluid\"><div class=\"wpb_column vc_column_container vc_col-sm-12\"><div class=\"vc_column-inner\"><div class=\"wpb_wrapper\">\n\t<div class=\"wpb_text_column wpb_content_element\" >\n\t\t<div class=\"wpb_wrapper\">\n\t\t\t<h1>Coaching<\/h1>\n\n\t\t<\/div>\n\t<\/div>\n<\/div><\/div><\/div><\/div><div class=\"vc_row wpb_row vc_row-fluid\"><div class=\"wpb_column vc_column_container vc_col-sm-12\"><div class=\"vc_column-inner\"><div class=\"wpb_wrapper\">\n\t<div class=\"wpb_text_column wpb_content_element\" >\n\t\t<div class=\"wpb_wrapper\">\n\t\t\t<h1>Coaching, Supervision und Beratung bei Vivace<\/h1>\n<p>Die Arbeit in einer Organisation oder Institution ist oft aufregend und herausfordernd, aber manchmal auch anspruchsvoll und hart. Vielleicht erkennen Sie sich in einer dieser Situationen wieder:<\/p>\n<ul>\n<li>All diese Treffen nehmen meine ganze Zeit in Anspruch....<\/li>\n<li>Die Arbeit nimmt mich ganz in Beschlag!<\/li>\n<li>Ich habe das Gef\u00fchl, ich stecke fest...<\/li>\n<li>Jetzt, wo ich diese Position habe, sehen mich die Kollegen anders....<\/li>\n<li>Ich laufe schon seit Ewigkeiten gestresst herum...<\/li>\n<li>Ich leite zum ersten Mal ein Projekt...<\/li>\n<li>Warum l\u00e4uft diese Zusammenarbeit nicht gut?<\/li>\n<li>Vielleicht ist es Zeit f\u00fcr einen neuen Job...<\/li>\n<li>Ich habe gerade erst angefangen, hier zu arbeiten...<\/li>\n<li>Wie kann ich meinen Mitarbeitern mehr Verantwortung \u00fcbertragen?<\/li>\n<li>Die Zeiten \u00e4ndern sich: Wie bringe ich mein Team ins Boot?<\/li>\n<\/ul>\n<p>Wenn Sie sich in einer dieser Aussagen wiedererkennen, k\u00f6nnte es sinnvoll sein, \u00fcber Ihre eigene Arbeitsweise nachzudenken. Vivace bietet <strong>Coaching, Supervision und Beratung<\/strong> f\u00fcr Fach- und F\u00fchrungskr\u00e4fte in Amsterdam, in der Region Randstad und in den gesamten Niederlanden.<\/p>\n<h2>Formen der Beratung<\/h2>\n<h3>Coaching<\/h3>\n<p>Der Schwerpunkt liegt hier auf der Ausf\u00fchrung der Arbeit, wie es die Organisation beabsichtigt. Der Kunde bringt seine eigenen Arbeitsfragen ein. Vivace bietet auch Gruppencoaching an (maximal drei Personen).<\/p>\n<h3>Beaufsichtigung<\/h3>\n<p>Der Mensch steht bei der Arbeit im Mittelpunkt. Der Klient lernt sich selbst in seiner eigenen Arbeitssituation kennen und bringt seine eigenen Lernfragen ein. Die Reflexion ist hier die wichtigste Methode.<\/p>\n<h3>Beratung<\/h3>\n<p>Der Kunde selbst steht im Mittelpunkt. Ausgangspunkt ist die Wahrnehmung von Emotionen, die Verarbeitung von Erfahrungen und die Suche nach neuem Gleichgewicht und Sinn. Der Klient bestimmt das Tempo und den Input.<\/p>\n<h2>Was k\u00f6nnen Sie erwarten?<\/h2>\n<p>Je nach Art des gew\u00e4hlten Coachings kann der Coach:<\/p>\n<ul>\n<li>Fragen zu Gedanken, Gef\u00fchlen und Handlungen<\/li>\n<li>Ratschl\u00e4ge und Vorschl\u00e4ge geben<\/li>\n<li>verbinden und konfrontieren<\/li>\n<li>Feedback geben und zum Nachdenken anregen<\/li>\n<li>Ziele \u00fcberwachen<\/li>\n<li>praktische Aufgaben oder Literatur weitergeben<\/li>\n<li>Formen der Arbeit vorschlagen<\/li>\n<li>in der Arbeitssituation beobachten oder Coaching am Arbeitsplatz anbieten<\/li>\n<\/ul>\n<h2>Methodik<\/h2>\n<p>In einem Sondierungsgespr\u00e4ch erkunden wir die Fragen des Kunden und \u00fcberlegen gemeinsam mit ihm, welche Form der Beratung angemessen ist. Manchmal wird auch eine Kombination gew\u00e4hlt. Auf dieser Grundlage werden die Lernziele und Ergebnisse festgelegt. Ein Gespr\u00e4ch dauert im Durchschnitt 75 Minuten, in der Regel einmal alle 14 Tage. Viele Prozesse umfassen f\u00fcnf Sitzungen, gefolgt von einer schriftlichen Auswertung und einer abschlie\u00dfenden Sitzung.<\/p>\n<h2>\u00dcber den Betreuer<\/h2>\n<p><strong>Gerda Nobel<\/strong> ist ein registrierter Betreuer bei der <strong>LVSB (Landesverband f\u00fcr Supervision und andere Formen der Beratung)<\/strong>. Durch ihre umfassende Erfahrung in den Bereichen Beratung, Coaching und Organisationsentwicklung bringt sie eine reichhaltige Kombination aus Fachwissen und Lebenserfahrung mit auf jede Reise.<\/p>\n\n\t\t<\/div>\n\t<\/div>\n<\/div><\/div><\/div><\/div>\n<\/div>","protected":false},"excerpt":{"rendered":"<p>Coaching, Supervision und Beratung bei Vivace Die Arbeit in einer Organisation oder Institution ist oft aufregend und herausfordernd, manchmal aber auch anspruchsvoll und fordernd. Vielleicht erkennen Sie sich in einer dieser Situationen wieder: All diese Meetings nehmen meine ganze Zeit in Anspruch... Die Arbeit nimmt meine ganze Zeit in Anspruch! Ich habe das Gef\u00fchl, dass ich feststecke......<\/p>","protected":false},"author":1,"featured_media":0,"parent":0,"menu_order":0,"comment_status":"closed","ping_status":"closed","template":"","meta":{"footnotes":""},"class_list":["post-128","page","type-page","status-publish","hentry","description-off"],"yoast_head":"<!-- This site is optimized with the Yoast SEO plugin v27.3 - https:\/\/yoast.com\/product\/yoast-seo-wordpress\/ -->\n<title>Coaching, Supervisie en Counseling bij Vivace<\/title>\n<meta name=\"description\" content=\"Vivace biedt coaching, supervisie en counseling voor professionals en leidinggevenden. Praktisch, reflectief en gericht op groei in werk en organisatie.\" \/>\n<meta name=\"robots\" content=\"index, follow, max-snippet:-1, max-image-preview:large, max-video-preview:-1\" \/>\n<link rel=\"canonical\" href=\"https:\/\/vivace-ctc.nl\/de\/coaching\/\" \/>\n<meta property=\"og:locale\" content=\"de_DE\" \/>\n<meta property=\"og:type\" content=\"article\" \/>\n<meta property=\"og:title\" content=\"Coaching, Supervisie en Counseling bij Vivace\" \/>\n<meta property=\"og:description\" content=\"Vivace biedt coaching, supervisie en counseling voor professionals en leidinggevenden. Praktisch, reflectief en gericht op groei in werk en organisatie.\" \/>\n<meta property=\"og:url\" content=\"https:\/\/vivace-ctc.nl\/de\/coaching\/\" \/>\n<meta property=\"og:site_name\" content=\"vivace-ctc\" \/>\n<meta property=\"article:modified_time\" content=\"2025-10-03T14:20:09+00:00\" \/>\n<meta name=\"twitter:card\" content=\"summary_large_image\" \/>\n<meta name=\"twitter:label1\" content=\"Gesch\u00e4tzte Lesezeit\" \/>\n\t<meta name=\"twitter:data1\" content=\"2\u00a0Minuten\" \/>\n<script type=\"application\/ld+json\" class=\"yoast-schema-graph\">{\"@context\":\"https:\\\/\\\/schema.org\",\"@graph\":[{\"@type\":\"WebPage\",\"@id\":\"https:\\\/\\\/vivace-ctc.nl\\\/coaching\\\/\",\"url\":\"https:\\\/\\\/vivace-ctc.nl\\\/coaching\\\/\",\"name\":\"Coaching, Supervisie en Counseling bij Vivace\",\"isPartOf\":{\"@id\":\"https:\\\/\\\/vivace-ctc.nl\\\/#website\"},\"datePublished\":\"2018-09-06T13:21:46+00:00\",\"dateModified\":\"2025-10-03T14:20:09+00:00\",\"description\":\"Vivace biedt coaching, supervisie en counseling voor professionals en leidinggevenden. Praktisch, reflectief en gericht op groei in werk en organisatie.\",\"breadcrumb\":{\"@id\":\"https:\\\/\\\/vivace-ctc.nl\\\/coaching\\\/#breadcrumb\"},\"inLanguage\":\"de\",\"potentialAction\":[{\"@type\":\"ReadAction\",\"target\":[\"https:\\\/\\\/vivace-ctc.nl\\\/coaching\\\/\"]}]},{\"@type\":\"BreadcrumbList\",\"@id\":\"https:\\\/\\\/vivace-ctc.nl\\\/coaching\\\/#breadcrumb\",\"itemListElement\":[{\"@type\":\"ListItem\",\"position\":1,\"name\":\"Home\",\"item\":\"https:\\\/\\\/vivace-ctc.nl\\\/\"},{\"@type\":\"ListItem\",\"position\":2,\"name\":\"Coaching\"}]},{\"@type\":\"WebSite\",\"@id\":\"https:\\\/\\\/vivace-ctc.nl\\\/#website\",\"url\":\"https:\\\/\\\/vivace-ctc.nl\\\/\",\"name\":\"vivace-ctc\",\"description\":\"Levendig verbinden\",\"potentialAction\":[{\"@type\":\"SearchAction\",\"target\":{\"@type\":\"EntryPoint\",\"urlTemplate\":\"https:\\\/\\\/vivace-ctc.nl\\\/?s={search_term_string}\"},\"query-input\":{\"@type\":\"PropertyValueSpecification\",\"valueRequired\":true,\"valueName\":\"search_term_string\"}}],\"inLanguage\":\"de\"}]}<\/script>\n<!-- \/ Yoast SEO plugin. -->","yoast_head_json":{"title":"Coaching, Supervision und Beratung bei Vivace","description":"Vivace bietet Coaching, Supervision und Beratung f\u00fcr Fach- und F\u00fchrungskr\u00e4fte. Praktisch, reflektierend und auf Wachstum in Arbeit und Organisation ausgerichtet.","robots":{"index":"index","follow":"follow","max-snippet":"max-snippet:-1","max-image-preview":"max-image-preview:large","max-video-preview":"max-video-preview:-1"},"canonical":"https:\/\/vivace-ctc.nl\/de\/coaching\/","og_locale":"de_DE","og_type":"article","og_title":"Coaching, Supervisie en Counseling bij Vivace","og_description":"Vivace biedt coaching, supervisie en counseling voor professionals en leidinggevenden. Praktisch, reflectief en gericht op groei in werk en organisatie.","og_url":"https:\/\/vivace-ctc.nl\/de\/coaching\/","og_site_name":"vivace-ctc","article_modified_time":"2025-10-03T14:20:09+00:00","twitter_card":"summary_large_image","twitter_misc":{"Gesch\u00e4tzte Lesezeit":"2\u00a0Minuten"},"schema":{"@context":"https:\/\/schema.org","@graph":[{"@type":"WebPage","@id":"https:\/\/vivace-ctc.nl\/coaching\/","url":"https:\/\/vivace-ctc.nl\/coaching\/","name":"Coaching, Supervision und Beratung bei Vivace","isPartOf":{"@id":"https:\/\/vivace-ctc.nl\/#website"},"datePublished":"2018-09-06T13:21:46+00:00","dateModified":"2025-10-03T14:20:09+00:00","description":"Vivace bietet Coaching, Supervision und Beratung f\u00fcr Fach- und F\u00fchrungskr\u00e4fte. Praktisch, reflektierend und auf Wachstum in Arbeit und Organisation ausgerichtet.","breadcrumb":{"@id":"https:\/\/vivace-ctc.nl\/coaching\/#breadcrumb"},"inLanguage":"de","potentialAction":[{"@type":"ReadAction","target":["https:\/\/vivace-ctc.nl\/coaching\/"]}]},{"@type":"BreadcrumbList","@id":"https:\/\/vivace-ctc.nl\/coaching\/#breadcrumb","itemListElement":[{"@type":"ListItem","position":1,"name":"Home","item":"https:\/\/vivace-ctc.nl\/"},{"@type":"ListItem","position":2,"name":"Coaching"}]},{"@type":"WebSite","@id":"https:\/\/vivace-ctc.nl\/#website","url":"https:\/\/vivace-ctc.nl\/","name":"vivace-ctc","description":"Lebendige Verbindung","potentialAction":[{"@type":"SearchAction","target":{"@type":"EntryPoint","urlTemplate":"https:\/\/vivace-ctc.nl\/?s={search_term_string}"},"query-input":{"@type":"PropertyValueSpecification","valueRequired":true,"valueName":"search_term_string"}}],"inLanguage":"de"}]}},"_links":{"self":[{"href":"https:\/\/vivace-ctc.nl\/de\/wp-json\/wp\/v2\/pages\/128","targetHints":{"allow":["GET"]}}],"collection":[{"href":"https:\/\/vivace-ctc.nl\/de\/wp-json\/wp\/v2\/pages"}],"about":[{"href":"https:\/\/vivace-ctc.nl\/de\/wp-json\/wp\/v2\/types\/page"}],"author":[{"embeddable":true,"href":"https:\/\/vivace-ctc.nl\/de\/wp-json\/wp\/v2\/users\/1"}],"replies":[{"embeddable":true,"href":"https:\/\/vivace-ctc.nl\/de\/wp-json\/wp\/v2\/comments?post=128"}],"version-history":[{"count":7,"href":"https:\/\/vivace-ctc.nl\/de\/wp-json\/wp\/v2\/pages\/128\/revisions"}],"predecessor-version":[{"id":913,"href":"https:\/\/vivace-ctc.nl\/de\/wp-json\/wp\/v2\/pages\/128\/revisions\/913"}],"wp:attachment":[{"href":"https:\/\/vivace-ctc.nl\/de\/wp-json\/wp\/v2\/media?parent=128"}],"curies":[{"name":"wp","href":"https:\/\/api.w.org\/{rel}","templated":true}]}}