{"id":139,"date":"2018-09-06T13:40:46","date_gmt":"2018-09-06T13:40:46","guid":{"rendered":"https:\/\/vivace-ctc.nl\/?page_id=139"},"modified":"2025-09-26T20:31:07","modified_gmt":"2025-09-26T20:31:07","slug":"disclaimer","status":"publish","type":"page","link":"https:\/\/vivace-ctc.nl\/de\/disclaimer\/","title":{"rendered":"Haftungsausschluss"},"content":{"rendered":"<div class=\"wpb-content-wrapper\"><div class=\"vc_row wpb_row vc_row-fluid\"><div class=\"wpb_column vc_column_container vc_col-sm-12\"><div class=\"vc_column-inner\"><div class=\"wpb_wrapper\">\n\t<div class=\"wpb_text_column wpb_content_element\" >\n\t\t<div class=\"wpb_wrapper\">\n\t\t\t<div class=\"disclaimer-trainingen\">\n<h2>Haftungsausschluss Corporate Training<\/h2>\n<p>Die folgenden Bestimmungen gelten f\u00fcr die Nutzung von und die Teilnahme an unseren Firmenschulungen.<br \/>\nDurch Ihre Teilnahme erkl\u00e4ren Sie, dass Sie diese Bedingungen und Einschr\u00e4nkungen verstehen und akzeptieren.<\/p>\n<ol>\n<li><strong>Zweck und professionelle Beratung<\/strong><br \/>\nUnsere Unternehmenstrainingsprogramme dienen nur zu Bildungs- und Informationszwecken. Sie bieten keine individuelle oder spezifische professionelle Beratung und garantieren keine bestimmten Ergebnisse oder Erfolge bei Ihren gesch\u00e4ftlichen Aktivit\u00e4ten. Wir raten Ihnen immer, unabh\u00e4ngigen professionellen Rat einzuholen, bevor Sie wichtige gesch\u00e4ftliche Entscheidungen treffen.<\/li>\n<li><strong>Pflicht zur Anstrengung und keine Garantie<\/strong><br \/>\nWir bieten unsere Trainingskurse nach bestem Wissen und Gewissen an. Unser Engagement ist jedoch lediglich eine Verpflichtung zur Anstrengung und keine Verpflichtung, ein Ergebnis zu erzielen. Aus dem Erreichen bestimmter Ziele, Ergebnisse oder Verbesserungen k\u00f6nnen daher keine Rechte abgeleitet werden.<\/li>\n<li><strong>Keine Haftung<\/strong><br \/>\nWir bem\u00fchen uns, in unseren Schulungen genaue und aktuelle Informationen zu geben. Dennoch k\u00f6nnen wir nicht garantieren, dass alle Informationen vollst\u00e4ndig, richtig und aktuell sind. Wir \u00fcbernehmen keine Haftung f\u00fcr direkte oder indirekte Sch\u00e4den, Folgesch\u00e4den, Gewinneinbu\u00dfen oder Datenverluste, die sich aus dem Vertrauen auf die w\u00e4hrend unserer Schulungen bereitgestellten Informationen ergeben. Wenn und soweit wir uns als haftbar erweisen, ist unsere Haftung auf den Betrag beschr\u00e4nkt, den unsere Haftpflichtversicherung in dem betreffenden Fall auszahlt. Wenn die Versicherung keine Deckung bietet, ist die Haftung auf den Betrag begrenzt, den der Teilnehmer f\u00fcr den betreffenden Schulungskurs bezahlt hat.<\/li>\n<li><strong>Unabh\u00e4ngigkeit der Teilnehmer<\/strong><br \/>\nUnsere Schulungskurse k\u00f6nnen Meinungen, Vorschl\u00e4ge oder Empfehlungen enthalten. Diese spiegeln nicht unbedingt die Ansichten unseres Unternehmens wider. Den Teilnehmern wird dringend empfohlen, ihre eigene Due-Diligence-Pr\u00fcfung durchzuf\u00fchren und unabh\u00e4ngige Entscheidungen auf der Grundlage ihrer eigenen Einsch\u00e4tzung zu treffen.<\/li>\n<li><strong>Geistiges Eigentum<\/strong><br \/>\nAlle geistigen Eigentumsrechte in Bezug auf unsere Schulungskurse und Materialien (einschlie\u00dflich, aber nicht beschr\u00e4nkt auf Urheberrechte, Marken und Gesch\u00e4ftsgeheimnisse) bleiben Eigentum unseres Unternehmens. Die Vervielf\u00e4ltigung, der Vertrieb, die Anpassung, der Verkauf oder die kommerzielle Nutzung des Materials, ganz oder teilweise, ist ohne unsere ausdr\u00fcckliche schriftliche Zustimmung nicht gestattet. Die Nutzung der Materialien ist nur f\u00fcr den pers\u00f6nlichen Gebrauch oder den internen Gebrauch innerhalb der eigenen Organisation des Teilnehmers gestattet.<\/li>\n<li><strong>Externe Quellen<\/strong><br \/>\nUnsere Schulungskurse k\u00f6nnen Verweise oder Links zu externen Websites, Ressourcen oder Informationen enthalten. Wir haben keine Kontrolle \u00fcber den Inhalt dieser externen Quellen und \u00fcbernehmen keine Verantwortung oder Haftung f\u00fcr deren Richtigkeit, Aktualit\u00e4t, Relevanz oder Vollst\u00e4ndigkeit.<\/li>\n<li><strong>\u00c4nderungen<\/strong><br \/>\nWir behalten uns das Recht vor, den Inhalt unserer Schulungskurse und diesen Haftungsausschluss jederzeit zu \u00e4ndern oder zu erg\u00e4nzen. Alle \u00c4nderungen gelten ab dem Zeitpunkt der Ver\u00f6ffentlichung oder Benachrichtigung.<\/li>\n<li><strong>Anwendbares Recht und zust\u00e4ndiges Gericht<\/strong><br \/>\nDieser Haftungsausschluss und die Nutzung unserer Schulungskurse unterliegen ausschlie\u00dflich dem niederl\u00e4ndischen Recht. F\u00fcr Streitigkeiten, die sich aus den Schulungskursen ergeben oder mit ihnen in Zusammenhang stehen, ist ausschlie\u00dflich das Gericht des Bezirks zust\u00e4ndig, in dem unser Unternehmen seinen Sitz hat.<\/li>\n<\/ol>\n<p>Durch die Nutzung unserer Firmenschulungen erkl\u00e4ren Sie sich mit diesem Haftungsausschluss einverstanden. Wenn Sie mit diesem Haftungsausschluss (oder einem Teil davon) nicht einverstanden sind, nutzen Sie unsere Schulungskurse bitte nicht.<\/p>\n<\/div>\n\n\t\t<\/div>\n\t<\/div>\n<\/div><\/div><\/div><\/div>\n<\/div>","protected":false},"excerpt":{"rendered":"<p>Disclaimer bedrijfstrainingen De onderstaande bepalingen zijn van toepassing op het gebruik van en de deelname aan onze bedrijfstrainingen. Door deel te nemen stemt u ermee in dat u deze voorwaarden en beperkingen begrijpt en accepteert. Doel en professioneel advies Onze bedrijfstrainingen zijn uitsluitend bedoeld voor educatieve en informatieve doeleinden. Zij bieden geen individueel of specifiek&hellip;<\/p>","protected":false},"author":1,"featured_media":0,"parent":0,"menu_order":0,"comment_status":"closed","ping_status":"closed","template":"","meta":{"footnotes":""},"class_list":["post-139","page","type-page","status-publish","hentry","description-off"],"yoast_head":"<!-- This site is optimized with the Yoast SEO plugin v27.5 - https:\/\/yoast.com\/product\/yoast-seo-wordpress\/ -->\n<title>Disclaimer - vivace-ctc<\/title>\n<meta name=\"description\" content=\"&quot;Disclaimer: De onderstaande tekst dient ter algemene informatie en begeleiding bij het gebruik van onze bedrijfstrainingen. Door deel te nemen aan en gebruik te maken van onze trainingen stemt u ermee in dat u de volgende voorwaarden en beperkingen begrijpt en accepteert.\" \/>\n<meta name=\"robots\" content=\"index, follow, max-snippet:-1, max-image-preview:large, max-video-preview:-1\" \/>\n<link rel=\"canonical\" href=\"https:\/\/vivace-ctc.nl\/de\/disclaimer\/\" \/>\n<meta property=\"og:locale\" content=\"de_DE\" \/>\n<meta property=\"og:type\" content=\"article\" \/>\n<meta property=\"og:title\" content=\"Disclaimer - vivace-ctc\" \/>\n<meta property=\"og:description\" content=\"&quot;Disclaimer: De onderstaande tekst dient ter algemene informatie en begeleiding bij het gebruik van onze bedrijfstrainingen. Door deel te nemen aan en gebruik te maken van onze trainingen stemt u ermee in dat u de volgende voorwaarden en beperkingen begrijpt en accepteert.\" \/>\n<meta property=\"og:url\" content=\"https:\/\/vivace-ctc.nl\/de\/disclaimer\/\" \/>\n<meta property=\"og:site_name\" content=\"vivace-ctc\" \/>\n<meta property=\"article:modified_time\" content=\"2025-09-26T20:31:07+00:00\" \/>\n<meta name=\"twitter:card\" content=\"summary_large_image\" \/>\n<meta name=\"twitter:label1\" content=\"Gesch\u00e4tzte Lesezeit\" \/>\n\t<meta name=\"twitter:data1\" content=\"2\u00a0Minuten\" \/>\n<script type=\"application\/ld+json\" class=\"yoast-schema-graph\">{\"@context\":\"https:\\\/\\\/schema.org\",\"@graph\":[{\"@type\":\"WebPage\",\"@id\":\"https:\\\/\\\/vivace-ctc.nl\\\/disclaimer\\\/\",\"url\":\"https:\\\/\\\/vivace-ctc.nl\\\/disclaimer\\\/\",\"name\":\"Disclaimer - vivace-ctc\",\"isPartOf\":{\"@id\":\"https:\\\/\\\/vivace-ctc.nl\\\/#website\"},\"datePublished\":\"2018-09-06T13:40:46+00:00\",\"dateModified\":\"2025-09-26T20:31:07+00:00\",\"description\":\"\\\"Disclaimer: De onderstaande tekst dient ter algemene informatie en begeleiding bij het gebruik van onze bedrijfstrainingen. Door deel te nemen aan en gebruik te maken van onze trainingen stemt u ermee in dat u de volgende voorwaarden en beperkingen begrijpt en accepteert.\",\"breadcrumb\":{\"@id\":\"https:\\\/\\\/vivace-ctc.nl\\\/disclaimer\\\/#breadcrumb\"},\"inLanguage\":\"de\",\"potentialAction\":[{\"@type\":\"ReadAction\",\"target\":[\"https:\\\/\\\/vivace-ctc.nl\\\/disclaimer\\\/\"]}]},{\"@type\":\"BreadcrumbList\",\"@id\":\"https:\\\/\\\/vivace-ctc.nl\\\/disclaimer\\\/#breadcrumb\",\"itemListElement\":[{\"@type\":\"ListItem\",\"position\":1,\"name\":\"Home\",\"item\":\"https:\\\/\\\/vivace-ctc.nl\\\/\"},{\"@type\":\"ListItem\",\"position\":2,\"name\":\"Disclaimer\"}]},{\"@type\":\"WebSite\",\"@id\":\"https:\\\/\\\/vivace-ctc.nl\\\/#website\",\"url\":\"https:\\\/\\\/vivace-ctc.nl\\\/\",\"name\":\"vivace-ctc\",\"description\":\"Levendig verbinden\",\"potentialAction\":[{\"@type\":\"SearchAction\",\"target\":{\"@type\":\"EntryPoint\",\"urlTemplate\":\"https:\\\/\\\/vivace-ctc.nl\\\/?s={search_term_string}\"},\"query-input\":{\"@type\":\"PropertyValueSpecification\",\"valueRequired\":true,\"valueName\":\"search_term_string\"}}],\"inLanguage\":\"de\"}]}<\/script>\n<!-- \/ Yoast SEO plugin. -->","yoast_head_json":{"title":"Haftungsausschluss - vivace-ctc","description":"\"Haftungsausschluss: Der nachfolgende Text dient der allgemeinen Information und Orientierung \u00fcber die Nutzung unserer Firmenschulungen. Durch die Teilnahme an und die Nutzung unserer Schulungskurse erkl\u00e4ren Sie, dass Sie die folgenden Bedingungen und Einschr\u00e4nkungen verstehen und akzeptieren.","robots":{"index":"index","follow":"follow","max-snippet":"max-snippet:-1","max-image-preview":"max-image-preview:large","max-video-preview":"max-video-preview:-1"},"canonical":"https:\/\/vivace-ctc.nl\/de\/disclaimer\/","og_locale":"de_DE","og_type":"article","og_title":"Disclaimer - vivace-ctc","og_description":"\"Disclaimer: De onderstaande tekst dient ter algemene informatie en begeleiding bij het gebruik van onze bedrijfstrainingen. Door deel te nemen aan en gebruik te maken van onze trainingen stemt u ermee in dat u de volgende voorwaarden en beperkingen begrijpt en accepteert.","og_url":"https:\/\/vivace-ctc.nl\/de\/disclaimer\/","og_site_name":"vivace-ctc","article_modified_time":"2025-09-26T20:31:07+00:00","twitter_card":"summary_large_image","twitter_misc":{"Gesch\u00e4tzte Lesezeit":"2\u00a0Minuten"},"schema":{"@context":"https:\/\/schema.org","@graph":[{"@type":"WebPage","@id":"https:\/\/vivace-ctc.nl\/disclaimer\/","url":"https:\/\/vivace-ctc.nl\/disclaimer\/","name":"Haftungsausschluss - vivace-ctc","isPartOf":{"@id":"https:\/\/vivace-ctc.nl\/#website"},"datePublished":"2018-09-06T13:40:46+00:00","dateModified":"2025-09-26T20:31:07+00:00","description":"\"Haftungsausschluss: Der nachfolgende Text dient der allgemeinen Information und Orientierung \u00fcber die Nutzung unserer Firmenschulungen. Durch die Teilnahme an und die Nutzung unserer Schulungskurse erkl\u00e4ren Sie, dass Sie die folgenden Bedingungen und Einschr\u00e4nkungen verstehen und akzeptieren.","breadcrumb":{"@id":"https:\/\/vivace-ctc.nl\/disclaimer\/#breadcrumb"},"inLanguage":"de","potentialAction":[{"@type":"ReadAction","target":["https:\/\/vivace-ctc.nl\/disclaimer\/"]}]},{"@type":"BreadcrumbList","@id":"https:\/\/vivace-ctc.nl\/disclaimer\/#breadcrumb","itemListElement":[{"@type":"ListItem","position":1,"name":"Home","item":"https:\/\/vivace-ctc.nl\/"},{"@type":"ListItem","position":2,"name":"Disclaimer"}]},{"@type":"WebSite","@id":"https:\/\/vivace-ctc.nl\/#website","url":"https:\/\/vivace-ctc.nl\/","name":"vivace-ctc","description":"Lebendige Verbindung","potentialAction":[{"@type":"SearchAction","target":{"@type":"EntryPoint","urlTemplate":"https:\/\/vivace-ctc.nl\/?s={search_term_string}"},"query-input":{"@type":"PropertyValueSpecification","valueRequired":true,"valueName":"search_term_string"}}],"inLanguage":"de"}]}},"_links":{"self":[{"href":"https:\/\/vivace-ctc.nl\/de\/wp-json\/wp\/v2\/pages\/139","targetHints":{"allow":["GET"]}}],"collection":[{"href":"https:\/\/vivace-ctc.nl\/de\/wp-json\/wp\/v2\/pages"}],"about":[{"href":"https:\/\/vivace-ctc.nl\/de\/wp-json\/wp\/v2\/types\/page"}],"author":[{"embeddable":true,"href":"https:\/\/vivace-ctc.nl\/de\/wp-json\/wp\/v2\/users\/1"}],"replies":[{"embeddable":true,"href":"https:\/\/vivace-ctc.nl\/de\/wp-json\/wp\/v2\/comments?post=139"}],"version-history":[{"count":5,"href":"https:\/\/vivace-ctc.nl\/de\/wp-json\/wp\/v2\/pages\/139\/revisions"}],"predecessor-version":[{"id":901,"href":"https:\/\/vivace-ctc.nl\/de\/wp-json\/wp\/v2\/pages\/139\/revisions\/901"}],"wp:attachment":[{"href":"https:\/\/vivace-ctc.nl\/de\/wp-json\/wp\/v2\/media?parent=139"}],"curies":[{"name":"wp","href":"https:\/\/api.w.org\/{rel}","templated":true}]}}