{"id":386,"date":"2018-09-09T14:38:40","date_gmt":"2018-09-09T14:38:40","guid":{"rendered":"https:\/\/vivace-ctc.nl\/?page_id=386"},"modified":"2025-10-03T14:08:08","modified_gmt":"2025-10-03T14:08:08","slug":"de-visie-van-vivace","status":"publish","type":"page","link":"https:\/\/vivace-ctc.nl\/de\/de-visie-van-vivace\/","title":{"rendered":"Die Vision von Vivace"},"content":{"rendered":"<div class=\"wpb-content-wrapper\"><div class=\"vc_row wpb_row vc_row-fluid\"><div class=\"wpb_column vc_column_container vc_col-sm-12\"><div class=\"vc_column-inner\"><div class=\"wpb_wrapper\">\n\t<div class=\"wpb_text_column wpb_content_element\" >\n\t\t<div class=\"wpb_wrapper\">\n\t\t\t<h1>Die Vision von Vivace<\/h1>\n\n\t\t<\/div>\n\t<\/div>\n<\/div><\/div><\/div><\/div><div class=\"vc_row wpb_row vc_row-fluid\"><div class=\"wpb_column vc_column_container vc_col-sm-12\"><div class=\"vc_column-inner\"><div class=\"wpb_wrapper\">\n\t<div class=\"wpb_text_column wpb_content_element\" >\n\t\t<div class=\"wpb_wrapper\">\n\t\t\t<h2>Deshalb ist Vivace!<\/h2>\n<p>Gesunde Organisationen sind st\u00e4ndig im Wandel. Diese Dynamik schafft Herausforderungen und Chancen, wirft aber auch Fragen auf. Jede Ver\u00e4nderung stellt neue Anforderungen an Manager, Teams und Mitarbeiter und erfordert Anpassung und Entwicklung. Um Sie dabei zu unterst\u00fctzen, bietet Vivace professionelle Beratung in <strong>Organisationsentwicklung, F\u00fchrungscoaching und Teamcoaching<\/strong> - in Amsterdam, der Randstad und in den gesamten Niederlanden.<\/p>\n<h2>Vivace steht f\u00fcr Flei\u00df<\/h2>\n<p>Vor dem Start eines jeden Programms bringt Vivace sorgf\u00e4ltig Angebot und Nachfrage zusammen. In einem oder mehreren Aufnahmegespr\u00e4chen mit dem Kunden - und auf Wunsch auch mit den Mitarbeitern - werden W\u00fcnsche, Bed\u00fcrfnisse und M\u00f6glichkeiten ermittelt. Auf dieser Grundlage wird ein <strong>ma\u00dfgeschneidertes Angebot<\/strong> die zur Organisation und ihren Zielen passt.<\/p>\n<h2>Vivace steht f\u00fcr Aktion<\/h2>\n<p>Vivace ermutigt Organisationen, den Wandel aktiv und effektiv umzusetzen. Indem wir Arbeitsprobleme untersuchen, hinterfragen, herausfordern und beraten, werden Manager und Teams ermutigt, selbst Antworten zu finden. Eine breite Mischung aus <strong>interaktive Formate<\/strong> garantiert einen lebendigen Kurs, der stets auf die Lernstile der Teilnehmer und die Ziele des Unternehmens abgestimmt ist.<\/p>\n<h2>Vivace steht f\u00fcr Reflexion<\/h2>\n<p>Menschen verf\u00fcgen oft \u00fcber mehr Kompetenzen, als ihnen bewusst ist. Vivace hilft, diese Qualit\u00e4ten sichtbar zu machen, sie weiterzuentwickeln und zu nutzen. Diese Reflexion st\u00e4rkt <strong>Selbstvertrauen, Energie und F\u00fchrungsst\u00e4rke<\/strong>Damit lassen sich pers\u00f6nliche und organisatorische Ziele schneller erreichen.<\/p>\n<h2>Vivace steht f\u00fcr Bewegung<\/h2>\n<p>Ver\u00e4nderungen in Organisationen setzen Kommunikation und Zusammenarbeit oft unter Druck. Vivace nimmt jedes Problem ernst und bringt die Menschen mit Perspektive und Humor wieder in Bewegung. So entstehen nachhaltige Verbesserungen, die zu gesunden Teams und besseren Gesch\u00e4ftsergebnissen beitragen.<\/p>\n\n\t\t<\/div>\n\t<\/div>\n<\/div><\/div><\/div><\/div>\n<\/div>","protected":false},"excerpt":{"rendered":"<p>De visie van Vivace Daarom Vivace! Gezonde organisaties veranderen voortdurend. Deze dynamiek zorgt voor uitdagingen en kansen, maar roept ook vragen op. Elke verandering stelt nieuwe eisen aan leidinggevenden, teams en medewerkers en vraagt om aanpassing en ontwikkeling. Om daarbij te ondersteunen biedt Vivace professionele begeleiding in organisatieontwikkeling, leiderschapscoaching en teamcoaching \u2013 in Amsterdam, de&hellip;<\/p>","protected":false},"author":4,"featured_media":0,"parent":0,"menu_order":0,"comment_status":"closed","ping_status":"closed","template":"","meta":{"footnotes":""},"class_list":["post-386","page","type-page","status-publish","hentry","description-off"],"yoast_head":"<!-- This site is optimized with the Yoast SEO plugin v27.5 - https:\/\/yoast.com\/product\/yoast-seo-wordpress\/ -->\n<title>De visie van Vivace - vivace-ctc<\/title>\n<meta name=\"description\" content=\"Vivace helpt leidinggevenden en teams groeien. Met zorgvuldige coaching, actie en reflectie brengen we mensen en organisaties duurzaam in beweging.\" \/>\n<meta name=\"robots\" content=\"index, follow, max-snippet:-1, max-image-preview:large, max-video-preview:-1\" \/>\n<link rel=\"canonical\" href=\"https:\/\/vivace-ctc.nl\/de\/de-visie-van-vivace\/\" \/>\n<meta property=\"og:locale\" content=\"de_DE\" \/>\n<meta property=\"og:type\" content=\"article\" \/>\n<meta property=\"og:title\" content=\"De visie van Vivace - vivace-ctc\" \/>\n<meta property=\"og:description\" content=\"Vivace helpt leidinggevenden en teams groeien. Met zorgvuldige coaching, actie en reflectie brengen we mensen en organisaties duurzaam in beweging.\" \/>\n<meta property=\"og:url\" content=\"https:\/\/vivace-ctc.nl\/de\/de-visie-van-vivace\/\" \/>\n<meta property=\"og:site_name\" content=\"vivace-ctc\" \/>\n<meta property=\"article:modified_time\" content=\"2025-10-03T14:08:08+00:00\" \/>\n<meta name=\"twitter:card\" content=\"summary_large_image\" \/>\n<meta name=\"twitter:label1\" content=\"Gesch\u00e4tzte Lesezeit\" \/>\n\t<meta name=\"twitter:data1\" content=\"2\u00a0Minuten\" \/>\n<script type=\"application\/ld+json\" class=\"yoast-schema-graph\">{\"@context\":\"https:\\\/\\\/schema.org\",\"@graph\":[{\"@type\":\"WebPage\",\"@id\":\"https:\\\/\\\/vivace-ctc.nl\\\/de-visie-van-vivace\\\/\",\"url\":\"https:\\\/\\\/vivace-ctc.nl\\\/de-visie-van-vivace\\\/\",\"name\":\"De visie van Vivace - vivace-ctc\",\"isPartOf\":{\"@id\":\"https:\\\/\\\/vivace-ctc.nl\\\/#website\"},\"datePublished\":\"2018-09-09T14:38:40+00:00\",\"dateModified\":\"2025-10-03T14:08:08+00:00\",\"description\":\"Vivace helpt leidinggevenden en teams groeien. Met zorgvuldige coaching, actie en reflectie brengen we mensen en organisaties duurzaam in beweging.\",\"breadcrumb\":{\"@id\":\"https:\\\/\\\/vivace-ctc.nl\\\/de-visie-van-vivace\\\/#breadcrumb\"},\"inLanguage\":\"de\",\"potentialAction\":[{\"@type\":\"ReadAction\",\"target\":[\"https:\\\/\\\/vivace-ctc.nl\\\/de-visie-van-vivace\\\/\"]}]},{\"@type\":\"BreadcrumbList\",\"@id\":\"https:\\\/\\\/vivace-ctc.nl\\\/de-visie-van-vivace\\\/#breadcrumb\",\"itemListElement\":[{\"@type\":\"ListItem\",\"position\":1,\"name\":\"Home\",\"item\":\"https:\\\/\\\/vivace-ctc.nl\\\/\"},{\"@type\":\"ListItem\",\"position\":2,\"name\":\"De visie van Vivace\"}]},{\"@type\":\"WebSite\",\"@id\":\"https:\\\/\\\/vivace-ctc.nl\\\/#website\",\"url\":\"https:\\\/\\\/vivace-ctc.nl\\\/\",\"name\":\"vivace-ctc\",\"description\":\"Levendig verbinden\",\"potentialAction\":[{\"@type\":\"SearchAction\",\"target\":{\"@type\":\"EntryPoint\",\"urlTemplate\":\"https:\\\/\\\/vivace-ctc.nl\\\/?s={search_term_string}\"},\"query-input\":{\"@type\":\"PropertyValueSpecification\",\"valueRequired\":true,\"valueName\":\"search_term_string\"}}],\"inLanguage\":\"de\"}]}<\/script>\n<!-- \/ Yoast SEO plugin. -->","yoast_head_json":{"title":"De visie van Vivace - vivace-ctc","description":"Vivace helpt leidinggevenden en teams groeien. Met zorgvuldige coaching, actie en reflectie brengen we mensen en organisaties duurzaam in beweging.","robots":{"index":"index","follow":"follow","max-snippet":"max-snippet:-1","max-image-preview":"max-image-preview:large","max-video-preview":"max-video-preview:-1"},"canonical":"https:\/\/vivace-ctc.nl\/de\/de-visie-van-vivace\/","og_locale":"de_DE","og_type":"article","og_title":"De visie van Vivace - vivace-ctc","og_description":"Vivace helpt leidinggevenden en teams groeien. Met zorgvuldige coaching, actie en reflectie brengen we mensen en organisaties duurzaam in beweging.","og_url":"https:\/\/vivace-ctc.nl\/de\/de-visie-van-vivace\/","og_site_name":"vivace-ctc","article_modified_time":"2025-10-03T14:08:08+00:00","twitter_card":"summary_large_image","twitter_misc":{"Gesch\u00e4tzte Lesezeit":"2\u00a0Minuten"},"schema":{"@context":"https:\/\/schema.org","@graph":[{"@type":"WebPage","@id":"https:\/\/vivace-ctc.nl\/de-visie-van-vivace\/","url":"https:\/\/vivace-ctc.nl\/de-visie-van-vivace\/","name":"De visie van Vivace - vivace-ctc","isPartOf":{"@id":"https:\/\/vivace-ctc.nl\/#website"},"datePublished":"2018-09-09T14:38:40+00:00","dateModified":"2025-10-03T14:08:08+00:00","description":"Vivace helpt leidinggevenden en teams groeien. Met zorgvuldige coaching, actie en reflectie brengen we mensen en organisaties duurzaam in beweging.","breadcrumb":{"@id":"https:\/\/vivace-ctc.nl\/de-visie-van-vivace\/#breadcrumb"},"inLanguage":"de","potentialAction":[{"@type":"ReadAction","target":["https:\/\/vivace-ctc.nl\/de-visie-van-vivace\/"]}]},{"@type":"BreadcrumbList","@id":"https:\/\/vivace-ctc.nl\/de-visie-van-vivace\/#breadcrumb","itemListElement":[{"@type":"ListItem","position":1,"name":"Home","item":"https:\/\/vivace-ctc.nl\/"},{"@type":"ListItem","position":2,"name":"De visie van Vivace"}]},{"@type":"WebSite","@id":"https:\/\/vivace-ctc.nl\/#website","url":"https:\/\/vivace-ctc.nl\/","name":"vivace-ctc","description":"Lebendige Verbindung","potentialAction":[{"@type":"SearchAction","target":{"@type":"EntryPoint","urlTemplate":"https:\/\/vivace-ctc.nl\/?s={search_term_string}"},"query-input":{"@type":"PropertyValueSpecification","valueRequired":true,"valueName":"search_term_string"}}],"inLanguage":"de"}]}},"_links":{"self":[{"href":"https:\/\/vivace-ctc.nl\/de\/wp-json\/wp\/v2\/pages\/386","targetHints":{"allow":["GET"]}}],"collection":[{"href":"https:\/\/vivace-ctc.nl\/de\/wp-json\/wp\/v2\/pages"}],"about":[{"href":"https:\/\/vivace-ctc.nl\/de\/wp-json\/wp\/v2\/types\/page"}],"author":[{"embeddable":true,"href":"https:\/\/vivace-ctc.nl\/de\/wp-json\/wp\/v2\/users\/4"}],"replies":[{"embeddable":true,"href":"https:\/\/vivace-ctc.nl\/de\/wp-json\/wp\/v2\/comments?post=386"}],"version-history":[{"count":3,"href":"https:\/\/vivace-ctc.nl\/de\/wp-json\/wp\/v2\/pages\/386\/revisions"}],"predecessor-version":[{"id":907,"href":"https:\/\/vivace-ctc.nl\/de\/wp-json\/wp\/v2\/pages\/386\/revisions\/907"}],"wp:attachment":[{"href":"https:\/\/vivace-ctc.nl\/de\/wp-json\/wp\/v2\/media?parent=386"}],"curies":[{"name":"wp","href":"https:\/\/api.w.org\/{rel}","templated":true}]}}