{"id":139,"date":"2018-09-06T13:40:46","date_gmt":"2018-09-06T13:40:46","guid":{"rendered":"https:\/\/vivace-ctc.nl\/?page_id=139"},"modified":"2025-09-26T20:31:07","modified_gmt":"2025-09-26T20:31:07","slug":"disclaimer","status":"publish","type":"page","link":"https:\/\/vivace-ctc.nl\/fr\/disclaimer\/","title":{"rendered":"Clause de non-responsabilit\u00e9"},"content":{"rendered":"<div class=\"wpb-content-wrapper\"><div class=\"vc_row wpb_row vc_row-fluid\"><div class=\"wpb_column vc_column_container vc_col-sm-12\"><div class=\"vc_column-inner\"><div class=\"wpb_wrapper\">\n\t<div class=\"wpb_text_column wpb_content_element\" >\n\t\t<div class=\"wpb_wrapper\">\n\t\t\t<div class=\"disclaimer-trainingen\">\n<h2>Avertissement formation d'entreprise<\/h2>\n<p>Les dispositions suivantes s'appliquent \u00e0 l'utilisation et \u00e0 la participation \u00e0 nos cours de formation en entreprise.<br \/>\nEn participant, vous reconnaissez que vous comprenez et acceptez ces conditions et restrictions.<\/p>\n<ol>\n<li><strong>Objectif et conseils professionnels<\/strong><br \/>\nNos programmes de formation en entreprise sont uniquement destin\u00e9s \u00e0 des fins \u00e9ducatives et informatives. Ils n'offrent pas de conseils professionnels individuels ou sp\u00e9cifiques et ne garantissent pas certains r\u00e9sultats ou succ\u00e8s dans vos activit\u00e9s professionnelles. Nous vous conseillons toujours de demander l'avis d'un professionnel ind\u00e9pendant avant de prendre des d\u00e9cisions commerciales importantes.<\/li>\n<li><strong>Obligation d'effort et absence de garantie<\/strong><br \/>\nNous fournissons nos cours de formation au mieux de nos connaissances et de nos capacit\u00e9s. Cependant, notre engagement est uniquement une obligation d'effort et non une obligation de r\u00e9sultat. Aucun droit ne peut donc \u00eatre tir\u00e9 de la r\u00e9alisation d'objectifs, de r\u00e9sultats ou d'am\u00e9liorations sp\u00e9cifiques.<\/li>\n<li><strong>Aucune responsabilit\u00e9<\/strong><br \/>\nNous nous effor\u00e7ons de fournir des informations exactes et \u00e0 jour lors de nos sessions de formation. N\u00e9anmoins, nous ne pouvons pas garantir que toutes les informations sont compl\u00e8tes, exactes ou \u00e0 jour. Nous n'acceptons aucune responsabilit\u00e9 pour les dommages directs ou indirects, les dommages cons\u00e9cutifs, la perte de profits ou la perte de donn\u00e9es r\u00e9sultant de la confiance accord\u00e9e aux informations fournies lors de nos sessions de formation. Si et dans la mesure o\u00f9 nous nous av\u00e9rons responsables, notre responsabilit\u00e9 sera limit\u00e9e au montant pay\u00e9 par notre assurance responsabilit\u00e9 civile dans le cas concern\u00e9. Si l'assurance ne fournit pas de couverture, la responsabilit\u00e9 est limit\u00e9e au montant pay\u00e9 par le participant pour le cours de formation en question.<\/li>\n<li><strong>Ind\u00e9pendance des participants<\/strong><br \/>\nNos formations peuvent contenir des opinions, des suggestions ou des recommandations. Celles-ci ne refl\u00e8tent pas n\u00e9cessairement le point de vue de notre entreprise. Il est vivement conseill\u00e9 aux participants de faire preuve de diligence raisonnable et de prendre des d\u00e9cisions ind\u00e9pendantes sur la base de leur propre \u00e9valuation.<\/li>\n<li><strong>Propri\u00e9t\u00e9 intellectuelle<\/strong><br \/>\nTous les droits de propri\u00e9t\u00e9 intellectuelle relatifs \u00e0 nos cours de formation et \u00e0 notre mat\u00e9riel (y compris, mais sans s'y limiter, les droits d'auteur, les marques d\u00e9pos\u00e9es et les secrets commerciaux) restent la propri\u00e9t\u00e9 de notre soci\u00e9t\u00e9. Aucune reproduction, distribution, adaptation, vente ou utilisation commerciale de tout mat\u00e9riel, en tout ou en partie, n'est autoris\u00e9e sans notre consentement \u00e9crit expr\u00e8s. L'utilisation du mat\u00e9riel n'est autoris\u00e9e que pour un usage personnel ou interne au sein de l'organisation du participant.<\/li>\n<li><strong>Sources externes<\/strong><br \/>\nNos cours de formation peuvent contenir des r\u00e9f\u00e9rences ou des liens vers des sites web, des ressources ou des informations externes. Nous n'avons aucun contr\u00f4le sur le contenu de ces sources externes et n'acceptons aucune responsabilit\u00e9 quant \u00e0 leur exactitude, leur actualit\u00e9, leur pertinence ou leur exhaustivit\u00e9.<\/li>\n<li><strong>Changements<\/strong><br \/>\nNous nous r\u00e9servons le droit de modifier ou de compl\u00e9ter \u00e0 tout moment le contenu de nos cours de formation et de la pr\u00e9sente clause de non-responsabilit\u00e9. Toute modification s'appliquera \u00e0 compter de la date de publication ou de notification.<\/li>\n<li><strong>Droit applicable et juridiction comp\u00e9tente<\/strong><br \/>\nLa pr\u00e9sente clause de non-responsabilit\u00e9 et l'utilisation de nos formations sont exclusivement r\u00e9gies par le droit n\u00e9erlandais. Les litiges d\u00e9coulant des formations ou li\u00e9s \u00e0 celles-ci seront soumis exclusivement au tribunal comp\u00e9tent dans l'arrondissement o\u00f9 notre soci\u00e9t\u00e9 a son si\u00e8ge social.<\/li>\n<\/ol>\n<p>En utilisant nos cours de formation en entreprise, vous acceptez cette clause de non-responsabilit\u00e9. Si vous n'\u00eates pas d'accord avec (une partie de) cette clause de non-responsabilit\u00e9, veuillez ne pas utiliser nos cours de formation.<\/p>\n<\/div>\n\n\t\t<\/div>\n\t<\/div>\n<\/div><\/div><\/div><\/div>\n<\/div>","protected":false},"excerpt":{"rendered":"<p>Disclaimer bedrijfstrainingen De onderstaande bepalingen zijn van toepassing op het gebruik van en de deelname aan onze bedrijfstrainingen. Door deel te nemen stemt u ermee in dat u deze voorwaarden en beperkingen begrijpt en accepteert. Doel en professioneel advies Onze bedrijfstrainingen zijn uitsluitend bedoeld voor educatieve en informatieve doeleinden. Zij bieden geen individueel of specifiek&hellip;<\/p>","protected":false},"author":1,"featured_media":0,"parent":0,"menu_order":0,"comment_status":"closed","ping_status":"closed","template":"","meta":{"footnotes":""},"class_list":["post-139","page","type-page","status-publish","hentry","description-off"],"yoast_head":"<!-- This site is optimized with the Yoast SEO plugin v27.5 - https:\/\/yoast.com\/product\/yoast-seo-wordpress\/ -->\n<title>Disclaimer - vivace-ctc<\/title>\n<meta name=\"description\" content=\"&quot;Disclaimer: De onderstaande tekst dient ter algemene informatie en begeleiding bij het gebruik van onze bedrijfstrainingen. Door deel te nemen aan en gebruik te maken van onze trainingen stemt u ermee in dat u de volgende voorwaarden en beperkingen begrijpt en accepteert.\" \/>\n<meta name=\"robots\" content=\"index, follow, max-snippet:-1, max-image-preview:large, max-video-preview:-1\" \/>\n<link rel=\"canonical\" href=\"https:\/\/vivace-ctc.nl\/fr\/disclaimer\/\" \/>\n<meta property=\"og:locale\" content=\"fr_FR\" \/>\n<meta property=\"og:type\" content=\"article\" \/>\n<meta property=\"og:title\" content=\"Disclaimer - vivace-ctc\" \/>\n<meta property=\"og:description\" content=\"&quot;Disclaimer: De onderstaande tekst dient ter algemene informatie en begeleiding bij het gebruik van onze bedrijfstrainingen. Door deel te nemen aan en gebruik te maken van onze trainingen stemt u ermee in dat u de volgende voorwaarden en beperkingen begrijpt en accepteert.\" \/>\n<meta property=\"og:url\" content=\"https:\/\/vivace-ctc.nl\/fr\/disclaimer\/\" \/>\n<meta property=\"og:site_name\" content=\"vivace-ctc\" \/>\n<meta property=\"article:modified_time\" content=\"2025-09-26T20:31:07+00:00\" \/>\n<meta name=\"twitter:card\" content=\"summary_large_image\" \/>\n<meta name=\"twitter:label1\" content=\"Dur\u00e9e de lecture estim\u00e9e\" \/>\n\t<meta name=\"twitter:data1\" content=\"2 minutes\" \/>\n<script type=\"application\/ld+json\" class=\"yoast-schema-graph\">{\"@context\":\"https:\\\/\\\/schema.org\",\"@graph\":[{\"@type\":\"WebPage\",\"@id\":\"https:\\\/\\\/vivace-ctc.nl\\\/disclaimer\\\/\",\"url\":\"https:\\\/\\\/vivace-ctc.nl\\\/disclaimer\\\/\",\"name\":\"Disclaimer - vivace-ctc\",\"isPartOf\":{\"@id\":\"https:\\\/\\\/vivace-ctc.nl\\\/#website\"},\"datePublished\":\"2018-09-06T13:40:46+00:00\",\"dateModified\":\"2025-09-26T20:31:07+00:00\",\"description\":\"\\\"Disclaimer: De onderstaande tekst dient ter algemene informatie en begeleiding bij het gebruik van onze bedrijfstrainingen. Door deel te nemen aan en gebruik te maken van onze trainingen stemt u ermee in dat u de volgende voorwaarden en beperkingen begrijpt en accepteert.\",\"breadcrumb\":{\"@id\":\"https:\\\/\\\/vivace-ctc.nl\\\/disclaimer\\\/#breadcrumb\"},\"inLanguage\":\"fr-FR\",\"potentialAction\":[{\"@type\":\"ReadAction\",\"target\":[\"https:\\\/\\\/vivace-ctc.nl\\\/disclaimer\\\/\"]}]},{\"@type\":\"BreadcrumbList\",\"@id\":\"https:\\\/\\\/vivace-ctc.nl\\\/disclaimer\\\/#breadcrumb\",\"itemListElement\":[{\"@type\":\"ListItem\",\"position\":1,\"name\":\"Home\",\"item\":\"https:\\\/\\\/vivace-ctc.nl\\\/\"},{\"@type\":\"ListItem\",\"position\":2,\"name\":\"Disclaimer\"}]},{\"@type\":\"WebSite\",\"@id\":\"https:\\\/\\\/vivace-ctc.nl\\\/#website\",\"url\":\"https:\\\/\\\/vivace-ctc.nl\\\/\",\"name\":\"vivace-ctc\",\"description\":\"Levendig verbinden\",\"potentialAction\":[{\"@type\":\"SearchAction\",\"target\":{\"@type\":\"EntryPoint\",\"urlTemplate\":\"https:\\\/\\\/vivace-ctc.nl\\\/?s={search_term_string}\"},\"query-input\":{\"@type\":\"PropertyValueSpecification\",\"valueRequired\":true,\"valueName\":\"search_term_string\"}}],\"inLanguage\":\"fr-FR\"}]}<\/script>\n<!-- \/ Yoast SEO plugin. -->","yoast_head_json":{"title":"Avis de non-responsabilit\u00e9 - vivace-ctc","description":"\"Clause de non-responsabilit\u00e9 : Le texte ci-dessous est destin\u00e9 \u00e0 fournir des informations g\u00e9n\u00e9rales et des conseils sur l'utilisation de nos cours de formation en entreprise. En participant \u00e0 nos formations et en les utilisant, vous vous engagez \u00e0 comprendre et \u00e0 accepter les termes, conditions et restrictions suivants.","robots":{"index":"index","follow":"follow","max-snippet":"max-snippet:-1","max-image-preview":"max-image-preview:large","max-video-preview":"max-video-preview:-1"},"canonical":"https:\/\/vivace-ctc.nl\/fr\/disclaimer\/","og_locale":"fr_FR","og_type":"article","og_title":"Disclaimer - vivace-ctc","og_description":"\"Disclaimer: De onderstaande tekst dient ter algemene informatie en begeleiding bij het gebruik van onze bedrijfstrainingen. Door deel te nemen aan en gebruik te maken van onze trainingen stemt u ermee in dat u de volgende voorwaarden en beperkingen begrijpt en accepteert.","og_url":"https:\/\/vivace-ctc.nl\/fr\/disclaimer\/","og_site_name":"vivace-ctc","article_modified_time":"2025-09-26T20:31:07+00:00","twitter_card":"summary_large_image","twitter_misc":{"Dur\u00e9e de lecture estim\u00e9e":"2 minutes"},"schema":{"@context":"https:\/\/schema.org","@graph":[{"@type":"WebPage","@id":"https:\/\/vivace-ctc.nl\/disclaimer\/","url":"https:\/\/vivace-ctc.nl\/disclaimer\/","name":"Avis de non-responsabilit\u00e9 - vivace-ctc","isPartOf":{"@id":"https:\/\/vivace-ctc.nl\/#website"},"datePublished":"2018-09-06T13:40:46+00:00","dateModified":"2025-09-26T20:31:07+00:00","description":"\"Clause de non-responsabilit\u00e9 : Le texte ci-dessous est destin\u00e9 \u00e0 fournir des informations g\u00e9n\u00e9rales et des conseils sur l'utilisation de nos cours de formation en entreprise. En participant \u00e0 nos formations et en les utilisant, vous vous engagez \u00e0 comprendre et \u00e0 accepter les termes, conditions et restrictions suivants.","breadcrumb":{"@id":"https:\/\/vivace-ctc.nl\/disclaimer\/#breadcrumb"},"inLanguage":"fr-FR","potentialAction":[{"@type":"ReadAction","target":["https:\/\/vivace-ctc.nl\/disclaimer\/"]}]},{"@type":"BreadcrumbList","@id":"https:\/\/vivace-ctc.nl\/disclaimer\/#breadcrumb","itemListElement":[{"@type":"ListItem","position":1,"name":"Home","item":"https:\/\/vivace-ctc.nl\/"},{"@type":"ListItem","position":2,"name":"Disclaimer"}]},{"@type":"WebSite","@id":"https:\/\/vivace-ctc.nl\/#website","url":"https:\/\/vivace-ctc.nl\/","name":"vivace-ctc","description":"Une connexion vivante","potentialAction":[{"@type":"SearchAction","target":{"@type":"EntryPoint","urlTemplate":"https:\/\/vivace-ctc.nl\/?s={search_term_string}"},"query-input":{"@type":"PropertyValueSpecification","valueRequired":true,"valueName":"search_term_string"}}],"inLanguage":"fr-FR"}]}},"_links":{"self":[{"href":"https:\/\/vivace-ctc.nl\/fr\/wp-json\/wp\/v2\/pages\/139","targetHints":{"allow":["GET"]}}],"collection":[{"href":"https:\/\/vivace-ctc.nl\/fr\/wp-json\/wp\/v2\/pages"}],"about":[{"href":"https:\/\/vivace-ctc.nl\/fr\/wp-json\/wp\/v2\/types\/page"}],"author":[{"embeddable":true,"href":"https:\/\/vivace-ctc.nl\/fr\/wp-json\/wp\/v2\/users\/1"}],"replies":[{"embeddable":true,"href":"https:\/\/vivace-ctc.nl\/fr\/wp-json\/wp\/v2\/comments?post=139"}],"version-history":[{"count":5,"href":"https:\/\/vivace-ctc.nl\/fr\/wp-json\/wp\/v2\/pages\/139\/revisions"}],"predecessor-version":[{"id":901,"href":"https:\/\/vivace-ctc.nl\/fr\/wp-json\/wp\/v2\/pages\/139\/revisions\/901"}],"wp:attachment":[{"href":"https:\/\/vivace-ctc.nl\/fr\/wp-json\/wp\/v2\/media?parent=139"}],"curies":[{"name":"wp","href":"https:\/\/api.w.org\/{rel}","templated":true}]}}