{"id":305,"date":"2018-09-09T12:17:25","date_gmt":"2018-09-09T12:17:25","guid":{"rendered":"https:\/\/vivace-ctc.nl\/?page_id=305"},"modified":"2025-10-03T14:06:58","modified_gmt":"2025-10-03T14:06:58","slug":"coaching-voor-leidinggevenden","status":"publish","type":"page","link":"https:\/\/vivace-ctc.nl\/fr\/coaching-voor-leidinggevenden\/","title":{"rendered":"Coaching pour les cadres"},"content":{"rendered":"<div class=\"wpb-content-wrapper\"><div class=\"vc_row wpb_row vc_row-fluid\"><div class=\"wpb_column vc_column_container vc_col-sm-12\"><div class=\"vc_column-inner\"><div class=\"wpb_wrapper\">\n\t<div class=\"wpb_text_column wpb_content_element\" >\n\t\t<div class=\"wpb_wrapper\">\n\t\t\t<h1>Coaching pour les cadres<\/h1>\n\n\t\t<\/div>\n\t<\/div>\n<\/div><\/div><\/div><\/div><div class=\"vc_row wpb_row vc_row-fluid\"><div class=\"wpb_column vc_column_container vc_col-sm-12\"><div class=\"vc_column-inner\"><div class=\"wpb_wrapper\">\n\t<div class=\"wpb_text_column wpb_content_element\" >\n\t\t<div class=\"wpb_wrapper\">\n\t\t\t<p>On me demande r\u00e9guli\u00e8rement de coacher des cadres et des directeurs. Ce faisant, je fais la distinction entre :<\/p>\n<ul>\n<li><strong>Cadres d\u00e9butants<\/strong> - Pour en savoir plus, consultez le site <em>le coaching en g\u00e9n\u00e9ral<\/em>.<\/li>\n<li><strong>Cadres exp\u00e9riment\u00e9s<\/strong>Ils sont \u00e9galement des directeurs d'organisations et des administrateurs.<\/li>\n<\/ul>\n<p>Je pars toujours du principe que le client sait et peut faire beaucoup de choses lui-m\u00eame, et qu'il a souvent d\u00e9j\u00e0 une exp\u00e9rience du coaching. Les questions pos\u00e9es par le client guident les conversations et sont souvent diverses, comme par exemple :<\/p>\n<ul>\n<li>Comment impliquer mon organisation dans un processus de changement ?<\/li>\n<li>Comment faire en sorte que mon \u00e9quipe de direction soit mieux align\u00e9e ?<\/li>\n<li>Je donne beaucoup d'\u00e9nergie \u00e0 mes employ\u00e9s - o\u00f9 puis-je puiser ma propre \u00e9nergie ?<\/li>\n<li>Comment puis-je traiter correctement avec mon conseil de surveillance ?<\/li>\n<li>Comment renforcer l'image de mon organisation et entretenir des relations durables avec les parties prenantes ?<\/li>\n<li>Quelles exigences cette soci\u00e9t\u00e9 en mutation impose-t-elle \u00e0 mon organisation et \u00e0 mon style de leadership ?<\/li>\n<\/ul>\n<h2>M\u00e9thodologie<\/h2>\n<p>En fonction des questions, je peux jouer diff\u00e9rents r\u00f4les : sparring partner, co-penseur, dissident, nouveau venu, critique ou relativiste. Lors de la premi\u00e8re conversation, nous discutons des points suivants : sur quoi nous travaillons, comment nous y travaillons, \u00e0 quelle fr\u00e9quence et comment nous tenons-nous mutuellement \u00e0 ces accords ? D'apr\u00e8s mon exp\u00e9rience, une session dure g\u00e9n\u00e9ralement entre une heure et demie et deux heures.<\/p>\n<h2>A propos de moi<\/h2>\n<p>Je suis **Gerda Nobel**, superviseur agr\u00e9\u00e9 par la **LVSB (National Association for Supervision and other Forms of Guidance)**. Gr\u00e2ce \u00e0 ma vaste exp\u00e9rience professionnelle et personnelle, j'apporte mes connaissances, mon engagement et une perspective terre-\u00e0-terre \u00e0 chaque processus de supervision.<\/p>\n\n\t\t<\/div>\n\t<\/div>\n<\/div><\/div><\/div><\/div>\n<\/div>","protected":false},"excerpt":{"rendered":"<p>Coaching des cadres On me demande r\u00e9guli\u00e8rement de coacher des cadres et des directeurs. Ce faisant, je fais une distinction entre Les cadres d\u00e9butants - voir plus d'informations sur le coaching en g\u00e9n\u00e9ral. Les managers exp\u00e9riment\u00e9s, les directeurs d'organisations et les administrateurs. Je pars toujours du principe que le client lui-m\u00eame sait et peut faire beaucoup, et qu'il a souvent d\u00e9j\u00e0 de l'exp\u00e9rience en mati\u00e8re de coaching. Les questions avec lesquelles...<\/p>","protected":false},"author":4,"featured_media":0,"parent":0,"menu_order":0,"comment_status":"closed","ping_status":"closed","template":"","meta":{"footnotes":""},"class_list":["post-305","page","type-page","status-publish","hentry","description-off"],"yoast_head":"<!-- This site is optimized with the Yoast SEO plugin v27.4 - https:\/\/yoast.com\/product\/yoast-seo-wordpress\/ -->\n<title>Coaching voor leidinggevenden - vivace-ctc<\/title>\n<meta name=\"description\" content=\"Coaching voor leidinggevenden, directeuren en bestuurders. Praktisch, reflectief en gericht op leiderschapsontwikkeling en organisatiegroei.\" \/>\n<meta name=\"robots\" content=\"index, follow, max-snippet:-1, max-image-preview:large, max-video-preview:-1\" \/>\n<link rel=\"canonical\" href=\"https:\/\/vivace-ctc.nl\/fr\/coaching-voor-leidinggevenden\/\" \/>\n<meta property=\"og:locale\" content=\"fr_FR\" \/>\n<meta property=\"og:type\" content=\"article\" \/>\n<meta property=\"og:title\" content=\"Coaching voor leidinggevenden - vivace-ctc\" \/>\n<meta property=\"og:description\" content=\"Coaching voor leidinggevenden, directeuren en bestuurders. Praktisch, reflectief en gericht op leiderschapsontwikkeling en organisatiegroei.\" \/>\n<meta property=\"og:url\" content=\"https:\/\/vivace-ctc.nl\/fr\/coaching-voor-leidinggevenden\/\" \/>\n<meta property=\"og:site_name\" content=\"vivace-ctc\" \/>\n<meta property=\"article:modified_time\" content=\"2025-10-03T14:06:58+00:00\" \/>\n<meta name=\"twitter:card\" content=\"summary_large_image\" \/>\n<meta name=\"twitter:label1\" content=\"Dur\u00e9e de lecture estim\u00e9e\" \/>\n\t<meta name=\"twitter:data1\" content=\"2 minutes\" \/>\n<script type=\"application\/ld+json\" class=\"yoast-schema-graph\">{\"@context\":\"https:\\\/\\\/schema.org\",\"@graph\":[{\"@type\":\"WebPage\",\"@id\":\"https:\\\/\\\/vivace-ctc.nl\\\/coaching-voor-leidinggevenden\\\/\",\"url\":\"https:\\\/\\\/vivace-ctc.nl\\\/coaching-voor-leidinggevenden\\\/\",\"name\":\"Coaching voor leidinggevenden - vivace-ctc\",\"isPartOf\":{\"@id\":\"https:\\\/\\\/vivace-ctc.nl\\\/#website\"},\"datePublished\":\"2018-09-09T12:17:25+00:00\",\"dateModified\":\"2025-10-03T14:06:58+00:00\",\"description\":\"Coaching voor leidinggevenden, directeuren en bestuurders. Praktisch, reflectief en gericht op leiderschapsontwikkeling en organisatiegroei.\",\"breadcrumb\":{\"@id\":\"https:\\\/\\\/vivace-ctc.nl\\\/coaching-voor-leidinggevenden\\\/#breadcrumb\"},\"inLanguage\":\"fr-FR\",\"potentialAction\":[{\"@type\":\"ReadAction\",\"target\":[\"https:\\\/\\\/vivace-ctc.nl\\\/coaching-voor-leidinggevenden\\\/\"]}]},{\"@type\":\"BreadcrumbList\",\"@id\":\"https:\\\/\\\/vivace-ctc.nl\\\/coaching-voor-leidinggevenden\\\/#breadcrumb\",\"itemListElement\":[{\"@type\":\"ListItem\",\"position\":1,\"name\":\"Home\",\"item\":\"https:\\\/\\\/vivace-ctc.nl\\\/\"},{\"@type\":\"ListItem\",\"position\":2,\"name\":\"Coaching voor leidinggevenden\"}]},{\"@type\":\"WebSite\",\"@id\":\"https:\\\/\\\/vivace-ctc.nl\\\/#website\",\"url\":\"https:\\\/\\\/vivace-ctc.nl\\\/\",\"name\":\"vivace-ctc\",\"description\":\"Levendig verbinden\",\"potentialAction\":[{\"@type\":\"SearchAction\",\"target\":{\"@type\":\"EntryPoint\",\"urlTemplate\":\"https:\\\/\\\/vivace-ctc.nl\\\/?s={search_term_string}\"},\"query-input\":{\"@type\":\"PropertyValueSpecification\",\"valueRequired\":true,\"valueName\":\"search_term_string\"}}],\"inLanguage\":\"fr-FR\"}]}<\/script>\n<!-- \/ Yoast SEO plugin. -->","yoast_head_json":{"title":"Coaching pour cadres - vivace-ctc","description":"Coaching voor leidinggevenden, directeuren en bestuurders. Praktisch, reflectief en gericht op leiderschapsontwikkeling en organisatiegroei.","robots":{"index":"index","follow":"follow","max-snippet":"max-snippet:-1","max-image-preview":"max-image-preview:large","max-video-preview":"max-video-preview:-1"},"canonical":"https:\/\/vivace-ctc.nl\/fr\/coaching-voor-leidinggevenden\/","og_locale":"fr_FR","og_type":"article","og_title":"Coaching voor leidinggevenden - vivace-ctc","og_description":"Coaching voor leidinggevenden, directeuren en bestuurders. Praktisch, reflectief en gericht op leiderschapsontwikkeling en organisatiegroei.","og_url":"https:\/\/vivace-ctc.nl\/fr\/coaching-voor-leidinggevenden\/","og_site_name":"vivace-ctc","article_modified_time":"2025-10-03T14:06:58+00:00","twitter_card":"summary_large_image","twitter_misc":{"Dur\u00e9e de lecture estim\u00e9e":"2 minutes"},"schema":{"@context":"https:\/\/schema.org","@graph":[{"@type":"WebPage","@id":"https:\/\/vivace-ctc.nl\/coaching-voor-leidinggevenden\/","url":"https:\/\/vivace-ctc.nl\/coaching-voor-leidinggevenden\/","name":"Coaching pour cadres - vivace-ctc","isPartOf":{"@id":"https:\/\/vivace-ctc.nl\/#website"},"datePublished":"2018-09-09T12:17:25+00:00","dateModified":"2025-10-03T14:06:58+00:00","description":"Coaching voor leidinggevenden, directeuren en bestuurders. Praktisch, reflectief en gericht op leiderschapsontwikkeling en organisatiegroei.","breadcrumb":{"@id":"https:\/\/vivace-ctc.nl\/coaching-voor-leidinggevenden\/#breadcrumb"},"inLanguage":"fr-FR","potentialAction":[{"@type":"ReadAction","target":["https:\/\/vivace-ctc.nl\/coaching-voor-leidinggevenden\/"]}]},{"@type":"BreadcrumbList","@id":"https:\/\/vivace-ctc.nl\/coaching-voor-leidinggevenden\/#breadcrumb","itemListElement":[{"@type":"ListItem","position":1,"name":"Home","item":"https:\/\/vivace-ctc.nl\/"},{"@type":"ListItem","position":2,"name":"Coaching voor leidinggevenden"}]},{"@type":"WebSite","@id":"https:\/\/vivace-ctc.nl\/#website","url":"https:\/\/vivace-ctc.nl\/","name":"vivace-ctc","description":"Une connexion vivante","potentialAction":[{"@type":"SearchAction","target":{"@type":"EntryPoint","urlTemplate":"https:\/\/vivace-ctc.nl\/?s={search_term_string}"},"query-input":{"@type":"PropertyValueSpecification","valueRequired":true,"valueName":"search_term_string"}}],"inLanguage":"fr-FR"}]}},"_links":{"self":[{"href":"https:\/\/vivace-ctc.nl\/fr\/wp-json\/wp\/v2\/pages\/305","targetHints":{"allow":["GET"]}}],"collection":[{"href":"https:\/\/vivace-ctc.nl\/fr\/wp-json\/wp\/v2\/pages"}],"about":[{"href":"https:\/\/vivace-ctc.nl\/fr\/wp-json\/wp\/v2\/types\/page"}],"author":[{"embeddable":true,"href":"https:\/\/vivace-ctc.nl\/fr\/wp-json\/wp\/v2\/users\/4"}],"replies":[{"embeddable":true,"href":"https:\/\/vivace-ctc.nl\/fr\/wp-json\/wp\/v2\/comments?post=305"}],"version-history":[{"count":4,"href":"https:\/\/vivace-ctc.nl\/fr\/wp-json\/wp\/v2\/pages\/305\/revisions"}],"predecessor-version":[{"id":906,"href":"https:\/\/vivace-ctc.nl\/fr\/wp-json\/wp\/v2\/pages\/305\/revisions\/906"}],"wp:attachment":[{"href":"https:\/\/vivace-ctc.nl\/fr\/wp-json\/wp\/v2\/media?parent=305"}],"curies":[{"name":"wp","href":"https:\/\/api.w.org\/{rel}","templated":true}]}}