{"id":308,"date":"2018-09-09T12:19:44","date_gmt":"2018-09-09T12:19:44","guid":{"rendered":"https:\/\/vivace-ctc.nl\/?page_id=308"},"modified":"2025-10-03T14:05:42","modified_gmt":"2025-10-03T14:05:42","slug":"werkwijze","status":"publish","type":"page","link":"https:\/\/vivace-ctc.nl\/fr\/werkwijze\/","title":{"rendered":"Ma m\u00e9thode de travail"},"content":{"rendered":"<div class=\"wpb-content-wrapper\"><div class=\"vc_row wpb_row vc_row-fluid\"><div class=\"wpb_column vc_column_container vc_col-sm-12\"><div class=\"vc_column-inner\"><div class=\"wpb_wrapper\">\n\t<div class=\"wpb_text_column wpb_content_element\" >\n\t\t<div class=\"wpb_wrapper\">\n\t\t\t<h1>Notre m\u00e9thode de travail<\/h1>\n\n\t\t<\/div>\n\t<\/div>\n<\/div><\/div><\/div><\/div><div class=\"vc_row wpb_row vc_row-fluid\"><div class=\"wpb_column vc_column_container vc_col-sm-12\"><div class=\"vc_column-inner\"><div class=\"wpb_wrapper\">\n\t<div class=\"wpb_text_column wpb_content_element\" >\n\t\t<div class=\"wpb_wrapper\">\n\t\t\t<p data-start=\"105\" data-end=\"561\">Pour moi, le plus important est de travailler avec le client de mani\u00e8re agr\u00e9able et \u00e9quitable. J'aime discuter et coordonner les projets \u00e0 l'avance : le client conna\u00eet bien sa propre organisation et ses questions. Gr\u00e2ce \u00e0 mon expertise dans le domaine du d\u00e9veloppement organisationnel, j'implique toutes les facettes qui comptent. Mon travail consiste \u00e0 aider \u00e0 penser, concevoir, planifier et mettre en \u0153uvre. Le tout sur la base de ma devise : une connexion vivante.<\/p>\n<p data-start=\"563\" data-end=\"1234\">Dans le cadre de mon travail, je pars du principe que l'apprentissage des cadres et des employ\u00e9s fait partie d'un syst\u00e8me coh\u00e9rent. C'est pourquoi j'accorde une attention explicite aux processus parall\u00e8les d'apprentissage. C'est \u00e9galement la raison pour laquelle j'utilise diff\u00e9rentes m\u00e9thodes d'apprentissage : apprentissage des connaissances, apprentissage des attitudes, apprentissage par la r\u00e9flexion, apprentissage des comp\u00e9tences, apprentissage sur le lieu de travail, etc. L'apprentissage dans la pratique \u00e9tant parfois r\u00e9calcitrant, cela signifie qu'apr\u00e8s l'\u00e9motivit\u00e9, je recherche aussi parfois la sobri\u00e9t\u00e9, le recul et la discussion calme. Lorsque c'est n\u00e9cessaire, j'utilise l'humour, car je sais par exp\u00e9rience que l'humour aide \u00e0 relancer les flux de travail et \u00e0 cr\u00e9er de l'espace.<\/p>\n<p data-start=\"1236\" data-end=\"1968\">Selon moi, l'apprentissage ne se fait pas uniquement lors des r\u00e9unions (de travail), mais se concr\u00e9tise surtout par l'application dans la pratique quotidienne. La r\u00e9flexion personnelle et professionnelle et l'action qui en r\u00e9sulte dans la pratique sont au c\u0153ur de ma m\u00e9thode de travail. Lors des r\u00e9unions, outre les \u00e9l\u00e9ments th\u00e9oriques, les exp\u00e9riences pratiques des participants occupent une place importante : l'apprentissage sur et \u00e0 partir de sa propre pratique, l'apprentissage par l'exp\u00e9rience, est toujours plus proche de sa propre \"peau\" et motive l'action. Je structure, guide, conseille et donne un retour d'information lors de ces r\u00e9unions. J'aime travailler avec des formes de travail interactives, du mat\u00e9riel visuel, des films, etc. sans perdre de vue l'objectif de la mission.<\/p>\n<p data-start=\"1970\" data-end=\"2374\">Pour moi, l'\u00e9valuation consiste \u00e0 se r\u00e9unir r\u00e9guli\u00e8rement et \u00e0 passer en revue un certain nombre de questions : comment faisons-nous les choses ? quels sont les r\u00e9sultats obtenus jusqu'\u00e0 pr\u00e9sent ? Qu'est-ce qui va bien, qu'est-ce qui pourrait \u00eatre fait en plus ou en moins ? Que pensons-nous des performances des uns et des autres, qu'est-ce qui doit \u00eatre ajust\u00e9 ? Comment aller de l'avant ? Je garde toujours le lien vivant qui est n\u00e9cessaire pour r\u00e9ussir ensemble et qui donne de l'\u00e9nergie au travail.<\/p>\n\n\t\t<\/div>\n\t<\/div>\n<\/div><\/div><\/div><\/div>\n<\/div>","protected":false},"excerpt":{"rendered":"<p>Notre m\u00e9thode de travail Le plus important pour moi est de travailler avec le client de mani\u00e8re agr\u00e9able et \u00e9quitable. J'aime discuter et coordonner les projets \u00e0 l'avance : le client conna\u00eet bien son organisation et ses questions. Sur la base de mon expertise dans le domaine du d\u00e9veloppement organisationnel, j'implique toutes les facettes qui comptent....<\/p>","protected":false},"author":4,"featured_media":0,"parent":0,"menu_order":0,"comment_status":"closed","ping_status":"closed","template":"","meta":{"footnotes":""},"class_list":["post-308","page","type-page","status-publish","hentry","description-off"],"yoast_head":"<!-- This site is optimized with the Yoast SEO plugin v27.5 - https:\/\/yoast.com\/product\/yoast-seo-wordpress\/ -->\n<title>Mijn werkwijze - vivace-ctc<\/title>\n<meta name=\"description\" content=\"Met expertise in organisatieontwikkeling help ik leidinggevenden en medewerkers leren, reflecteren en groeien in de praktijk.\" \/>\n<meta name=\"robots\" content=\"index, follow, max-snippet:-1, max-image-preview:large, max-video-preview:-1\" \/>\n<link rel=\"canonical\" href=\"https:\/\/vivace-ctc.nl\/fr\/werkwijze\/\" \/>\n<meta property=\"og:locale\" content=\"fr_FR\" \/>\n<meta property=\"og:type\" content=\"article\" \/>\n<meta property=\"og:title\" content=\"Mijn werkwijze - vivace-ctc\" \/>\n<meta property=\"og:description\" content=\"Met expertise in organisatieontwikkeling help ik leidinggevenden en medewerkers leren, reflecteren en groeien in de praktijk.\" \/>\n<meta property=\"og:url\" content=\"https:\/\/vivace-ctc.nl\/fr\/werkwijze\/\" \/>\n<meta property=\"og:site_name\" content=\"vivace-ctc\" \/>\n<meta property=\"article:modified_time\" content=\"2025-10-03T14:05:42+00:00\" \/>\n<meta name=\"twitter:card\" content=\"summary_large_image\" \/>\n<meta name=\"twitter:label1\" content=\"Dur\u00e9e de lecture estim\u00e9e\" \/>\n\t<meta name=\"twitter:data1\" content=\"2 minutes\" \/>\n<script type=\"application\/ld+json\" class=\"yoast-schema-graph\">{\"@context\":\"https:\\\/\\\/schema.org\",\"@graph\":[{\"@type\":\"WebPage\",\"@id\":\"https:\\\/\\\/vivace-ctc.nl\\\/werkwijze\\\/\",\"url\":\"https:\\\/\\\/vivace-ctc.nl\\\/werkwijze\\\/\",\"name\":\"Mijn werkwijze - vivace-ctc\",\"isPartOf\":{\"@id\":\"https:\\\/\\\/vivace-ctc.nl\\\/#website\"},\"datePublished\":\"2018-09-09T12:19:44+00:00\",\"dateModified\":\"2025-10-03T14:05:42+00:00\",\"description\":\"Met expertise in organisatieontwikkeling help ik leidinggevenden en medewerkers leren, reflecteren en groeien in de praktijk.\",\"breadcrumb\":{\"@id\":\"https:\\\/\\\/vivace-ctc.nl\\\/werkwijze\\\/#breadcrumb\"},\"inLanguage\":\"fr-FR\",\"potentialAction\":[{\"@type\":\"ReadAction\",\"target\":[\"https:\\\/\\\/vivace-ctc.nl\\\/werkwijze\\\/\"]}]},{\"@type\":\"BreadcrumbList\",\"@id\":\"https:\\\/\\\/vivace-ctc.nl\\\/werkwijze\\\/#breadcrumb\",\"itemListElement\":[{\"@type\":\"ListItem\",\"position\":1,\"name\":\"Home\",\"item\":\"https:\\\/\\\/vivace-ctc.nl\\\/\"},{\"@type\":\"ListItem\",\"position\":2,\"name\":\"Mijn werkwijze\"}]},{\"@type\":\"WebSite\",\"@id\":\"https:\\\/\\\/vivace-ctc.nl\\\/#website\",\"url\":\"https:\\\/\\\/vivace-ctc.nl\\\/\",\"name\":\"vivace-ctc\",\"description\":\"Levendig verbinden\",\"potentialAction\":[{\"@type\":\"SearchAction\",\"target\":{\"@type\":\"EntryPoint\",\"urlTemplate\":\"https:\\\/\\\/vivace-ctc.nl\\\/?s={search_term_string}\"},\"query-input\":{\"@type\":\"PropertyValueSpecification\",\"valueRequired\":true,\"valueName\":\"search_term_string\"}}],\"inLanguage\":\"fr-FR\"}]}<\/script>\n<!-- \/ Yoast SEO plugin. -->","yoast_head_json":{"title":"Mijn werkwijze - vivace-ctc","description":"Met expertise in organisatieontwikkeling help ik leidinggevenden en medewerkers leren, reflecteren en groeien in de praktijk.","robots":{"index":"index","follow":"follow","max-snippet":"max-snippet:-1","max-image-preview":"max-image-preview:large","max-video-preview":"max-video-preview:-1"},"canonical":"https:\/\/vivace-ctc.nl\/fr\/werkwijze\/","og_locale":"fr_FR","og_type":"article","og_title":"Mijn werkwijze - vivace-ctc","og_description":"Met expertise in organisatieontwikkeling help ik leidinggevenden en medewerkers leren, reflecteren en groeien in de praktijk.","og_url":"https:\/\/vivace-ctc.nl\/fr\/werkwijze\/","og_site_name":"vivace-ctc","article_modified_time":"2025-10-03T14:05:42+00:00","twitter_card":"summary_large_image","twitter_misc":{"Dur\u00e9e de lecture estim\u00e9e":"2 minutes"},"schema":{"@context":"https:\/\/schema.org","@graph":[{"@type":"WebPage","@id":"https:\/\/vivace-ctc.nl\/werkwijze\/","url":"https:\/\/vivace-ctc.nl\/werkwijze\/","name":"Mijn werkwijze - vivace-ctc","isPartOf":{"@id":"https:\/\/vivace-ctc.nl\/#website"},"datePublished":"2018-09-09T12:19:44+00:00","dateModified":"2025-10-03T14:05:42+00:00","description":"Met expertise in organisatieontwikkeling help ik leidinggevenden en medewerkers leren, reflecteren en groeien in de praktijk.","breadcrumb":{"@id":"https:\/\/vivace-ctc.nl\/werkwijze\/#breadcrumb"},"inLanguage":"fr-FR","potentialAction":[{"@type":"ReadAction","target":["https:\/\/vivace-ctc.nl\/werkwijze\/"]}]},{"@type":"BreadcrumbList","@id":"https:\/\/vivace-ctc.nl\/werkwijze\/#breadcrumb","itemListElement":[{"@type":"ListItem","position":1,"name":"Home","item":"https:\/\/vivace-ctc.nl\/"},{"@type":"ListItem","position":2,"name":"Mijn werkwijze"}]},{"@type":"WebSite","@id":"https:\/\/vivace-ctc.nl\/#website","url":"https:\/\/vivace-ctc.nl\/","name":"vivace-ctc","description":"Une connexion vivante","potentialAction":[{"@type":"SearchAction","target":{"@type":"EntryPoint","urlTemplate":"https:\/\/vivace-ctc.nl\/?s={search_term_string}"},"query-input":{"@type":"PropertyValueSpecification","valueRequired":true,"valueName":"search_term_string"}}],"inLanguage":"fr-FR"}]}},"_links":{"self":[{"href":"https:\/\/vivace-ctc.nl\/fr\/wp-json\/wp\/v2\/pages\/308","targetHints":{"allow":["GET"]}}],"collection":[{"href":"https:\/\/vivace-ctc.nl\/fr\/wp-json\/wp\/v2\/pages"}],"about":[{"href":"https:\/\/vivace-ctc.nl\/fr\/wp-json\/wp\/v2\/types\/page"}],"author":[{"embeddable":true,"href":"https:\/\/vivace-ctc.nl\/fr\/wp-json\/wp\/v2\/users\/4"}],"replies":[{"embeddable":true,"href":"https:\/\/vivace-ctc.nl\/fr\/wp-json\/wp\/v2\/comments?post=308"}],"version-history":[{"count":3,"href":"https:\/\/vivace-ctc.nl\/fr\/wp-json\/wp\/v2\/pages\/308\/revisions"}],"predecessor-version":[{"id":905,"href":"https:\/\/vivace-ctc.nl\/fr\/wp-json\/wp\/v2\/pages\/308\/revisions\/905"}],"wp:attachment":[{"href":"https:\/\/vivace-ctc.nl\/fr\/wp-json\/wp\/v2\/media?parent=308"}],"curies":[{"name":"wp","href":"https:\/\/api.w.org\/{rel}","templated":true}]}}