{"id":386,"date":"2018-09-09T14:38:40","date_gmt":"2018-09-09T14:38:40","guid":{"rendered":"https:\/\/vivace-ctc.nl\/?page_id=386"},"modified":"2025-10-03T14:08:08","modified_gmt":"2025-10-03T14:08:08","slug":"de-visie-van-vivace","status":"publish","type":"page","link":"https:\/\/vivace-ctc.nl\/fr\/de-visie-van-vivace\/","title":{"rendered":"La vision de Vivace"},"content":{"rendered":"<div class=\"wpb-content-wrapper\"><div class=\"vc_row wpb_row vc_row-fluid\"><div class=\"wpb_column vc_column_container vc_col-sm-12\"><div class=\"vc_column-inner\"><div class=\"wpb_wrapper\">\n\t<div class=\"wpb_text_column wpb_content_element\" >\n\t\t<div class=\"wpb_wrapper\">\n\t\t\t<h1>La vision de Vivace<\/h1>\n\n\t\t<\/div>\n\t<\/div>\n<\/div><\/div><\/div><\/div><div class=\"vc_row wpb_row vc_row-fluid\"><div class=\"wpb_column vc_column_container vc_col-sm-12\"><div class=\"vc_column-inner\"><div class=\"wpb_wrapper\">\n\t<div class=\"wpb_text_column wpb_content_element\" >\n\t\t<div class=\"wpb_wrapper\">\n\t\t\t<h2>C'est pourquoi Vivace !<\/h2>\n<p>Les organisations saines sont en constante \u00e9volution. Cette dynamique cr\u00e9e des d\u00e9fis et des opportunit\u00e9s, mais soul\u00e8ve \u00e9galement des questions. Chaque changement impose de nouvelles exigences aux managers, aux \u00e9quipes et aux employ\u00e9s et n\u00e9cessite une adaptation et un d\u00e9veloppement. Pour vous aider dans cette t\u00e2che, Vivace vous propose des conseils professionnels dans les domaines suivants <strong>le d\u00e9veloppement organisationnel, le coaching en leadership et le coaching d'\u00e9quipe<\/strong> - \u00e0 Amsterdam, dans la Randstad et dans l'ensemble des Pays-Bas.<\/p>\n<h2>Vivace est synonyme de diligence<\/h2>\n<p>Avant le d\u00e9but de chaque programme, Vivace rapproche soigneusement l'offre et la demande. Au cours d'un ou plusieurs entretiens pr\u00e9liminaires avec le client - et, si n\u00e9cessaire, avec les employ\u00e9s - les souhaits, les besoins et les possibilit\u00e9s sont identifi\u00e9s. Sur cette base, un <strong>proposition personnalis\u00e9e<\/strong> qui correspond \u00e0 l'organisation et \u00e0 ses objectifs.<\/p>\n<h2>Vivace signifie action<\/h2>\n<p>Vivace encourage les organisations \u00e0 mettre en \u0153uvre le changement de mani\u00e8re active et efficace. En examinant les probl\u00e8mes li\u00e9s au travail, en posant des questions, en remettant en cause et en donnant des conseils, les managers et les \u00e9quipes sont encourag\u00e9s \u00e0 trouver eux-m\u00eames des r\u00e9ponses. Un large \u00e9ventail de <strong>formats interactifs<\/strong> garantit un cours vivant, toujours li\u00e9 aux styles d'apprentissage des participants et aux objectifs de l'organisation.<\/p>\n<h2>Vivace signifie r\u00e9flexion<\/h2>\n<p>Les gens poss\u00e8dent souvent plus de comp\u00e9tences qu'ils n'en ont conscience. Vivace aide \u00e0 rendre ces qualit\u00e9s visibles, \u00e0 les d\u00e9velopper et \u00e0 les utiliser. Cette r\u00e9flexion renforce <strong>la confiance en soi, l'\u00e9nergie et la force de leadership<\/strong>Les objectifs personnels et organisationnels peuvent ainsi \u00eatre atteints plus rapidement.<\/p>\n<h2>Vivace signifie mouvement<\/h2>\n<p>Les changements dans les organisations exercent souvent une pression sur la communication et la coop\u00e9ration. Vivace prend chaque probl\u00e8me au s\u00e9rieux et remet les gens en mouvement avec perspective et humour. Il en r\u00e9sulte des am\u00e9liorations durables qui contribuent \u00e0 la bonne sant\u00e9 des \u00e9quipes et \u00e0 l'am\u00e9lioration des r\u00e9sultats de l'entreprise.<\/p>\n\n\t\t<\/div>\n\t<\/div>\n<\/div><\/div><\/div><\/div>\n<\/div>","protected":false},"excerpt":{"rendered":"<p>La vision de Vivace C'est pourquoi Vivace ! Les organisations saines sont en constante \u00e9volution. Cette dynamique cr\u00e9e des d\u00e9fis et des opportunit\u00e9s, mais soul\u00e8ve aussi des questions. Chaque changement impose de nouvelles exigences aux managers, aux \u00e9quipes et aux employ\u00e9s et n\u00e9cessite une adaptation et un d\u00e9veloppement. Pour vous aider, Vivace propose des conseils professionnels en mati\u00e8re de d\u00e9veloppement organisationnel, de coaching de leadership et de coaching d'\u00e9quipe - \u00e0 Amsterdam,...<\/p>","protected":false},"author":4,"featured_media":0,"parent":0,"menu_order":0,"comment_status":"closed","ping_status":"closed","template":"","meta":{"footnotes":""},"class_list":["post-386","page","type-page","status-publish","hentry","description-off"],"yoast_head":"<!-- This site is optimized with the Yoast SEO plugin v27.5 - https:\/\/yoast.com\/product\/yoast-seo-wordpress\/ -->\n<title>De visie van Vivace - vivace-ctc<\/title>\n<meta name=\"description\" content=\"Vivace helpt leidinggevenden en teams groeien. Met zorgvuldige coaching, actie en reflectie brengen we mensen en organisaties duurzaam in beweging.\" \/>\n<meta name=\"robots\" content=\"index, follow, max-snippet:-1, max-image-preview:large, max-video-preview:-1\" \/>\n<link rel=\"canonical\" href=\"https:\/\/vivace-ctc.nl\/fr\/de-visie-van-vivace\/\" \/>\n<meta property=\"og:locale\" content=\"fr_FR\" \/>\n<meta property=\"og:type\" content=\"article\" \/>\n<meta property=\"og:title\" content=\"De visie van Vivace - vivace-ctc\" \/>\n<meta property=\"og:description\" content=\"Vivace helpt leidinggevenden en teams groeien. Met zorgvuldige coaching, actie en reflectie brengen we mensen en organisaties duurzaam in beweging.\" \/>\n<meta property=\"og:url\" content=\"https:\/\/vivace-ctc.nl\/fr\/de-visie-van-vivace\/\" \/>\n<meta property=\"og:site_name\" content=\"vivace-ctc\" \/>\n<meta property=\"article:modified_time\" content=\"2025-10-03T14:08:08+00:00\" \/>\n<meta name=\"twitter:card\" content=\"summary_large_image\" \/>\n<meta name=\"twitter:label1\" content=\"Dur\u00e9e de lecture estim\u00e9e\" \/>\n\t<meta name=\"twitter:data1\" content=\"2 minutes\" \/>\n<script type=\"application\/ld+json\" class=\"yoast-schema-graph\">{\"@context\":\"https:\\\/\\\/schema.org\",\"@graph\":[{\"@type\":\"WebPage\",\"@id\":\"https:\\\/\\\/vivace-ctc.nl\\\/de-visie-van-vivace\\\/\",\"url\":\"https:\\\/\\\/vivace-ctc.nl\\\/de-visie-van-vivace\\\/\",\"name\":\"De visie van Vivace - vivace-ctc\",\"isPartOf\":{\"@id\":\"https:\\\/\\\/vivace-ctc.nl\\\/#website\"},\"datePublished\":\"2018-09-09T14:38:40+00:00\",\"dateModified\":\"2025-10-03T14:08:08+00:00\",\"description\":\"Vivace helpt leidinggevenden en teams groeien. Met zorgvuldige coaching, actie en reflectie brengen we mensen en organisaties duurzaam in beweging.\",\"breadcrumb\":{\"@id\":\"https:\\\/\\\/vivace-ctc.nl\\\/de-visie-van-vivace\\\/#breadcrumb\"},\"inLanguage\":\"fr-FR\",\"potentialAction\":[{\"@type\":\"ReadAction\",\"target\":[\"https:\\\/\\\/vivace-ctc.nl\\\/de-visie-van-vivace\\\/\"]}]},{\"@type\":\"BreadcrumbList\",\"@id\":\"https:\\\/\\\/vivace-ctc.nl\\\/de-visie-van-vivace\\\/#breadcrumb\",\"itemListElement\":[{\"@type\":\"ListItem\",\"position\":1,\"name\":\"Home\",\"item\":\"https:\\\/\\\/vivace-ctc.nl\\\/\"},{\"@type\":\"ListItem\",\"position\":2,\"name\":\"De visie van Vivace\"}]},{\"@type\":\"WebSite\",\"@id\":\"https:\\\/\\\/vivace-ctc.nl\\\/#website\",\"url\":\"https:\\\/\\\/vivace-ctc.nl\\\/\",\"name\":\"vivace-ctc\",\"description\":\"Levendig verbinden\",\"potentialAction\":[{\"@type\":\"SearchAction\",\"target\":{\"@type\":\"EntryPoint\",\"urlTemplate\":\"https:\\\/\\\/vivace-ctc.nl\\\/?s={search_term_string}\"},\"query-input\":{\"@type\":\"PropertyValueSpecification\",\"valueRequired\":true,\"valueName\":\"search_term_string\"}}],\"inLanguage\":\"fr-FR\"}]}<\/script>\n<!-- \/ Yoast SEO plugin. -->","yoast_head_json":{"title":"La vision de Vivace - vivace-ctc","description":"Vivace aide les cadres et les \u00e9quipes \u00e0 se d\u00e9velopper. Gr\u00e2ce \u00e0 un coaching attentif, \u00e0 l'action et \u00e0 la r\u00e9flexion, nous faisons \u00e9voluer les personnes et les organisations de mani\u00e8re durable.","robots":{"index":"index","follow":"follow","max-snippet":"max-snippet:-1","max-image-preview":"max-image-preview:large","max-video-preview":"max-video-preview:-1"},"canonical":"https:\/\/vivace-ctc.nl\/fr\/de-visie-van-vivace\/","og_locale":"fr_FR","og_type":"article","og_title":"De visie van Vivace - vivace-ctc","og_description":"Vivace helpt leidinggevenden en teams groeien. Met zorgvuldige coaching, actie en reflectie brengen we mensen en organisaties duurzaam in beweging.","og_url":"https:\/\/vivace-ctc.nl\/fr\/de-visie-van-vivace\/","og_site_name":"vivace-ctc","article_modified_time":"2025-10-03T14:08:08+00:00","twitter_card":"summary_large_image","twitter_misc":{"Dur\u00e9e de lecture estim\u00e9e":"2 minutes"},"schema":{"@context":"https:\/\/schema.org","@graph":[{"@type":"WebPage","@id":"https:\/\/vivace-ctc.nl\/de-visie-van-vivace\/","url":"https:\/\/vivace-ctc.nl\/de-visie-van-vivace\/","name":"La vision de Vivace - vivace-ctc","isPartOf":{"@id":"https:\/\/vivace-ctc.nl\/#website"},"datePublished":"2018-09-09T14:38:40+00:00","dateModified":"2025-10-03T14:08:08+00:00","description":"Vivace aide les cadres et les \u00e9quipes \u00e0 se d\u00e9velopper. Gr\u00e2ce \u00e0 un coaching attentif, \u00e0 l'action et \u00e0 la r\u00e9flexion, nous faisons \u00e9voluer les personnes et les organisations de mani\u00e8re durable.","breadcrumb":{"@id":"https:\/\/vivace-ctc.nl\/de-visie-van-vivace\/#breadcrumb"},"inLanguage":"fr-FR","potentialAction":[{"@type":"ReadAction","target":["https:\/\/vivace-ctc.nl\/de-visie-van-vivace\/"]}]},{"@type":"BreadcrumbList","@id":"https:\/\/vivace-ctc.nl\/de-visie-van-vivace\/#breadcrumb","itemListElement":[{"@type":"ListItem","position":1,"name":"Home","item":"https:\/\/vivace-ctc.nl\/"},{"@type":"ListItem","position":2,"name":"De visie van Vivace"}]},{"@type":"WebSite","@id":"https:\/\/vivace-ctc.nl\/#website","url":"https:\/\/vivace-ctc.nl\/","name":"vivace-ctc","description":"Une connexion vivante","potentialAction":[{"@type":"SearchAction","target":{"@type":"EntryPoint","urlTemplate":"https:\/\/vivace-ctc.nl\/?s={search_term_string}"},"query-input":{"@type":"PropertyValueSpecification","valueRequired":true,"valueName":"search_term_string"}}],"inLanguage":"fr-FR"}]}},"_links":{"self":[{"href":"https:\/\/vivace-ctc.nl\/fr\/wp-json\/wp\/v2\/pages\/386","targetHints":{"allow":["GET"]}}],"collection":[{"href":"https:\/\/vivace-ctc.nl\/fr\/wp-json\/wp\/v2\/pages"}],"about":[{"href":"https:\/\/vivace-ctc.nl\/fr\/wp-json\/wp\/v2\/types\/page"}],"author":[{"embeddable":true,"href":"https:\/\/vivace-ctc.nl\/fr\/wp-json\/wp\/v2\/users\/4"}],"replies":[{"embeddable":true,"href":"https:\/\/vivace-ctc.nl\/fr\/wp-json\/wp\/v2\/comments?post=386"}],"version-history":[{"count":3,"href":"https:\/\/vivace-ctc.nl\/fr\/wp-json\/wp\/v2\/pages\/386\/revisions"}],"predecessor-version":[{"id":907,"href":"https:\/\/vivace-ctc.nl\/fr\/wp-json\/wp\/v2\/pages\/386\/revisions\/907"}],"wp:attachment":[{"href":"https:\/\/vivace-ctc.nl\/fr\/wp-json\/wp\/v2\/media?parent=386"}],"curies":[{"name":"wp","href":"https:\/\/api.w.org\/{rel}","templated":true}]}}