{"id":695,"date":"2022-09-26T12:43:14","date_gmt":"2022-09-26T12:43:14","guid":{"rendered":"https:\/\/vivace-ctc.nl\/?page_id=695"},"modified":"2025-10-03T14:22:03","modified_gmt":"2025-10-03T14:22:03","slug":"masterclass","status":"publish","type":"page","link":"https:\/\/vivace-ctc.nl\/fr\/masterclass\/","title":{"rendered":"Cours de ma\u00eetre"},"content":{"rendered":"<div class=\"wpb-content-wrapper\"><div class=\"vc_row wpb_row vc_row-fluid\"><div class=\"wpb_column vc_column_container vc_col-sm-12\"><div class=\"vc_column-inner\"><div class=\"wpb_wrapper\">\n\t<div class=\"wpb_text_column wpb_content_element \" >\n\t\t<div class=\"wpb_wrapper\">\n\t\t\t<h1>Masterclasses<\/h1>\n\n\t\t<\/div>\n\t<\/div>\n<\/div><\/div><\/div><\/div><div class=\"vc_row wpb_row vc_row-fluid\"><div class=\"wpb_column vc_column_container vc_col-sm-12\"><div class=\"vc_column-inner\"><div class=\"wpb_wrapper\">\n\t<div class=\"wpb_text_column wpb_content_element \" >\n\t\t<div class=\"wpb_wrapper\">\n\t\t\t<h2>Vivace Masterclasses<\/h2>\n<p>Ontdek de kunst van effectieve gesprekken en persoonlijke groei met de <strong>Vivace Masterclasses<\/strong>. In een tijd van constante verandering bieden wij <strong>leidinggevenden, coaches en professionals<\/strong> inzicht en vaardigheden om gelijkwaardig en met plezier met klanten, medewerkers en teams samen te werken.<\/p>\n<p>Onze expertise in <strong>organisatieontwikkeling, leiderschapscoaching en gespreksvoering<\/strong> staat centraal, altijd vanuit ons motto: <em>levendig verbinden<\/em>. Je leert hoe leren plaatsvindt in een samenhangend systeem en maakt gebruik van diverse leermethoden. Begeleiding, reflectie en humor zorgen daarbij voor nieuwe energie en motivatie in je werk.<\/p>\n<h3>Wat je leert in de Vivace Masterclasses<\/h3>\n<ul>\n<li>Leiden en loslaten in complexe gesprekken<\/li>\n<li>Fijngevoeligheid en empathisch vermogen vergroten<\/li>\n<li>Nieuwe perspectieven en invalshoeken ontdekken<\/li>\n<li>Omgaan met uitdagende gespreksituaties<\/li>\n<li>Reflecteren op eigen praktijk en innerlijke processen<\/li>\n<\/ul>\n<p>De masterclasses worden geleid door ervaren trainers zoals <strong>Gerda Nobel<\/strong> en <strong>Allard de Hoop<\/strong>. Zij combineren praktijkervaring met diepgaande kennis van <strong>coaching, leiderschap en organisatieontwikkeling<\/strong>.<\/p>\n<p>Of je nu werkzaam bent in <strong>onderwijs, zorg, overheid of bedrijfsleven<\/strong> \u2013 deze masterclasses zijn jouw reis naar <strong>persoonlijke groei, leiderschapsontwikkeling en effectieve communicatie<\/strong> in de praktijk, in Amsterdam, de Randstad en door heel Nederland.<\/p>\n\n\t\t<\/div>\n\t<\/div>\n<\/div><\/div><\/div><\/div><div class=\"vc_row wpb_row vc_row-fluid\"><div class=\"wpb_column vc_column_container vc_col-sm-12\"><div class=\"vc_column-inner\"><div class=\"wpb_wrapper\">\n\t<div class=\"wpb_text_column wpb_content_element \" >\n\t\t<div class=\"wpb_wrapper\">\n\t\t\t<h2>Ontdek onze inspirerende Masterclasses<\/h2>\n\n\t\t<\/div>\n\t<\/div>\n<\/div><\/div><\/div><\/div><div class=\"vc_row wpb_row vc_row-fluid\"><div class=\"wpb_column vc_column_container vc_col-sm-12\"><div class=\"vc_column-inner\"><div class=\"wpb_wrapper\"><section class=\"items-grid wf-container\"><div class=\"wf-cell wf-1-2\"><article class=\"post-format-standard\"><div class=\"post-content\"><a href=\"https:\/\/vivace-ctc.nl\/fr\/8oktober2026\/\">De intervisor als instrument &#8211; 8 oktober 2026<\/a><p class=\"text-small\"><\/p><time class=\"text-secondary\" datetime=\"2026-04-16T11:33:43+00:00\">16 avril 2026<\/time><\/div><\/article><\/div><\/section><\/div><\/div><\/div><\/div><div class=\"vc_row wpb_row vc_row-fluid\"><div class=\"wpb_column vc_column_container vc_col-sm-12\"><div class=\"vc_column-inner\"><div class=\"wpb_wrapper\">\n\t<div class=\"wpb_text_column wpb_content_element \" >\n\t\t<div class=\"wpb_wrapper\">\n\t\t\t<h2>Aanmelden<\/h2>\n\n\t\t<\/div>\n\t<\/div>\n<\/div><\/div><\/div><\/div><div class=\"vc_row wpb_row vc_row-fluid\"><div class=\"wpb_column vc_column_container vc_col-sm-12\"><div class=\"vc_column-inner\"><div class=\"wpb_wrapper\"><div class=\"wpforms-container wpforms-container-full\" id=\"wpforms-683\"><form id=\"wpforms-form-683\" class=\"wpforms-validate wpforms-form wpforms-ajax-form\" data-formid=\"683\" method=\"post\" enctype=\"multipart\/form-data\" action=\"\/fr\/wp-json\/wp\/v2\/pages\/695\" data-token=\"e752c7e4f11f45456e4a24fc10b4186a\" data-token-time=\"1777506901\"><noscript class=\"wpforms-error-noscript\">Veuillez activer JavaScript dans votre navigateur pour remplir ce formulaire.<\/noscript><div class=\"wpforms-field-container\"><div id=\"wpforms-683-field_23-container\" class=\"wpforms-field wpforms-field-select wpforms-field-select-style-classic\" data-field-id=\"23\"><label class=\"wpforms-field-label\" for=\"wpforms-683-field_23\">Aanmelden voor...... <span class=\"wpforms-required-label\">*<\/span><\/label><select id=\"wpforms-683-field_23\" class=\"wpforms-field-large wpforms-field-required\" name=\"wpforms[fields][23]\" required=\"required\"><option value=\"Selecteer...\"  class=\"choice-4 depth-1\"  >Selecteer...<\/option><option value=\"Puntjes op de i \u2026  - Masterclass \u2013 9 &amp; 10 Oktober 2025 - Euro 895\"  class=\"choice-8 depth-1\"  >Puntjes op de i \u2026  - Masterclass \u2013 9 &amp; 10 Oktober 2025 - Euro 895<\/option><option value=\"Doedag: Inspireren en doen! - 16 oktober 2025 - Euro 495\"  class=\"choice-9 depth-1\"  >Doedag: Inspireren en doen! - 16 oktober 2025 - Euro 495<\/option><\/select><\/div><div id=\"wpforms-683-field_25-container\" class=\"wpforms-field wpforms-field-text\" data-field-id=\"25\"><label class=\"wpforms-field-label\" for=\"wpforms-683-field_25\">Voornaam <span class=\"wpforms-required-label\">*<\/span><\/label><input type=\"text\" id=\"wpforms-683-field_25\" class=\"wpforms-field-large wpforms-field-required\" name=\"wpforms[fields][25]\" required><\/div><div id=\"wpforms-683-field_26-container\" class=\"wpforms-field wpforms-field-text\" data-field-id=\"26\"><label class=\"wpforms-field-label\" for=\"wpforms-683-field_26\">Achternaam <span class=\"wpforms-required-label\">*<\/span><\/label><input type=\"text\" id=\"wpforms-683-field_26\" class=\"wpforms-field-large wpforms-field-required\" name=\"wpforms[fields][26]\" required><\/div><div id=\"wpforms-683-field_5-container\" class=\"wpforms-field wpforms-field-text\" data-field-id=\"5\"><label class=\"wpforms-field-label\" for=\"wpforms-683-field_5\">Adres <span class=\"wpforms-required-label\">*<\/span><\/label><input type=\"text\" id=\"wpforms-683-field_5\" class=\"wpforms-field-large wpforms-field-required\" name=\"wpforms[fields][5]\" required><\/div><div id=\"wpforms-683-field_6-container\" class=\"wpforms-field wpforms-field-text\" data-field-id=\"6\"><label class=\"wpforms-field-label\" for=\"wpforms-683-field_6\">Postcode <span class=\"wpforms-required-label\">*<\/span><\/label><input type=\"text\" id=\"wpforms-683-field_6\" class=\"wpforms-field-large wpforms-field-required\" name=\"wpforms[fields][6]\" required><\/div><div id=\"wpforms-683-field_7-container\" class=\"wpforms-field wpforms-field-text\" data-field-id=\"7\"><label class=\"wpforms-field-label\" for=\"wpforms-683-field_7\">Plaatsnaam <span class=\"wpforms-required-label\">*<\/span><\/label><input type=\"text\" id=\"wpforms-683-field_7\" class=\"wpforms-field-large wpforms-field-required\" name=\"wpforms[fields][7]\" required><\/div><div id=\"wpforms-683-field_8-container\" class=\"wpforms-field wpforms-field-text\" data-field-id=\"8\"><label class=\"wpforms-field-label\" for=\"wpforms-683-field_8\">Telefoonnummer <span class=\"wpforms-required-label\">*<\/span><\/label><input type=\"text\" id=\"wpforms-683-field_8\" class=\"wpforms-field-large wpforms-field-required\" name=\"wpforms[fields][8]\" required><\/div><div id=\"wpforms-683-field_27-container\" class=\"wpforms-field wpforms-field-email\" data-field-id=\"27\"><label class=\"wpforms-field-label\" for=\"wpforms-683-field_27\">E-mail <span class=\"wpforms-required-label\">*<\/span><\/label><input type=\"email\" id=\"wpforms-683-field_27\" class=\"wpforms-field-large wpforms-field-required\" name=\"wpforms[fields][27]\" spellcheck=\"false\" required><\/div><div id=\"wpforms-683-field_9-container\" class=\"wpforms-field wpforms-field-text\" data-field-id=\"9\"><label class=\"wpforms-field-label\" for=\"wpforms-683-field_9\">Geboortedatum <span class=\"wpforms-required-label\">*<\/span><\/label><input type=\"text\" id=\"wpforms-683-field_9\" class=\"wpforms-field-large wpforms-field-required\" name=\"wpforms[fields][9]\" required><\/div><div id=\"wpforms-683-field_10-container\" class=\"wpforms-field wpforms-field-text\" data-field-id=\"10\"><label class=\"wpforms-field-label\" for=\"wpforms-683-field_10\">Geboorteplaats <span class=\"wpforms-required-label\">*<\/span><\/label><input type=\"text\" id=\"wpforms-683-field_10\" class=\"wpforms-field-large wpforms-field-required\" name=\"wpforms[fields][10]\" required><\/div><div id=\"wpforms-683-field_11-container\" class=\"wpforms-field wpforms-field-text\" data-field-id=\"11\"><label class=\"wpforms-field-label\" for=\"wpforms-683-field_11\">School \/ Organisatie <span class=\"wpforms-required-label\">*<\/span><\/label><input type=\"text\" id=\"wpforms-683-field_11\" class=\"wpforms-field-large wpforms-field-required\" name=\"wpforms[fields][11]\" required><\/div><div id=\"wpforms-683-field_12-container\" class=\"wpforms-field wpforms-field-text\" data-field-id=\"12\"><label class=\"wpforms-field-label\" for=\"wpforms-683-field_12\">Functie in de school <span class=\"wpforms-required-label\">*<\/span><\/label><input type=\"text\" id=\"wpforms-683-field_12\" class=\"wpforms-field-large wpforms-field-required\" name=\"wpforms[fields][12]\" required><\/div><div id=\"wpforms-683-field_13-container\" class=\"wpforms-field wpforms-field-text\" data-field-id=\"13\"><label class=\"wpforms-field-label\" for=\"wpforms-683-field_13\">Adres school <span class=\"wpforms-required-label\">*<\/span><\/label><input type=\"text\" id=\"wpforms-683-field_13\" class=\"wpforms-field-large wpforms-field-required\" name=\"wpforms[fields][13]\" required><\/div><div id=\"wpforms-683-field_14-container\" class=\"wpforms-field wpforms-field-text\" data-field-id=\"14\"><label class=\"wpforms-field-label\" for=\"wpforms-683-field_14\">Postcode \/ Plaatsnaam <span class=\"wpforms-required-label\">*<\/span><\/label><input type=\"text\" id=\"wpforms-683-field_14\" class=\"wpforms-field-large wpforms-field-required\" name=\"wpforms[fields][14]\" required><\/div><div id=\"wpforms-683-field_16-container\" class=\"wpforms-field wpforms-field-text\" data-field-id=\"16\"><label class=\"wpforms-field-label\" for=\"wpforms-683-field_16\">Telefoonnummer <span class=\"wpforms-required-label\">*<\/span><\/label><input type=\"text\" id=\"wpforms-683-field_16\" class=\"wpforms-field-large wpforms-field-required\" name=\"wpforms[fields][16]\" required><\/div><div id=\"wpforms-683-field_28-container\" class=\"wpforms-field wpforms-field-name\" data-field-id=\"28\"><label class=\"wpforms-field-label\" for=\"wpforms-683-field_28\">Handtekening <span class=\"wpforms-required-label\">*<\/span><\/label><input type=\"text\" id=\"wpforms-683-field_28\" class=\"wpforms-field-large wpforms-field-required\" name=\"wpforms[fields][28]\" required><\/div><div id=\"wpforms-683-field_31-container\" class=\"wpforms-field wpforms-field-name\" data-field-id=\"31\"><label class=\"wpforms-field-label\" for=\"wpforms-683-field_31\">Datum <span class=\"wpforms-required-label\">*<\/span><\/label><input type=\"text\" id=\"wpforms-683-field_31\" class=\"wpforms-field-large wpforms-field-required\" name=\"wpforms[fields][31]\" required><\/div><div id=\"wpforms-683-field_17-container\" class=\"wpforms-field wpforms-field-radio\" data-field-id=\"17\"><label class=\"wpforms-field-label\">De factuur ter betaling van de kosten graag sturen naar <span class=\"wpforms-required-label\">*<\/span><\/label><ul id=\"wpforms-683-field_17\" class=\"wpforms-field-required\"><li class=\"choice-1 depth-1\"><input type=\"radio\" id=\"wpforms-683-field_17_1\" name=\"wpforms[fields][17]\" value=\"mijzelf\" required ><label class=\"wpforms-field-label-inline\" for=\"wpforms-683-field_17_1\">mijzelf<\/label><\/li><li class=\"choice-2 depth-1\"><input type=\"radio\" id=\"wpforms-683-field_17_2\" name=\"wpforms[fields][17]\" value=\"mijn werkgever\/de school\" required ><label class=\"wpforms-field-label-inline\" for=\"wpforms-683-field_17_2\">mijn werkgever\/de school<\/label><\/li><\/ul><\/div><div id=\"wpforms-683-field_19-container\" class=\"wpforms-field wpforms-field-checkbox\" data-field-id=\"19\"><label class=\"wpforms-field-label\">Algemene voorwaarden <span class=\"wpforms-required-label\">*<\/span><\/label><ul id=\"wpforms-683-field_19\" class=\"wpforms-field-required\"><li class=\"choice-1 depth-1\"><input type=\"checkbox\" id=\"wpforms-683-field_19_1\" name=\"wpforms[fields][19][]\" value=\"Ik ga akkoord met de Algemene Voorwaarden en de Inschrijvings- en Betalingsvoorwaarden van Vivace, zoals beschikbaar gesteld op https:\/\/vivace-ctc.nl\/leveringsvoorwaarden\/. Met mijn inschrijving verplicht ik mij tot betaling van de bovengenoemde kosten per masterclass (all-in).  Betaling dient te geschieden binnen 14 dagen na de bevestiging van de inschrijving.  Annulering door de deelnemer is uitsluitend mogelijk per e-mail of per aangetekende brief en tot uiterlijk vier weken voor de geplande eerste trainingsdag. De datum van ontvangst van de annulering geldt als aanzegdatum. Bij annulering wordt 10% van de cursuskosten in rekening gebracht als opzegvergoeding.  Uiteraard kan de deelnemer zich laten vervangen door een andere deelnemer, mits dit vooraf schriftelijk wordt doorgegeven aan Vivace. Hieraan zijn geen extra kosten verbonden.\" required ><label class=\"wpforms-field-label-inline\" for=\"wpforms-683-field_19_1\">Ik ga akkoord met de Algemene Voorwaarden en de Inschrijvings- en Betalingsvoorwaarden van Vivace, zoals beschikbaar gesteld op https:\/\/vivace-ctc.nl\/leveringsvoorwaarden\/. Met mijn inschrijving verplicht ik mij tot betaling van de bovengenoemde kosten per masterclass (all-in).  Betaling dient te geschieden binnen 14 dagen na de bevestiging van de inschrijving.  Annulering door de deelnemer is uitsluitend mogelijk per e-mail of per aangetekende brief en tot uiterlijk vier weken voor de geplande eerste trainingsdag. De datum van ontvangst van de annulering geldt als aanzegdatum. Bij annulering wordt 10% van de cursuskosten in rekening gebracht als opzegvergoeding.  Uiteraard kan de deelnemer zich laten vervangen door een andere deelnemer, mits dit vooraf schriftelijk wordt doorgegeven aan Vivace. Hieraan zijn geen extra kosten verbonden.<\/label><\/li><\/ul><\/div><div id=\"wpforms-683-field_21-container\" class=\"wpforms-field wpforms-field-checkbox\" data-field-id=\"21\"><label class=\"wpforms-field-label\">AVG\/GDPR <span class=\"wpforms-required-label\">*<\/span><\/label><ul id=\"wpforms-683-field_21\" class=\"wpforms-field-required\"><li class=\"choice-1 depth-1\"><input type=\"checkbox\" id=\"wpforms-683-field_21_1\" name=\"wpforms[fields][21][]\" value=\"Door dit formulier te gebruiken gaat u akkoord met de opslag en verwerking van uw gegevens door deze website. (AVG\/GDPR)\" required ><label class=\"wpforms-field-label-inline\" for=\"wpforms-683-field_21_1\">Door dit formulier te gebruiken gaat u akkoord met de opslag en verwerking van uw gegevens door deze website. (AVG\/GDPR)<\/label><\/li><\/ul><\/div><\/div><!-- .wpforms-field-container --><div class=\"wpforms-recaptcha-container wpforms-is-hcaptcha\" ><div class=\"h-captcha\" data-sitekey=\"9b1a1746-f404-4674-ab0a-f826bf029844\"><\/div><input type=\"text\" name=\"g-recaptcha-hidden\" class=\"wpforms-recaptcha-hidden\" style=\"position:absolute!important;clip:rect(0,0,0,0)!important;height:1px!important;width:1px!important;border:0!important;overflow:hidden!important;padding:0!important;margin:0!important;\" data-rule-hcaptcha=\"1\"><\/div><div class=\"wpforms-submit-container\" ><input type=\"hidden\" name=\"wpforms[id]\" value=\"683\"><input type=\"hidden\" name=\"page_title\" value=\"\"><input type=\"hidden\" name=\"page_url\" value=\"https:\/\/vivace-ctc.nl\/fr\/wp-json\/wp\/v2\/pages\/695\"><input type=\"hidden\" name=\"url_referer\" value=\"\"><button type=\"submit\" name=\"wpforms[submit]\" id=\"wpforms-submit-683\" class=\"wpforms-submit\" data-alt-text=\"Wordt verwerkt.......\" data-submit-text=\"Aanmelding versturen \u2013 ik ga akkoord met de inschrijvings- en betalingsvoorwaarden en verplicht mij tot betaling van de cursusgelden.\" aria-live=\"assertive\" value=\"wpforms-submit\">Aanmelding versturen \u2013 ik ga akkoord met de inschrijvings- en betalingsvoorwaarden en verplicht mij tot betaling van de cursusgelden.<\/button><img decoding=\"async\" src=\"https:\/\/vivace-ctc.nl\/wp-content\/plugins\/wpforms-lite\/assets\/images\/submit-spin.svg\" class=\"wpforms-submit-spinner\" style=\"display: none;\" width=\"26\" height=\"26\" alt=\"Chargement en cours\"><\/div><\/form><\/div>  <!-- .wpforms-container --><\/div><\/div><\/div><\/div>\n<\/div>","protected":false},"excerpt":{"rendered":"<p>Masterclasses Masterclasses Vivace D\u00e9couvrez l'art des conversations efficaces et du d\u00e9veloppement personnel avec les Masterclasses Vivace. \u00c0 une \u00e9poque de changements constants, nous offrons aux cadres, aux coachs et aux professionnels un aper\u00e7u et des comp\u00e9tences pour travailler de mani\u00e8re \u00e9gale et joyeuse avec les clients, les employ\u00e9s et les \u00e9quipes. Notre expertise en mati\u00e8re de d\u00e9veloppement organisationnel, de coaching de leadership et de gestion des conversations est centrale, toujours...<\/p>","protected":false},"author":1,"featured_media":0,"parent":0,"menu_order":0,"comment_status":"closed","ping_status":"closed","template":"","meta":{"footnotes":""},"class_list":["post-695","page","type-page","status-publish","hentry","description-off"],"yoast_head":"<!-- This site is optimized with the Yoast SEO plugin v27.5 - https:\/\/yoast.com\/product\/yoast-seo-wordpress\/ -->\n<title>Masterclasses Gespreksvoering &amp; Leiderschap \u2013 Vivace<\/title>\n<meta name=\"description\" content=\"Vivace Masterclasses in coaching, leiderschap en gespreksvoering. Voor professionals in onderwijs, zorg en bedrijfsleven in heel Nederland.\" \/>\n<meta name=\"robots\" content=\"index, follow, max-snippet:-1, max-image-preview:large, max-video-preview:-1\" \/>\n<link rel=\"canonical\" href=\"https:\/\/vivace-ctc.nl\/fr\/masterclass\/\" \/>\n<meta property=\"og:locale\" content=\"fr_FR\" \/>\n<meta property=\"og:type\" content=\"article\" \/>\n<meta property=\"og:title\" content=\"Masterclasses Gespreksvoering &amp; Leiderschap \u2013 Vivace\" \/>\n<meta property=\"og:description\" content=\"Vivace Masterclasses in coaching, leiderschap en gespreksvoering. Voor professionals in onderwijs, zorg en bedrijfsleven in heel Nederland.\" \/>\n<meta property=\"og:url\" content=\"https:\/\/vivace-ctc.nl\/fr\/masterclass\/\" \/>\n<meta property=\"og:site_name\" content=\"vivace-ctc\" \/>\n<meta property=\"article:modified_time\" content=\"2025-10-03T14:22:03+00:00\" \/>\n<meta name=\"twitter:card\" content=\"summary_large_image\" \/>\n<meta name=\"twitter:label1\" content=\"Dur\u00e9e de lecture estim\u00e9e\" \/>\n\t<meta name=\"twitter:data1\" content=\"1 minute\" \/>\n<script type=\"application\/ld+json\" class=\"yoast-schema-graph\">{\"@context\":\"https:\\\/\\\/schema.org\",\"@graph\":[{\"@type\":\"WebPage\",\"@id\":\"https:\\\/\\\/vivace-ctc.nl\\\/masterclass\\\/\",\"url\":\"https:\\\/\\\/vivace-ctc.nl\\\/masterclass\\\/\",\"name\":\"Masterclasses Gespreksvoering & Leiderschap \u2013 Vivace\",\"isPartOf\":{\"@id\":\"https:\\\/\\\/vivace-ctc.nl\\\/#website\"},\"datePublished\":\"2022-09-26T12:43:14+00:00\",\"dateModified\":\"2025-10-03T14:22:03+00:00\",\"description\":\"Vivace Masterclasses in coaching, leiderschap en gespreksvoering. Voor professionals in onderwijs, zorg en bedrijfsleven in heel Nederland.\",\"breadcrumb\":{\"@id\":\"https:\\\/\\\/vivace-ctc.nl\\\/masterclass\\\/#breadcrumb\"},\"inLanguage\":\"fr-FR\",\"potentialAction\":[{\"@type\":\"ReadAction\",\"target\":[\"https:\\\/\\\/vivace-ctc.nl\\\/masterclass\\\/\"]}]},{\"@type\":\"BreadcrumbList\",\"@id\":\"https:\\\/\\\/vivace-ctc.nl\\\/masterclass\\\/#breadcrumb\",\"itemListElement\":[{\"@type\":\"ListItem\",\"position\":1,\"name\":\"Home\",\"item\":\"https:\\\/\\\/vivace-ctc.nl\\\/\"},{\"@type\":\"ListItem\",\"position\":2,\"name\":\"Masterclasses\"}]},{\"@type\":\"WebSite\",\"@id\":\"https:\\\/\\\/vivace-ctc.nl\\\/#website\",\"url\":\"https:\\\/\\\/vivace-ctc.nl\\\/\",\"name\":\"vivace-ctc\",\"description\":\"Levendig verbinden\",\"potentialAction\":[{\"@type\":\"SearchAction\",\"target\":{\"@type\":\"EntryPoint\",\"urlTemplate\":\"https:\\\/\\\/vivace-ctc.nl\\\/?s={search_term_string}\"},\"query-input\":{\"@type\":\"PropertyValueSpecification\",\"valueRequired\":true,\"valueName\":\"search_term_string\"}}],\"inLanguage\":\"fr-FR\"}]}<\/script>\n<!-- \/ Yoast SEO plugin. -->","yoast_head_json":{"title":"Masterclasses Gespreksvoering & Leiderschap \u2013 Vivace","description":"Vivace Masterclasses in coaching, leiderschap en gespreksvoering. Voor professionals in onderwijs, zorg en bedrijfsleven in heel Nederland.","robots":{"index":"index","follow":"follow","max-snippet":"max-snippet:-1","max-image-preview":"max-image-preview:large","max-video-preview":"max-video-preview:-1"},"canonical":"https:\/\/vivace-ctc.nl\/fr\/masterclass\/","og_locale":"fr_FR","og_type":"article","og_title":"Masterclasses Gespreksvoering & Leiderschap \u2013 Vivace","og_description":"Vivace Masterclasses in coaching, leiderschap en gespreksvoering. Voor professionals in onderwijs, zorg en bedrijfsleven in heel Nederland.","og_url":"https:\/\/vivace-ctc.nl\/fr\/masterclass\/","og_site_name":"vivace-ctc","article_modified_time":"2025-10-03T14:22:03+00:00","twitter_card":"summary_large_image","twitter_misc":{"Dur\u00e9e de lecture estim\u00e9e":"1 minute"},"schema":{"@context":"https:\/\/schema.org","@graph":[{"@type":"WebPage","@id":"https:\/\/vivace-ctc.nl\/masterclass\/","url":"https:\/\/vivace-ctc.nl\/masterclass\/","name":"Masterclasses Gespreksvoering & Leiderschap \u2013 Vivace","isPartOf":{"@id":"https:\/\/vivace-ctc.nl\/#website"},"datePublished":"2022-09-26T12:43:14+00:00","dateModified":"2025-10-03T14:22:03+00:00","description":"Vivace Masterclasses in coaching, leiderschap en gespreksvoering. Voor professionals in onderwijs, zorg en bedrijfsleven in heel Nederland.","breadcrumb":{"@id":"https:\/\/vivace-ctc.nl\/masterclass\/#breadcrumb"},"inLanguage":"fr-FR","potentialAction":[{"@type":"ReadAction","target":["https:\/\/vivace-ctc.nl\/masterclass\/"]}]},{"@type":"BreadcrumbList","@id":"https:\/\/vivace-ctc.nl\/masterclass\/#breadcrumb","itemListElement":[{"@type":"ListItem","position":1,"name":"Home","item":"https:\/\/vivace-ctc.nl\/"},{"@type":"ListItem","position":2,"name":"Masterclasses"}]},{"@type":"WebSite","@id":"https:\/\/vivace-ctc.nl\/#website","url":"https:\/\/vivace-ctc.nl\/","name":"vivace-ctc","description":"Une connexion vivante","potentialAction":[{"@type":"SearchAction","target":{"@type":"EntryPoint","urlTemplate":"https:\/\/vivace-ctc.nl\/?s={search_term_string}"},"query-input":{"@type":"PropertyValueSpecification","valueRequired":true,"valueName":"search_term_string"}}],"inLanguage":"fr-FR"}]}},"_links":{"self":[{"href":"https:\/\/vivace-ctc.nl\/fr\/wp-json\/wp\/v2\/pages\/695","targetHints":{"allow":["GET"]}}],"collection":[{"href":"https:\/\/vivace-ctc.nl\/fr\/wp-json\/wp\/v2\/pages"}],"about":[{"href":"https:\/\/vivace-ctc.nl\/fr\/wp-json\/wp\/v2\/types\/page"}],"author":[{"embeddable":true,"href":"https:\/\/vivace-ctc.nl\/fr\/wp-json\/wp\/v2\/users\/1"}],"replies":[{"embeddable":true,"href":"https:\/\/vivace-ctc.nl\/fr\/wp-json\/wp\/v2\/comments?post=695"}],"version-history":[{"count":7,"href":"https:\/\/vivace-ctc.nl\/fr\/wp-json\/wp\/v2\/pages\/695\/revisions"}],"predecessor-version":[{"id":917,"href":"https:\/\/vivace-ctc.nl\/fr\/wp-json\/wp\/v2\/pages\/695\/revisions\/917"}],"wp:attachment":[{"href":"https:\/\/vivace-ctc.nl\/fr\/wp-json\/wp\/v2\/media?parent=695"}],"curies":[{"name":"wp","href":"https:\/\/api.w.org\/{rel}","templated":true}]}}