{"id":91,"date":"2018-09-06T12:45:39","date_gmt":"2018-09-06T12:45:39","guid":{"rendered":"https:\/\/vivace-ctc.nl\/?page_id=91"},"modified":"2025-10-03T14:14:14","modified_gmt":"2025-10-03T14:14:14","slug":"publicaties","status":"publish","type":"page","link":"https:\/\/vivace-ctc.nl\/fr\/publicaties\/","title":{"rendered":"Publications"},"content":{"rendered":"<div class=\"wpb-content-wrapper\"><div class=\"vc_row wpb_row vc_row-fluid\"><div class=\"wpb_column vc_column_container vc_col-sm-12\"><div class=\"vc_column-inner\"><div class=\"wpb_wrapper\">\n\t<div class=\"wpb_text_column wpb_content_element\" >\n\t\t<div class=\"wpb_wrapper\">\n\t\t\t<h1>Publications de Vivace<\/h1>\n<p>Cette page pr\u00e9sente les publications de Vivace et de ses partenaires sur <strong>le d\u00e9veloppement organisationnel, le coaching, le leadership et l'innovation p\u00e9dagogique<\/strong>. Ces \u0153uvres inspirent et sous-tendent nos trajectoires aux Pays-Bas, en mettant l'accent sur l'\u00e9ducation, les soins de sant\u00e9 et les entreprises.<\/p>\n\n\t\t<\/div>\n\t<\/div>\n<\/div><\/div><\/div><\/div><div class=\"vc_row wpb_row vc_row-fluid\"><div class=\"wpb_column vc_column_container vc_col-sm-12\"><div class=\"vc_column-inner\"><div class=\"wpb_wrapper\"><style type=\"text\/css\" data-type=\"the7_shortcodes-inline-css\">.blog-shortcode.blog-list-shortcode-id-9260f659370e4d0dd8dc31afb9e88feb.dividers-on.classic-layout-list article {\n  margin-top: 50px;\n  padding-top: 0;\n}\n.blog-shortcode.blog-list-shortcode-id-9260f659370e4d0dd8dc31afb9e88feb.dividers-on.classic-layout-list article:first-of-type {\n  margin-top: 0;\n  padding-top: 0;\n}\n.blog-shortcode.blog-list-shortcode-id-9260f659370e4d0dd8dc31afb9e88feb.classic-layout-list.mode-list .post-thumbnail-wrap {\n  width: 15%;\n}\n.blog-shortcode.blog-list-shortcode-id-9260f659370e4d0dd8dc31afb9e88feb.classic-layout-list.mode-list .post-entry-content {\n  width: calc(100% - 15%);\n}\n.blog-shortcode.blog-list-shortcode-id-9260f659370e4d0dd8dc31afb9e88feb.classic-layout-list.mode-list .no-img .post-entry-content {\n  width: 100%;\n}\n.blog-shortcode.blog-list-shortcode-id-9260f659370e4d0dd8dc31afb9e88feb .filter-bg-decoration .filter-categories a.act {\n  color: #fff;\n}\n.blog-shortcode.blog-list-shortcode-id-9260f659370e4d0dd8dc31afb9e88feb:not(.mode-masonry) article {\n  margin-top: 50px;\n}\n.blog-shortcode.blog-list-shortcode-id-9260f659370e4d0dd8dc31afb9e88feb:not(.mode-masonry) article:first-of-type,\n.blog-shortcode.blog-list-shortcode-id-9260f659370e4d0dd8dc31afb9e88feb:not(.mode-masonry) article.visible.first:not(.product) {\n  margin-top: 0;\n}\n.blog-shortcode.blog-list-shortcode-id-9260f659370e4d0dd8dc31afb9e88feb.dividers-on:not(.mode-masonry) article {\n  margin-top: 0;\n  padding-top: 50px;\n}\n.blog-shortcode.blog-list-shortcode-id-9260f659370e4d0dd8dc31afb9e88feb.dividers-on:not(.mode-masonry) article:first-of-type,\n.blog-shortcode.blog-list-shortcode-id-9260f659370e4d0dd8dc31afb9e88feb.dividers-on:not(.mode-masonry) article.visible.first:not(.product) {\n  margin-top: 0;\n  padding-top: 0;\n}\n.blog-shortcode.blog-list-shortcode-id-9260f659370e4d0dd8dc31afb9e88feb .post-thumbnail-wrap {\n  padding: 0px 0px 0px 0px;\n}\n.blog-shortcode.blog-list-shortcode-id-9260f659370e4d0dd8dc31afb9e88feb.enable-bg-rollover .post-thumbnail-rollover:after {\n  background: -webkit-linear-gradient();\n  background: linear-gradient();\n}\n.blog-shortcode.blog-list-shortcode-id-9260f659370e4d0dd8dc31afb9e88feb .gallery-zoom-ico {\n  width: 44px;\n  height: 44px;\n  line-height: 44px;\n  border-radius: 100px;\n  margin: -22px 0 0 -22px;\n  border-width: 0px;\n  color: #ffffff;\n}\n.bottom-overlap-layout-list.blog-shortcode.blog-list-shortcode-id-9260f659370e4d0dd8dc31afb9e88feb .gallery-zoom-ico {\n  margin-top: -22px;\n}\n.gradient-overlay-layout-list.blog-shortcode.blog-list-shortcode-id-9260f659370e4d0dd8dc31afb9e88feb .gallery-zoom-ico,\n.content-rollover-layout-list.blog-shortcode.blog-list-shortcode-id-9260f659370e4d0dd8dc31afb9e88feb .gallery-zoom-ico {\n  margin: 0 0 10px;\n}\n.content-align-center.gradient-overlay-layout-list.blog-shortcode.blog-list-shortcode-id-9260f659370e4d0dd8dc31afb9e88feb .gallery-zoom-ico,\n.content-align-center.content-rollover-layout-list.blog-shortcode.blog-list-shortcode-id-9260f659370e4d0dd8dc31afb9e88feb .gallery-zoom-ico {\n  margin: 0 auto 10px;\n}\n.dt-icon-bg-on.blog-shortcode.blog-list-shortcode-id-9260f659370e4d0dd8dc31afb9e88feb .gallery-zoom-ico {\n  background: rgba(255,255,255,0.3);\n  box-shadow: none;\n}\n.blog-shortcode.blog-list-shortcode-id-9260f659370e4d0dd8dc31afb9e88feb .gallery-zoom-ico > span,\n.blog-shortcode.blog-list-shortcode-id-9260f659370e4d0dd8dc31afb9e88feb .gallery-zoom-ico:before {\n  font-size: 32px;\n  line-height: 44px;\n}\n.blog-shortcode.blog-list-shortcode-id-9260f659370e4d0dd8dc31afb9e88feb .gallery-zoom-ico > span,\n.blog-shortcode.blog-list-shortcode-id-9260f659370e4d0dd8dc31afb9e88feb .gallery-zoom-ico:before {\n  color: #ffffff;\n}\n.blog-shortcode.blog-list-shortcode-id-9260f659370e4d0dd8dc31afb9e88feb .fancy-date a {\n  background: #ffffff;\n  box-shadow: none;\n}\n.blog-shortcode.blog-list-shortcode-id-9260f659370e4d0dd8dc31afb9e88feb .fancy-date a * {\n  color: #2d2d2d;\n}\n.blog-shortcode.blog-list-shortcode-id-9260f659370e4d0dd8dc31afb9e88feb .entry-title,\n.blog-shortcode.blog-list-shortcode-id-9260f659370e4d0dd8dc31afb9e88feb.owl-carousel .entry-title {\n  margin-bottom: 5px;\n  font-weight: bold;\n}\n.blog-shortcode.blog-list-shortcode-id-9260f659370e4d0dd8dc31afb9e88feb .entry-meta {\n  margin-bottom: 15px;\n}\n.blog-shortcode.blog-list-shortcode-id-9260f659370e4d0dd8dc31afb9e88feb .portfolio-categories {\n  margin-bottom: 15px;\n}\n.blog-shortcode.blog-list-shortcode-id-9260f659370e4d0dd8dc31afb9e88feb .entry-excerpt {\n  margin-bottom: 5px;\n}\n.blog-shortcode.blog-list-shortcode-id-9260f659370e4d0dd8dc31afb9e88feb:not(.centered-layout-list) .post-entry-content {\n  padding: 25px 30px 30px 30px;\n}\n.blog-shortcode.blog-list-shortcode-id-9260f659370e4d0dd8dc31afb9e88feb:not(.centered-layout-list):not(.content-bg-on):not(.mode-list) .no-img .post-entry-content {\n  padding: 0;\n}\n@media screen and (max-width: 768px) {\n  .blog-shortcode.blog-list-shortcode-id-9260f659370e4d0dd8dc31afb9e88feb article {\n    -ms-flex-flow: column nowrap;\n    flex-flow: column nowrap;\n    margin-top: 20px;\n  }\n  .blog-shortcode.blog-list-shortcode-id-9260f659370e4d0dd8dc31afb9e88feb.dividers-on article {\n    border: none;\n  }\n  .blog-shortcode.blog-list-shortcode-id-9260f659370e4d0dd8dc31afb9e88feb.content-bg-on.centered-layout-list article {\n    padding: 0;\n  }\n  .blog-shortcode.blog-list-shortcode-id-9260f659370e4d0dd8dc31afb9e88feb.blog-shortcode.dividers-on article,\n  .blog-shortcode.blog-list-shortcode-id-9260f659370e4d0dd8dc31afb9e88feb.dividers-on.classic-layout-list article {\n    margin-top: 20px;\n    padding: 0;\n  }\n  .blog-shortcode.blog-list-shortcode-id-9260f659370e4d0dd8dc31afb9e88feb.blog-shortcode.dividers-on article:first-of-type,\n  .blog-shortcode.blog-list-shortcode-id-9260f659370e4d0dd8dc31afb9e88feb.dividers-on.classic-layout-list article:first-of-type {\n    padding: 0;\n  }\n  #page .blog-shortcode.blog-list-shortcode-id-9260f659370e4d0dd8dc31afb9e88feb .post-thumbnail-wrap,\n  #page .blog-shortcode.blog-list-shortcode-id-9260f659370e4d0dd8dc31afb9e88feb .post-entry-content {\n    width: 100%;\n    margin: 0;\n    top: 0;\n  }\n  #page .blog-shortcode.blog-list-shortcode-id-9260f659370e4d0dd8dc31afb9e88feb .post-thumbnail-wrap {\n    padding: 0;\n  }\n  #page .blog-shortcode.blog-list-shortcode-id-9260f659370e4d0dd8dc31afb9e88feb .post-entry-content:after {\n    display: none;\n  }\n  #page .blog-shortcode.blog-list-shortcode-id-9260f659370e4d0dd8dc31afb9e88feb .project-even .post-thumbnail-wrap,\n  #page .blog-shortcode.blog-list-shortcode-id-9260f659370e4d0dd8dc31afb9e88feb.centered-layout-list .post-thumbnail-wrap {\n    -ms-flex-order: 0;\n    order: 0;\n  }\n  #page .blog-shortcode.blog-list-shortcode-id-9260f659370e4d0dd8dc31afb9e88feb.centered-layout-list .post-entry-title-content {\n    -ms-flex-order: 1;\n    order: 1;\n    width: 100%;\n    padding: 20px 20px 0;\n  }\n  #page .blog-shortcode.blog-list-shortcode-id-9260f659370e4d0dd8dc31afb9e88feb.centered-layout-list .post-entry-content {\n    -ms-flex-order: 2;\n    order: 2;\n    padding-top: 0;\n  }\n  #page .blog-shortcode.blog-list-shortcode-id-9260f659370e4d0dd8dc31afb9e88feb .fancy-categories {\n    top: 10px;\n    left: 10px;\n    bottom: auto;\n    right: auto;\n  }\n  #page .blog-shortcode.blog-list-shortcode-id-9260f659370e4d0dd8dc31afb9e88feb .fancy-date a {\n    top: 10px;\n    right: 10px;\n    left: auto;\n    bottom: auto;\n  }\n  #page .blog-shortcode.blog-list-shortcode-id-9260f659370e4d0dd8dc31afb9e88feb .post-entry-content {\n    padding: 20px;\n  }\n  #page .blog-shortcode.blog-list-shortcode-id-9260f659370e4d0dd8dc31afb9e88feb .entry-title {\n    margin: 3px 0 5px;\n    font-size: 20px;\n    line-height: 26px;\n  }\n  #page .blog-shortcode.blog-list-shortcode-id-9260f659370e4d0dd8dc31afb9e88feb .entry-meta {\n    margin: 5px 0 5px;\n  }\n  #page .blog-shortcode.blog-list-shortcode-id-9260f659370e4d0dd8dc31afb9e88feb .entry-excerpt {\n    margin: 15px 0 0;\n  }\n  #page .blog-shortcode.blog-list-shortcode-id-9260f659370e4d0dd8dc31afb9e88feb .post-details {\n    margin: 5px 0 10px;\n  }\n  #page .blog-shortcode.blog-list-shortcode-id-9260f659370e4d0dd8dc31afb9e88feb .post-details.details-type-link {\n    margin-bottom: 2px;\n  }\n}<\/style><div class=\"articles-list blog-shortcode mode-list blog-list-shortcode-id-9260f659370e4d0dd8dc31afb9e88feb classic-layout-list content-bg-on jquery-filter scale-img dt-icon-bg-off loading-effect-fade-in\" data-cur-page=\"1\" data-post-limit=\"-1\" data-pagination-mode=\"none\"><article class=\"post project-odd visible post-71 type-post status-publish format-standard has-post-thumbnail hentry category-homepage-row-publicaties category-publicaties category-8 category-4 description-off\" data-name=\"Intervisie in het onderwijs: Een goudmijn\" data-date=\"2018-09-10T12:03:09+00:00\">\n\n<div class=\"post-thumbnail-wrap\">\n\t<div class=\"post-thumbnail\">\n\n\t\t\n\t\t\n\t\t<a href=\"https:\/\/vivace-ctc.nl\/fr\/intervisie-in-het-onderwijs-een-goudmijn\/\" class=\"post-thumbnail-rollover layzr-bg layzr-bg\" ><img decoding=\"async\" class=\"blog-thumb-lazy-load preload-me lazy-load aspect\" src=\"data:image\/svg+xml,%3Csvg%20xmlns%3D&#39;http%3A%2F%2Fwww.w3.org%2F2000%2Fsvg&#39;%20viewBox%3D&#39;0%200%20117%20170&#39;%2F%3E\" data-src=\"https:\/\/vivace-ctc.nl\/wp-content\/uploads\/2018\/09\/goudmijn-web.jpg\" data-srcset=\"https:\/\/vivace-ctc.nl\/wp-content\/uploads\/2018\/09\/goudmijn-web.jpg 117w\" loading=\"eager\" style=\"--ratio: 117 \/ 170\" sizes=\"(max-width: 117px) 100vw, 117px\" alt=\"\" title=\"mine d&#039;or web\" width=\"117\" height=\"170\"  \/><\/a>\n\t<\/div>\n<\/div>\n\n\n<div class=\"post-entry-content\">\n\n\t<h3 class=\"entry-title\">\n\t\t<a href=\"https:\/\/vivace-ctc.nl\/fr\/intervisie-in-het-onderwijs-een-goudmijn\/\" title=\"L&#039;intervention dans l&#039;\u00e9ducation : une mine d&#039;or\" rel=\"bookmark\">L'intervention dans l'\u00e9ducation : une mine d'or<\/a>\n\t<\/h3>\n\n\t<div class=\"entry-meta\"><a href=\"https:\/\/vivace-ctc.nl\/fr\/2018\/09\/10\/\" title=\"12:03\" class=\"data-link\" rel=\"bookmark\"><time class=\"entry-date updated\" datetime=\"2018-09-10T12:03:09+00:00\">10 septembre 2018<\/time><\/a><\/div>\n\t<div class=\"entry-excerpt\"><p>Alice de Groot \/ Gerda Nobel<br \/>\nISBN 978 90 77 866 443<\/p>\n<\/div>\n\t\n<a href=\"https:\/\/vivace-ctc.nl\/fr\/intervisie-in-het-onderwijs-een-goudmijn\/\" class=\"dt-btn-s dt-btn post-details details-type-btn\" aria-label=\"Lire la suite sur L&#039;intervention dans l&#039;\u00e9ducation : une mine d&#039;or\">En savoir plus<i class=\"dt-icon-the7-arrow-03\" aria-hidden=\"true\"><\/i><\/a>\n\n<\/div><\/article><article class=\"post project-odd visible post-74 type-post status-publish format-standard has-post-thumbnail hentry category-publicaties category-4 description-off\" data-name=\"Zonne-klaar\" data-date=\"2018-09-09T12:04:31+00:00\">\n\n<div class=\"post-thumbnail-wrap\">\n\t<div class=\"post-thumbnail\">\n\n\t\t\n\t\t\n\t\t<a href=\"https:\/\/vivace-ctc.nl\/fr\/zonne-klaar\/\" class=\"post-thumbnail-rollover layzr-bg layzr-bg\" ><img decoding=\"async\" class=\"blog-thumb-lazy-load preload-me lazy-load aspect\" src=\"data:image\/svg+xml,%3Csvg%20xmlns%3D&#39;http%3A%2F%2Fwww.w3.org%2F2000%2Fsvg&#39;%20viewBox%3D&#39;0%200%20120%20170&#39;%2F%3E\" data-src=\"https:\/\/vivace-ctc.nl\/wp-content\/uploads\/2018\/09\/120_Omslag-Zonne-Klaar.jpg\" data-srcset=\"https:\/\/vivace-ctc.nl\/wp-content\/uploads\/2018\/09\/120_Omslag-Zonne-Klaar.jpg 120w\" loading=\"eager\" style=\"--ratio: 120 \/ 170\" sizes=\"(max-width: 120px) 100vw, 120px\" alt=\"\" title=\"120_Cover-Solar-ready\" width=\"120\" height=\"170\"  \/><\/a>\n\t<\/div>\n<\/div>\n\n\n<div class=\"post-entry-content\">\n\n\t<h3 class=\"entry-title\">\n\t\t<a href=\"https:\/\/vivace-ctc.nl\/fr\/zonne-klaar\/\" title=\"Pr\u00eat pour le solaire\" rel=\"bookmark\">Pr\u00eat pour le solaire<\/a>\n\t<\/h3>\n\n\t<div class=\"entry-meta\"><a href=\"https:\/\/vivace-ctc.nl\/fr\/2018\/09\/09\/\" title=\"12:04\" class=\"data-link\" rel=\"bookmark\"><time class=\"entry-date updated\" datetime=\"2018-09-09T12:04:31+00:00\">9 septembre 2018<\/time><\/a><\/div>\n\t<div class=\"entry-excerpt\"><p>Gerda Nobel \/ Alice de Groot<br \/>\nISBN\/EAN 978-90-810904-5-2<\/p>\n<\/div>\n\t\n<a href=\"https:\/\/vivace-ctc.nl\/fr\/zonne-klaar\/\" class=\"dt-btn-s dt-btn post-details details-type-btn\" aria-label=\"En savoir plus sur Pr\u00eat pour le solaire\">En savoir plus<i class=\"dt-icon-the7-arrow-03\" aria-hidden=\"true\"><\/i><\/a>\n\n<\/div><\/article><article class=\"post project-odd visible post-324 type-post status-publish format-standard has-post-thumbnail hentry category-publicaties category-4 description-off\" data-name=\"Wat een winst\" data-date=\"2018-09-07T13:13:08+00:00\">\n\n<div class=\"post-thumbnail-wrap\">\n\t<div class=\"post-thumbnail\">\n\n\t\t\n\t\t\n\t\t<a href=\"https:\/\/vivace-ctc.nl\/fr\/wat-een-winst\/\" class=\"post-thumbnail-rollover layzr-bg layzr-bg\" ><img decoding=\"async\" class=\"blog-thumb-lazy-load preload-me lazy-load aspect\" src=\"data:image\/svg+xml,%3Csvg%20xmlns%3D&#39;http%3A%2F%2Fwww.w3.org%2F2000%2Fsvg&#39;%20viewBox%3D&#39;0%200%20120%20177&#39;%2F%3E\" data-src=\"https:\/\/vivace-ctc.nl\/wp-content\/uploads\/2018\/09\/wew2.jpg\" data-srcset=\"https:\/\/vivace-ctc.nl\/wp-content\/uploads\/2018\/09\/wew2.jpg 120w\" loading=\"eager\" style=\"--ratio: 120 \/ 177\" sizes=\"(max-width: 120px) 100vw, 120px\" alt=\"\" title=\"wew2\" width=\"120\" height=\"177\"  \/><\/a>\n\t<\/div>\n<\/div>\n\n\n<div class=\"post-entry-content\">\n\n\t<h3 class=\"entry-title\">\n\t\t<a href=\"https:\/\/vivace-ctc.nl\/fr\/wat-een-winst\/\" title=\"Quelle victoire !\" rel=\"bookmark\">Quelle victoire !<\/a>\n\t<\/h3>\n\n\t<div class=\"entry-meta\"><a href=\"https:\/\/vivace-ctc.nl\/fr\/2018\/09\/07\/\" title=\"13:13\" class=\"data-link\" rel=\"bookmark\"><time class=\"entry-date updated\" datetime=\"2018-09-07T13:13:08+00:00\">7 septembre 2018<\/time><\/a><\/div>\n\t<div class=\"entry-excerpt\"><p>Quelle victoire !<br \/>\nGerda Nobel \/ Alice de Groot<br \/>\nISBN 90 5901 379 4<\/p>\n<\/div>\n\t\n<a href=\"https:\/\/vivace-ctc.nl\/fr\/wat-een-winst\/\" class=\"dt-btn-s dt-btn post-details details-type-btn\" aria-label=\"Lire la suite de &quot;Quelle victoire !\">En savoir plus<i class=\"dt-icon-the7-arrow-03\" aria-hidden=\"true\"><\/i><\/a>\n\n<\/div><\/article><article class=\"post project-odd visible post-319 type-post status-publish format-standard has-post-thumbnail hentry category-homepage-row-publicaties category-publicaties category-8 category-4 description-off\" data-name=\"Een pot met goud\" data-date=\"2018-09-07T13:10:40+00:00\">\n\n<div class=\"post-thumbnail-wrap\">\n\t<div class=\"post-thumbnail\">\n\n\t\t\n\t\t\n\t\t<a href=\"https:\/\/vivace-ctc.nl\/fr\/een-pot-met-goud\/\" class=\"post-thumbnail-rollover layzr-bg layzr-bg\" ><img decoding=\"async\" class=\"blog-thumb-lazy-load preload-me lazy-load aspect\" src=\"data:image\/svg+xml,%3Csvg%20xmlns%3D&#39;http%3A%2F%2Fwww.w3.org%2F2000%2Fsvg&#39;%20viewBox%3D&#39;0%200%20120%20177&#39;%2F%3E\" data-src=\"https:\/\/vivace-ctc.nl\/wp-content\/uploads\/2018\/09\/pmg2.jpg\" data-srcset=\"https:\/\/vivace-ctc.nl\/wp-content\/uploads\/2018\/09\/pmg2.jpg 120w\" loading=\"eager\" style=\"--ratio: 120 \/ 177\" sizes=\"(max-width: 120px) 100vw, 120px\" alt=\"\" title=\"pmg2\" width=\"120\" height=\"177\"  \/><\/a>\n\t<\/div>\n<\/div>\n\n\n<div class=\"post-entry-content\">\n\n\t<h3 class=\"entry-title\">\n\t\t<a href=\"https:\/\/vivace-ctc.nl\/fr\/een-pot-met-goud\/\" title=\"Un pot d&#039;or\" rel=\"bookmark\">Un pot d'or<\/a>\n\t<\/h3>\n\n\t<div class=\"entry-meta\"><a href=\"https:\/\/vivace-ctc.nl\/fr\/2018\/09\/07\/\" title=\"13:10\" class=\"data-link\" rel=\"bookmark\"><time class=\"entry-date updated\" datetime=\"2018-09-07T13:10:40+00:00\">7 septembre 2018<\/time><\/a><\/div>\n\t<div class=\"entry-excerpt\"><p>Un pot d'or<br \/>\nGerda Nobel \/ Alice de Groot<br \/>\nISBN 90 5901 64705<\/p>\n<\/div>\n\t\n<a href=\"https:\/\/vivace-ctc.nl\/fr\/een-pot-met-goud\/\" class=\"dt-btn-s dt-btn post-details details-type-btn\" aria-label=\"Plus d&#039;informations sur Un pot d&#039;or\">En savoir plus<i class=\"dt-icon-the7-arrow-03\" aria-hidden=\"true\"><\/i><\/a>\n\n<\/div><\/article><article class=\"post project-odd visible post-322 type-post status-publish format-standard has-post-thumbnail hentry category-publicaties category-4 description-off\" data-name=\"Coaching Cards\" data-date=\"2018-09-06T13:12:13+00:00\">\n\n<div class=\"post-thumbnail-wrap\">\n\t<div class=\"post-thumbnail\">\n\n\t\t\n\t\t\n\t\t<a href=\"https:\/\/vivace-ctc.nl\/fr\/coaching-cards\/\" class=\"post-thumbnail-rollover layzr-bg layzr-bg\" ><img decoding=\"async\" class=\"blog-thumb-lazy-load preload-me lazy-load aspect\" src=\"data:image\/svg+xml,%3Csvg%20xmlns%3D&#39;http%3A%2F%2Fwww.w3.org%2F2000%2Fsvg&#39;%20viewBox%3D&#39;0%200%20130%20129&#39;%2F%3E\" data-src=\"https:\/\/vivace-ctc.nl\/wp-content\/uploads\/2018\/09\/coachingcards2.jpg\" data-srcset=\"https:\/\/vivace-ctc.nl\/wp-content\/uploads\/2018\/09\/coachingcards2.jpg 130w\" loading=\"eager\" style=\"--ratio: 130 \/ 129\" sizes=\"(max-width: 130px) 100vw, 130px\" alt=\"\" title=\"cartes de coaching2\" width=\"130\" height=\"129\"  \/><\/a>\n\t<\/div>\n<\/div>\n\n\n<div class=\"post-entry-content\">\n\n\t<h3 class=\"entry-title\">\n\t\t<a href=\"https:\/\/vivace-ctc.nl\/fr\/coaching-cards\/\" title=\"Cartes d&#039;entra\u00eenement\" rel=\"bookmark\">Cartes d'entra\u00eenement<\/a>\n\t<\/h3>\n\n\t<div class=\"entry-meta\"><a href=\"https:\/\/vivace-ctc.nl\/fr\/2018\/09\/06\/\" title=\"13:12\" class=\"data-link\" rel=\"bookmark\"><time class=\"entry-date updated\" datetime=\"2018-09-06T13:12:13+00:00\">6 septembre 2018<\/time><\/a><\/div>\n\t<div class=\"entry-excerpt\"><p>Cartes d'entra\u00eenement<br \/>\nGerda Nobel \/ Alice de Groot<br \/>\nISBN 90 5901 085 X<\/p>\n<\/div>\n\t\n<a href=\"https:\/\/vivace-ctc.nl\/fr\/coaching-cards\/\" class=\"dt-btn-s dt-btn post-details details-type-btn\" aria-label=\"En savoir plus sur les cartes de coaching\">En savoir plus<i class=\"dt-icon-the7-arrow-03\" aria-hidden=\"true\"><\/i><\/a>\n\n<\/div><\/article><\/div><\/div><\/div><\/div><\/div>\n<\/div>","protected":false},"excerpt":{"rendered":"<p>Publications de Vivace Sur cette page, vous trouverez les publications de Vivace et de ses partenaires dans les domaines du d\u00e9veloppement organisationnel, du coaching, du leadership et de la r\u00e9forme de l'enseignement. Ces travaux constituent une source d'inspiration et \u00e9tayent nos programmes aux Pays-Bas, en mettant l'accent sur l'enseignement, les soins de sant\u00e9 et le monde des affaires.<\/p>","protected":false},"author":1,"featured_media":0,"parent":0,"menu_order":0,"comment_status":"closed","ping_status":"closed","template":"","meta":{"footnotes":""},"class_list":["post-91","page","type-page","status-publish","hentry","description-off"],"yoast_head":"<!-- This site is optimized with the Yoast SEO plugin v27.5 - https:\/\/yoast.com\/product\/yoast-seo-wordpress\/ -->\n<title>Publicaties Vivace \u2013 Coaching, Leiderschap &amp; Organisatieontwikkeling - vivace-ctc<\/title>\n<meta name=\"description\" content=\"Ontdek de publicaties van Vivace over coaching, leiderschap en organisatieontwikkeling. Inspiratie voor onderwijs, zorg en bedrijfsleven in Nederland.\" \/>\n<meta name=\"robots\" content=\"index, follow, max-snippet:-1, max-image-preview:large, max-video-preview:-1\" \/>\n<link rel=\"canonical\" href=\"https:\/\/vivace-ctc.nl\/fr\/publicaties\/\" \/>\n<meta property=\"og:locale\" content=\"fr_FR\" \/>\n<meta property=\"og:type\" content=\"article\" \/>\n<meta property=\"og:title\" content=\"Publicaties Vivace \u2013 Coaching, Leiderschap &amp; Organisatieontwikkeling - vivace-ctc\" \/>\n<meta property=\"og:description\" content=\"Ontdek de publicaties van Vivace over coaching, leiderschap en organisatieontwikkeling. Inspiratie voor onderwijs, zorg en bedrijfsleven in Nederland.\" \/>\n<meta property=\"og:url\" content=\"https:\/\/vivace-ctc.nl\/fr\/publicaties\/\" \/>\n<meta property=\"og:site_name\" content=\"vivace-ctc\" \/>\n<meta property=\"article:modified_time\" content=\"2025-10-03T14:14:14+00:00\" \/>\n<meta name=\"twitter:card\" content=\"summary_large_image\" \/>\n<meta name=\"twitter:label1\" content=\"Dur\u00e9e de lecture estim\u00e9e\" \/>\n\t<meta name=\"twitter:data1\" content=\"1 minute\" \/>\n<script type=\"application\/ld+json\" class=\"yoast-schema-graph\">{\"@context\":\"https:\\\/\\\/schema.org\",\"@graph\":[{\"@type\":\"WebPage\",\"@id\":\"https:\\\/\\\/vivace-ctc.nl\\\/publicaties\\\/\",\"url\":\"https:\\\/\\\/vivace-ctc.nl\\\/publicaties\\\/\",\"name\":\"Publicaties Vivace \u2013 Coaching, Leiderschap & Organisatieontwikkeling - vivace-ctc\",\"isPartOf\":{\"@id\":\"https:\\\/\\\/vivace-ctc.nl\\\/#website\"},\"datePublished\":\"2018-09-06T12:45:39+00:00\",\"dateModified\":\"2025-10-03T14:14:14+00:00\",\"description\":\"Ontdek de publicaties van Vivace over coaching, leiderschap en organisatieontwikkeling. Inspiratie voor onderwijs, zorg en bedrijfsleven in Nederland.\",\"breadcrumb\":{\"@id\":\"https:\\\/\\\/vivace-ctc.nl\\\/publicaties\\\/#breadcrumb\"},\"inLanguage\":\"fr-FR\",\"potentialAction\":[{\"@type\":\"ReadAction\",\"target\":[\"https:\\\/\\\/vivace-ctc.nl\\\/publicaties\\\/\"]}]},{\"@type\":\"BreadcrumbList\",\"@id\":\"https:\\\/\\\/vivace-ctc.nl\\\/publicaties\\\/#breadcrumb\",\"itemListElement\":[{\"@type\":\"ListItem\",\"position\":1,\"name\":\"Home\",\"item\":\"https:\\\/\\\/vivace-ctc.nl\\\/\"},{\"@type\":\"ListItem\",\"position\":2,\"name\":\"Publicaties\"}]},{\"@type\":\"WebSite\",\"@id\":\"https:\\\/\\\/vivace-ctc.nl\\\/#website\",\"url\":\"https:\\\/\\\/vivace-ctc.nl\\\/\",\"name\":\"vivace-ctc\",\"description\":\"Levendig verbinden\",\"potentialAction\":[{\"@type\":\"SearchAction\",\"target\":{\"@type\":\"EntryPoint\",\"urlTemplate\":\"https:\\\/\\\/vivace-ctc.nl\\\/?s={search_term_string}\"},\"query-input\":{\"@type\":\"PropertyValueSpecification\",\"valueRequired\":true,\"valueName\":\"search_term_string\"}}],\"inLanguage\":\"fr-FR\"}]}<\/script>\n<!-- \/ Yoast SEO plugin. -->","yoast_head_json":{"title":"Publications Vivace \u2013 Coaching, Leadership et D\u00e9veloppement organisationnel - vivace-ctc","description":"D\u00e9couvrez les publications de Vivace sur le coaching, le leadership et le d\u00e9veloppement organisationnel. Une source d'inspiration pour l'enseignement, les soins de sant\u00e9 et le monde des affaires aux Pays-Bas.","robots":{"index":"index","follow":"follow","max-snippet":"max-snippet:-1","max-image-preview":"max-image-preview:large","max-video-preview":"max-video-preview:-1"},"canonical":"https:\/\/vivace-ctc.nl\/fr\/publicaties\/","og_locale":"fr_FR","og_type":"article","og_title":"Publicaties Vivace \u2013 Coaching, Leiderschap & Organisatieontwikkeling - vivace-ctc","og_description":"Ontdek de publicaties van Vivace over coaching, leiderschap en organisatieontwikkeling. Inspiratie voor onderwijs, zorg en bedrijfsleven in Nederland.","og_url":"https:\/\/vivace-ctc.nl\/fr\/publicaties\/","og_site_name":"vivace-ctc","article_modified_time":"2025-10-03T14:14:14+00:00","twitter_card":"summary_large_image","twitter_misc":{"Dur\u00e9e de lecture estim\u00e9e":"1 minute"},"schema":{"@context":"https:\/\/schema.org","@graph":[{"@type":"WebPage","@id":"https:\/\/vivace-ctc.nl\/publicaties\/","url":"https:\/\/vivace-ctc.nl\/publicaties\/","name":"Publications Vivace \u2013 Coaching, Leadership et D\u00e9veloppement organisationnel - vivace-ctc","isPartOf":{"@id":"https:\/\/vivace-ctc.nl\/#website"},"datePublished":"2018-09-06T12:45:39+00:00","dateModified":"2025-10-03T14:14:14+00:00","description":"D\u00e9couvrez les publications de Vivace sur le coaching, le leadership et le d\u00e9veloppement organisationnel. Une source d'inspiration pour l'enseignement, les soins de sant\u00e9 et le monde des affaires aux Pays-Bas.","breadcrumb":{"@id":"https:\/\/vivace-ctc.nl\/publicaties\/#breadcrumb"},"inLanguage":"fr-FR","potentialAction":[{"@type":"ReadAction","target":["https:\/\/vivace-ctc.nl\/publicaties\/"]}]},{"@type":"BreadcrumbList","@id":"https:\/\/vivace-ctc.nl\/publicaties\/#breadcrumb","itemListElement":[{"@type":"ListItem","position":1,"name":"Home","item":"https:\/\/vivace-ctc.nl\/"},{"@type":"ListItem","position":2,"name":"Publicaties"}]},{"@type":"WebSite","@id":"https:\/\/vivace-ctc.nl\/#website","url":"https:\/\/vivace-ctc.nl\/","name":"vivace-ctc","description":"Une connexion vivante","potentialAction":[{"@type":"SearchAction","target":{"@type":"EntryPoint","urlTemplate":"https:\/\/vivace-ctc.nl\/?s={search_term_string}"},"query-input":{"@type":"PropertyValueSpecification","valueRequired":true,"valueName":"search_term_string"}}],"inLanguage":"fr-FR"}]}},"_links":{"self":[{"href":"https:\/\/vivace-ctc.nl\/fr\/wp-json\/wp\/v2\/pages\/91","targetHints":{"allow":["GET"]}}],"collection":[{"href":"https:\/\/vivace-ctc.nl\/fr\/wp-json\/wp\/v2\/pages"}],"about":[{"href":"https:\/\/vivace-ctc.nl\/fr\/wp-json\/wp\/v2\/types\/page"}],"author":[{"embeddable":true,"href":"https:\/\/vivace-ctc.nl\/fr\/wp-json\/wp\/v2\/users\/1"}],"replies":[{"embeddable":true,"href":"https:\/\/vivace-ctc.nl\/fr\/wp-json\/wp\/v2\/comments?post=91"}],"version-history":[{"count":8,"href":"https:\/\/vivace-ctc.nl\/fr\/wp-json\/wp\/v2\/pages\/91\/revisions"}],"predecessor-version":[{"id":912,"href":"https:\/\/vivace-ctc.nl\/fr\/wp-json\/wp\/v2\/pages\/91\/revisions\/912"}],"wp:attachment":[{"href":"https:\/\/vivace-ctc.nl\/fr\/wp-json\/wp\/v2\/media?parent=91"}],"curies":[{"name":"wp","href":"https:\/\/api.w.org\/{rel}","templated":true}]}}