{"id":94,"date":"2018-09-06T12:47:30","date_gmt":"2018-09-06T12:47:30","guid":{"rendered":"https:\/\/vivace-ctc.nl\/?page_id=94"},"modified":"2023-06-09T12:21:01","modified_gmt":"2023-06-09T12:21:01","slug":"artikelen","status":"publish","type":"page","link":"https:\/\/vivace-ctc.nl\/fr\/artikelen\/","title":{"rendered":"Articles"},"content":{"rendered":"<div class=\"wpb-content-wrapper\"><div class=\"vc_row wpb_row vc_row-fluid\"><div class=\"wpb_column vc_column_container vc_col-sm-12\"><div class=\"vc_column-inner\"><div class=\"wpb_wrapper\">\n\t<div class=\"wpb_text_column wpb_content_element\" >\n\t\t<div class=\"wpb_wrapper\">\n\t\t\t<h1>Articles<\/h1>\n\n\t\t<\/div>\n\t<\/div>\n<\/div><\/div><\/div><\/div><div class=\"vc_row wpb_row vc_row-fluid\"><div class=\"wpb_column vc_column_container vc_col-sm-12\"><div class=\"vc_column-inner\"><div class=\"wpb_wrapper\"><style type=\"text\/css\" data-type=\"the7_shortcodes-inline-css\">.blog-shortcode.blog-list-shortcode-id-1ecfff89b368256447b48cc08e4ecb16.dividers-on.classic-layout-list article {\n  margin-top: 50px;\n  padding-top: 0;\n}\n.blog-shortcode.blog-list-shortcode-id-1ecfff89b368256447b48cc08e4ecb16.dividers-on.classic-layout-list article:first-of-type {\n  margin-top: 0;\n  padding-top: 0;\n}\n.blog-shortcode.blog-list-shortcode-id-1ecfff89b368256447b48cc08e4ecb16.classic-layout-list.mode-list .post-thumbnail-wrap {\n  width: 50%;\n}\n.blog-shortcode.blog-list-shortcode-id-1ecfff89b368256447b48cc08e4ecb16.classic-layout-list.mode-list .post-entry-content {\n  width: calc(100% - 50%);\n}\n.blog-shortcode.blog-list-shortcode-id-1ecfff89b368256447b48cc08e4ecb16.classic-layout-list.mode-list .no-img .post-entry-content {\n  width: 100%;\n}\n.blog-shortcode.blog-list-shortcode-id-1ecfff89b368256447b48cc08e4ecb16 .filter-bg-decoration .filter-categories a.act {\n  color: #fff;\n}\n.blog-shortcode.blog-list-shortcode-id-1ecfff89b368256447b48cc08e4ecb16:not(.mode-masonry) article {\n  margin-top: 50px;\n}\n.blog-shortcode.blog-list-shortcode-id-1ecfff89b368256447b48cc08e4ecb16:not(.mode-masonry) article:first-of-type,\n.blog-shortcode.blog-list-shortcode-id-1ecfff89b368256447b48cc08e4ecb16:not(.mode-masonry) article.visible.first:not(.product) {\n  margin-top: 0;\n}\n.blog-shortcode.blog-list-shortcode-id-1ecfff89b368256447b48cc08e4ecb16.dividers-on:not(.mode-masonry) article {\n  margin-top: 0;\n  padding-top: 50px;\n}\n.blog-shortcode.blog-list-shortcode-id-1ecfff89b368256447b48cc08e4ecb16.dividers-on:not(.mode-masonry) article:first-of-type,\n.blog-shortcode.blog-list-shortcode-id-1ecfff89b368256447b48cc08e4ecb16.dividers-on:not(.mode-masonry) article.visible.first:not(.product) {\n  margin-top: 0;\n  padding-top: 0;\n}\n.blog-shortcode.blog-list-shortcode-id-1ecfff89b368256447b48cc08e4ecb16 .post-thumbnail-wrap {\n  padding: 0px 0px 0px 0px;\n}\n.blog-shortcode.blog-list-shortcode-id-1ecfff89b368256447b48cc08e4ecb16.enable-bg-rollover .post-thumbnail-rollover:after {\n  background: -webkit-linear-gradient();\n  background: linear-gradient();\n}\n.blog-shortcode.blog-list-shortcode-id-1ecfff89b368256447b48cc08e4ecb16 .gallery-zoom-ico {\n  width: 44px;\n  height: 44px;\n  line-height: 44px;\n  border-radius: 100px;\n  margin: -22px 0 0 -22px;\n  border-width: 0px;\n  color: #ffffff;\n}\n.bottom-overlap-layout-list.blog-shortcode.blog-list-shortcode-id-1ecfff89b368256447b48cc08e4ecb16 .gallery-zoom-ico {\n  margin-top: -22px;\n}\n.gradient-overlay-layout-list.blog-shortcode.blog-list-shortcode-id-1ecfff89b368256447b48cc08e4ecb16 .gallery-zoom-ico,\n.content-rollover-layout-list.blog-shortcode.blog-list-shortcode-id-1ecfff89b368256447b48cc08e4ecb16 .gallery-zoom-ico {\n  margin: 0 0 10px;\n}\n.content-align-center.gradient-overlay-layout-list.blog-shortcode.blog-list-shortcode-id-1ecfff89b368256447b48cc08e4ecb16 .gallery-zoom-ico,\n.content-align-center.content-rollover-layout-list.blog-shortcode.blog-list-shortcode-id-1ecfff89b368256447b48cc08e4ecb16 .gallery-zoom-ico {\n  margin: 0 auto 10px;\n}\n.dt-icon-bg-on.blog-shortcode.blog-list-shortcode-id-1ecfff89b368256447b48cc08e4ecb16 .gallery-zoom-ico {\n  background: rgba(255,255,255,0.3);\n  box-shadow: none;\n}\n.blog-shortcode.blog-list-shortcode-id-1ecfff89b368256447b48cc08e4ecb16 .gallery-zoom-ico > span,\n.blog-shortcode.blog-list-shortcode-id-1ecfff89b368256447b48cc08e4ecb16 .gallery-zoom-ico:before {\n  font-size: 32px;\n  line-height: 44px;\n}\n.blog-shortcode.blog-list-shortcode-id-1ecfff89b368256447b48cc08e4ecb16 .gallery-zoom-ico > span,\n.blog-shortcode.blog-list-shortcode-id-1ecfff89b368256447b48cc08e4ecb16 .gallery-zoom-ico:before {\n  color: #ffffff;\n}\n.blog-shortcode.blog-list-shortcode-id-1ecfff89b368256447b48cc08e4ecb16 .fancy-date a {\n  background: #ffffff;\n  box-shadow: none;\n}\n.blog-shortcode.blog-list-shortcode-id-1ecfff89b368256447b48cc08e4ecb16 .fancy-date a * {\n  color: #2d2d2d;\n}\n.blog-shortcode.blog-list-shortcode-id-1ecfff89b368256447b48cc08e4ecb16 .entry-title,\n.blog-shortcode.blog-list-shortcode-id-1ecfff89b368256447b48cc08e4ecb16.owl-carousel .entry-title {\n  margin-bottom: 5px;\n  font-weight: bold;\n}\n.blog-shortcode.blog-list-shortcode-id-1ecfff89b368256447b48cc08e4ecb16 .entry-meta {\n  margin-bottom: 15px;\n}\n.blog-shortcode.blog-list-shortcode-id-1ecfff89b368256447b48cc08e4ecb16 .portfolio-categories {\n  margin-bottom: 15px;\n}\n.blog-shortcode.blog-list-shortcode-id-1ecfff89b368256447b48cc08e4ecb16 .entry-excerpt {\n  margin-bottom: 5px;\n}\n.blog-shortcode.blog-list-shortcode-id-1ecfff89b368256447b48cc08e4ecb16:not(.centered-layout-list) .post-entry-content {\n  padding: 25px 30px 30px 30px;\n}\n.blog-shortcode.blog-list-shortcode-id-1ecfff89b368256447b48cc08e4ecb16:not(.centered-layout-list):not(.content-bg-on):not(.mode-list) .no-img .post-entry-content {\n  padding: 0;\n}\n@media screen and (max-width: 768px) {\n  .blog-shortcode.blog-list-shortcode-id-1ecfff89b368256447b48cc08e4ecb16 article {\n    -ms-flex-flow: column nowrap;\n    flex-flow: column nowrap;\n    margin-top: 20px;\n  }\n  .blog-shortcode.blog-list-shortcode-id-1ecfff89b368256447b48cc08e4ecb16.dividers-on article {\n    border: none;\n  }\n  .blog-shortcode.blog-list-shortcode-id-1ecfff89b368256447b48cc08e4ecb16.content-bg-on.centered-layout-list article {\n    padding: 0;\n  }\n  .blog-shortcode.blog-list-shortcode-id-1ecfff89b368256447b48cc08e4ecb16.blog-shortcode.dividers-on article,\n  .blog-shortcode.blog-list-shortcode-id-1ecfff89b368256447b48cc08e4ecb16.dividers-on.classic-layout-list article {\n    margin-top: 20px;\n    padding: 0;\n  }\n  .blog-shortcode.blog-list-shortcode-id-1ecfff89b368256447b48cc08e4ecb16.blog-shortcode.dividers-on article:first-of-type,\n  .blog-shortcode.blog-list-shortcode-id-1ecfff89b368256447b48cc08e4ecb16.dividers-on.classic-layout-list article:first-of-type {\n    padding: 0;\n  }\n  #page .blog-shortcode.blog-list-shortcode-id-1ecfff89b368256447b48cc08e4ecb16 .post-thumbnail-wrap,\n  #page .blog-shortcode.blog-list-shortcode-id-1ecfff89b368256447b48cc08e4ecb16 .post-entry-content {\n    width: 100%;\n    margin: 0;\n    top: 0;\n  }\n  #page .blog-shortcode.blog-list-shortcode-id-1ecfff89b368256447b48cc08e4ecb16 .post-thumbnail-wrap {\n    padding: 0;\n  }\n  #page .blog-shortcode.blog-list-shortcode-id-1ecfff89b368256447b48cc08e4ecb16 .post-entry-content:after {\n    display: none;\n  }\n  #page .blog-shortcode.blog-list-shortcode-id-1ecfff89b368256447b48cc08e4ecb16 .project-even .post-thumbnail-wrap,\n  #page .blog-shortcode.blog-list-shortcode-id-1ecfff89b368256447b48cc08e4ecb16.centered-layout-list .post-thumbnail-wrap {\n    -ms-flex-order: 0;\n    order: 0;\n  }\n  #page .blog-shortcode.blog-list-shortcode-id-1ecfff89b368256447b48cc08e4ecb16.centered-layout-list .post-entry-title-content {\n    -ms-flex-order: 1;\n    order: 1;\n    width: 100%;\n    padding: 20px 20px 0;\n  }\n  #page .blog-shortcode.blog-list-shortcode-id-1ecfff89b368256447b48cc08e4ecb16.centered-layout-list .post-entry-content {\n    -ms-flex-order: 2;\n    order: 2;\n    padding-top: 0;\n  }\n  #page .blog-shortcode.blog-list-shortcode-id-1ecfff89b368256447b48cc08e4ecb16 .fancy-categories {\n    top: 10px;\n    left: 10px;\n    bottom: auto;\n    right: auto;\n  }\n  #page .blog-shortcode.blog-list-shortcode-id-1ecfff89b368256447b48cc08e4ecb16 .fancy-date a {\n    top: 10px;\n    right: 10px;\n    left: auto;\n    bottom: auto;\n  }\n  #page .blog-shortcode.blog-list-shortcode-id-1ecfff89b368256447b48cc08e4ecb16 .post-entry-content {\n    padding: 20px;\n  }\n  #page .blog-shortcode.blog-list-shortcode-id-1ecfff89b368256447b48cc08e4ecb16 .entry-title {\n    margin: 3px 0 5px;\n    font-size: 20px;\n    line-height: 26px;\n  }\n  #page .blog-shortcode.blog-list-shortcode-id-1ecfff89b368256447b48cc08e4ecb16 .entry-meta {\n    margin: 5px 0 5px;\n  }\n  #page .blog-shortcode.blog-list-shortcode-id-1ecfff89b368256447b48cc08e4ecb16 .entry-excerpt {\n    margin: 15px 0 0;\n  }\n  #page .blog-shortcode.blog-list-shortcode-id-1ecfff89b368256447b48cc08e4ecb16 .post-details {\n    margin: 5px 0 10px;\n  }\n  #page .blog-shortcode.blog-list-shortcode-id-1ecfff89b368256447b48cc08e4ecb16 .post-details.details-type-link {\n    margin-bottom: 2px;\n  }\n}<\/style><div class=\"articles-list blog-shortcode mode-list blog-list-shortcode-id-1ecfff89b368256447b48cc08e4ecb16 classic-layout-list content-bg-on jquery-filter scale-img dt-icon-bg-off loading-effect-fade-in\" data-cur-page=\"1\" data-post-limit=\"-1\" data-pagination-mode=\"none\"><article class=\"post project-odd visible no-img post-78 type-post status-publish format-standard hentry category-artikelen category-homepage-row-artikel category-5 category-10 description-off\" data-name=\"Artikel: Richtinggevend vernieuwen in het VO: hoe doe je dat?\" data-date=\"2018-03-11T12:11:54+00:00\">\n\n<div class=\"post-entry-content\">\n\n\t<h3 class=\"entry-title\">\n\t\t<a href=\"https:\/\/vivace-ctc.nl\/fr\/artikel-richtinggevend-vernieuwen-in-het-vo-hoe-doe-je-dat\/\" title=\"Article : L&#039;innovation directionnelle en VO : comment faire ?\" rel=\"bookmark\">Article : L'innovation directionnelle en VO : comment faire ?<\/a>\n\t<\/h3>\n\n\t<div class=\"entry-meta\"><a href=\"https:\/\/vivace-ctc.nl\/fr\/2018\/03\/11\/\" title=\"12:11\" class=\"data-link\" rel=\"bookmark\"><time class=\"entry-date updated\" datetime=\"2018-03-11T12:11:54+00:00\">11 mars 2018<\/time><\/a><\/div>\n\t<div class=\"entry-excerpt\"><p>Une histoire vraie : le coll\u00e8ge Avila de Hengelo<\/p>\n<\/div>\n\t\n<a href=\"https:\/\/vivace-ctc.nl\/fr\/artikel-richtinggevend-vernieuwen-in-het-vo-hoe-doe-je-dat\/\" class=\"dt-btn-s dt-btn post-details details-type-btn\" aria-label=\"Lire la suite de l&#039;article : L&#039;innovation directionnelle en VO : comment faire ?\">En savoir plus<i class=\"dt-icon-the7-arrow-03\" aria-hidden=\"true\"><\/i><\/a>\n\n<\/div><\/article><article class=\"post project-odd visible no-img post-80 type-post status-publish format-standard hentry category-artikelen category-5 description-off\" data-name=\"Certe LIVE is Certe LIFE\" data-date=\"2017-01-06T12:12:46+00:00\">\n\n<div class=\"post-entry-content\">\n\n\t<h3 class=\"entry-title\">\n\t\t<a href=\"https:\/\/vivace-ctc.nl\/fr\/certe-live-is-certe-life\/\" title=\"Certe LIVE est Certe LIFE\" rel=\"bookmark\">Certe LIVE est Certe LIFE<\/a>\n\t<\/h3>\n\n\t<div class=\"entry-meta\"><a href=\"https:\/\/vivace-ctc.nl\/fr\/2017\/01\/06\/\" title=\"12:12\" class=\"data-link\" rel=\"bookmark\"><time class=\"entry-date updated\" datetime=\"2017-01-06T12:12:46+00:00\">6 Janvier 2017<\/time><\/a><\/div>\n\t<div class=\"entry-excerpt\"><p>Leading in Change : un programme d'apprentissage pour les cadres et les employ\u00e9s de Certe.<\/p>\n<\/div>\n\t\n<a href=\"https:\/\/vivace-ctc.nl\/fr\/certe-live-is-certe-life\/\" class=\"dt-btn-s dt-btn post-details details-type-btn\" aria-label=\"En savoir plus sur Certe LIVE is Certe LIFE\">En savoir plus<i class=\"dt-icon-the7-arrow-03\" aria-hidden=\"true\"><\/i><\/a>\n\n<\/div><\/article><article class=\"post project-odd visible no-img post-339 type-post status-publish format-standard hentry category-artikelen category-5 description-off\" data-name=\"Werken aan leiderschap, dialoog en kwaliteit\" data-date=\"2014-10-09T13:33:05+00:00\">\n\n<div class=\"post-entry-content\">\n\n\t<h3 class=\"entry-title\">\n\t\t<a href=\"https:\/\/vivace-ctc.nl\/fr\/werken-aan-leiderschap-dialoog-en-kwaliteit\/\" title=\"Travailler sur le leadership, le dialogue et la qualit\u00e9\" rel=\"bookmark\">Travailler sur le leadership, le dialogue et la qualit\u00e9<\/a>\n\t<\/h3>\n\n\t<div class=\"entry-meta\"><a href=\"https:\/\/vivace-ctc.nl\/fr\/2014\/10\/09\/\" title=\"13:33\" class=\"data-link\" rel=\"bookmark\"><time class=\"entry-date updated\" datetime=\"2014-10-09T13:33:05+00:00\">9 octobre 2014<\/time><\/a><\/div>\n\t<div class=\"entry-excerpt\"><p>Leadership et changement \u00e0 Carinova<\/p>\n<\/div>\n\t\n<a href=\"https:\/\/vivace-ctc.nl\/fr\/werken-aan-leiderschap-dialoog-en-kwaliteit\/\" class=\"dt-btn-s dt-btn post-details details-type-btn\" aria-label=\"En savoir plus sur le travail sur le leadership, le dialogue et la qualit\u00e9\">En savoir plus<i class=\"dt-icon-the7-arrow-03\" aria-hidden=\"true\"><\/i><\/a>\n\n<\/div><\/article><article class=\"post project-odd visible no-img post-354 type-post status-publish format-standard hentry category-artikelen category-5 description-off\" data-name=\"Gedoe op tafel? Ronde tafelgesprek als werkvorm\" data-date=\"2012-02-09T13:45:29+00:00\">\n\n<div class=\"post-entry-content\">\n\n\t<h3 class=\"entry-title\">\n\t\t<a href=\"https:\/\/vivace-ctc.nl\/fr\/gedoe-op-tafel-ronde-tafelgesprek-als-werkvorm\/\" title=\"Des tracas sur la table ? La table ronde comme forme de travail\" rel=\"bookmark\">Des tracas sur la table ? La table ronde comme forme de travail<\/a>\n\t<\/h3>\n\n\t<div class=\"entry-meta\"><a href=\"https:\/\/vivace-ctc.nl\/fr\/2012\/02\/09\/\" title=\"13:45\" class=\"data-link\" rel=\"bookmark\"><time class=\"entry-date updated\" datetime=\"2012-02-09T13:45:29+00:00\">9 f\u00e9vrier 2012<\/time><\/a><\/div>\n\t<div class=\"entry-excerpt\"><p>L'ennui dans une organisation scolaire est in\u00e9vitable et constitue en fait un moteur de changement. La table ronde peut \u00eatre une bonne forme de travail pour rendre la tracasserie n\u00e9gociable. <\/p>\n<\/div>\n\t\n<a href=\"https:\/\/vivace-ctc.nl\/fr\/gedoe-op-tafel-ronde-tafelgesprek-als-werkvorm\/\" class=\"dt-btn-s dt-btn post-details details-type-btn\" aria-label=\"Plus d&#039;informations sur le th\u00e8me de l&#039;agitation autour de la table ? La table ronde comme forme de travail\">En savoir plus<i class=\"dt-icon-the7-arrow-03\" aria-hidden=\"true\"><\/i><\/a>\n\n<\/div><\/article><article class=\"post project-odd visible no-img post-357 type-post status-publish format-standard hentry category-artikelen category-5 description-off\" data-name=\"Zonne-klaar\" data-date=\"2010-05-09T13:47:57+00:00\">\n\n<div class=\"post-entry-content\">\n\n\t<h3 class=\"entry-title\">\n\t\t<a href=\"https:\/\/vivace-ctc.nl\/fr\/zonne-klaar-2\/\" title=\"Pr\u00eat pour le solaire\" rel=\"bookmark\">Pr\u00eat pour le solaire<\/a>\n\t<\/h3>\n\n\t<div class=\"entry-meta\"><a href=\"https:\/\/vivace-ctc.nl\/fr\/2010\/05\/09\/\" title=\"13:47\" class=\"data-link\" rel=\"bookmark\"><time class=\"entry-date updated\" datetime=\"2010-05-09T13:47:57+00:00\">9 mai 2010<\/time><\/a><\/div>\n\t<div class=\"entry-excerpt\"><p>La vie des enseignants est bien remplie. Il s'agit de faire le m\u00e9nage, de l\u00e2cher prise et de profiter.<\/p>\n<\/div>\n\t\n<a href=\"https:\/\/vivace-ctc.nl\/fr\/zonne-klaar-2\/\" class=\"dt-btn-s dt-btn post-details details-type-btn\" aria-label=\"En savoir plus sur Pr\u00eat pour le solaire\">En savoir plus<i class=\"dt-icon-the7-arrow-03\" aria-hidden=\"true\"><\/i><\/a>\n\n<\/div><\/article><article class=\"post project-odd visible no-img post-361 type-post status-publish format-standard hentry category-artikelen category-5 description-off\" data-name=\"Beoordelingsgesprekken in het onderwijs\" data-date=\"2009-11-09T13:50:28+00:00\">\n\n<div class=\"post-entry-content\">\n\n\t<h3 class=\"entry-title\">\n\t\t<a href=\"https:\/\/vivace-ctc.nl\/fr\/beoordelingsgesprekken-in-het-onderwijs\/\" title=\"Entretiens d&#039;\u00e9valuation dans l&#039;\u00e9ducation\" rel=\"bookmark\">Entretiens d'\u00e9valuation dans l'\u00e9ducation<\/a>\n\t<\/h3>\n\n\t<div class=\"entry-meta\"><a href=\"https:\/\/vivace-ctc.nl\/fr\/2009\/11\/09\/\" title=\"13:50\" class=\"data-link\" rel=\"bookmark\"><time class=\"entry-date updated\" datetime=\"2009-11-09T13:50:28+00:00\">9 novembre 2009<\/time><\/a><\/div>\n\t<div class=\"entry-excerpt\"><p>Une bonne pr\u00e9paration peut pr\u00e9venir les r\u00e9actions n\u00e9gatives et offrir de nouvelles opportunit\u00e9s lors de l'introduction des entretiens d'\u00e9valuation dans une \u00e9cole. <\/p>\n<\/div>\n\t\n<a href=\"https:\/\/vivace-ctc.nl\/fr\/beoordelingsgesprekken-in-het-onderwijs\/\" class=\"dt-btn-s dt-btn post-details details-type-btn\" aria-label=\"En savoir plus sur les entretiens d&#039;\u00e9valuation dans l&#039;\u00e9ducation\">En savoir plus<i class=\"dt-icon-the7-arrow-03\" aria-hidden=\"true\"><\/i><\/a>\n\n<\/div><\/article><article class=\"post project-odd visible no-img post-364 type-post status-publish format-standard hentry category-artikelen category-5 description-off\" data-name=\"Reflectie als bindmiddel\" data-date=\"2008-12-09T13:52:21+00:00\">\n\n<div class=\"post-entry-content\">\n\n\t<h3 class=\"entry-title\">\n\t\t<a href=\"https:\/\/vivace-ctc.nl\/fr\/reflectie-als-bindmiddel\/\" title=\"La r\u00e9flexion en tant que classeur\" rel=\"bookmark\">La r\u00e9flexion en tant que classeur<\/a>\n\t<\/h3>\n\n\t<div class=\"entry-meta\"><a href=\"https:\/\/vivace-ctc.nl\/fr\/2008\/12\/09\/\" title=\"13:52\" class=\"data-link\" rel=\"bookmark\"><time class=\"entry-date updated\" datetime=\"2008-12-09T13:52:21+00:00\">9 d\u00e9cembre 2008<\/time><\/a><\/div>\n\t<div class=\"entry-excerpt\"><p>Intervision vous permet de vous connecter \u00e0 vous-m\u00eame. Cela permet \u00e9galement une meilleure connexion avec vos coll\u00e8gues, votre \u00e9quipe et votre \u00e9cole. <\/p>\n<\/div>\n\t\n<a href=\"https:\/\/vivace-ctc.nl\/fr\/reflectie-als-bindmiddel\/\" class=\"dt-btn-s dt-btn post-details details-type-btn\" aria-label=\"Lire la suite : La r\u00e9flexion comme un classeur\">En savoir plus<i class=\"dt-icon-the7-arrow-03\" aria-hidden=\"true\"><\/i><\/a>\n\n<\/div><\/article><\/div><\/div><\/div><\/div><\/div>\n<\/div>","protected":false},"excerpt":{"rendered":"<p>Articles<\/p>","protected":false},"author":1,"featured_media":0,"parent":0,"menu_order":0,"comment_status":"closed","ping_status":"closed","template":"","meta":{"footnotes":""},"class_list":["post-94","page","type-page","status-publish","hentry","description-off"],"yoast_head":"<!-- This site is optimized with the Yoast SEO plugin v27.4 - https:\/\/yoast.com\/product\/yoast-seo-wordpress\/ -->\n<title>Artikelen - vivace-ctc<\/title>\n<meta name=\"robots\" content=\"index, follow, max-snippet:-1, max-image-preview:large, max-video-preview:-1\" \/>\n<link rel=\"canonical\" href=\"https:\/\/vivace-ctc.nl\/fr\/artikelen\/\" \/>\n<meta property=\"og:locale\" content=\"fr_FR\" \/>\n<meta property=\"og:type\" content=\"article\" \/>\n<meta property=\"og:title\" content=\"Artikelen - vivace-ctc\" \/>\n<meta property=\"og:url\" content=\"https:\/\/vivace-ctc.nl\/fr\/artikelen\/\" \/>\n<meta property=\"og:site_name\" content=\"vivace-ctc\" \/>\n<meta property=\"article:modified_time\" content=\"2023-06-09T12:21:01+00:00\" \/>\n<meta name=\"twitter:card\" content=\"summary_large_image\" \/>\n<meta name=\"twitter:label1\" content=\"Dur\u00e9e de lecture estim\u00e9e\" \/>\n\t<meta name=\"twitter:data1\" content=\"1 minute\" \/>\n<script type=\"application\/ld+json\" class=\"yoast-schema-graph\">{\"@context\":\"https:\\\/\\\/schema.org\",\"@graph\":[{\"@type\":\"WebPage\",\"@id\":\"https:\\\/\\\/vivace-ctc.nl\\\/artikelen\\\/\",\"url\":\"https:\\\/\\\/vivace-ctc.nl\\\/artikelen\\\/\",\"name\":\"Artikelen - vivace-ctc\",\"isPartOf\":{\"@id\":\"https:\\\/\\\/vivace-ctc.nl\\\/#website\"},\"datePublished\":\"2018-09-06T12:47:30+00:00\",\"dateModified\":\"2023-06-09T12:21:01+00:00\",\"breadcrumb\":{\"@id\":\"https:\\\/\\\/vivace-ctc.nl\\\/artikelen\\\/#breadcrumb\"},\"inLanguage\":\"fr-FR\",\"potentialAction\":[{\"@type\":\"ReadAction\",\"target\":[\"https:\\\/\\\/vivace-ctc.nl\\\/artikelen\\\/\"]}]},{\"@type\":\"BreadcrumbList\",\"@id\":\"https:\\\/\\\/vivace-ctc.nl\\\/artikelen\\\/#breadcrumb\",\"itemListElement\":[{\"@type\":\"ListItem\",\"position\":1,\"name\":\"Home\",\"item\":\"https:\\\/\\\/vivace-ctc.nl\\\/\"},{\"@type\":\"ListItem\",\"position\":2,\"name\":\"Artikelen\"}]},{\"@type\":\"WebSite\",\"@id\":\"https:\\\/\\\/vivace-ctc.nl\\\/#website\",\"url\":\"https:\\\/\\\/vivace-ctc.nl\\\/\",\"name\":\"vivace-ctc\",\"description\":\"Levendig verbinden\",\"potentialAction\":[{\"@type\":\"SearchAction\",\"target\":{\"@type\":\"EntryPoint\",\"urlTemplate\":\"https:\\\/\\\/vivace-ctc.nl\\\/?s={search_term_string}\"},\"query-input\":{\"@type\":\"PropertyValueSpecification\",\"valueRequired\":true,\"valueName\":\"search_term_string\"}}],\"inLanguage\":\"fr-FR\"}]}<\/script>\n<!-- \/ Yoast SEO plugin. -->","yoast_head_json":{"title":"Articles - vivace-ctc","robots":{"index":"index","follow":"follow","max-snippet":"max-snippet:-1","max-image-preview":"max-image-preview:large","max-video-preview":"max-video-preview:-1"},"canonical":"https:\/\/vivace-ctc.nl\/fr\/artikelen\/","og_locale":"fr_FR","og_type":"article","og_title":"Artikelen - vivace-ctc","og_url":"https:\/\/vivace-ctc.nl\/fr\/artikelen\/","og_site_name":"vivace-ctc","article_modified_time":"2023-06-09T12:21:01+00:00","twitter_card":"summary_large_image","twitter_misc":{"Dur\u00e9e de lecture estim\u00e9e":"1 minute"},"schema":{"@context":"https:\/\/schema.org","@graph":[{"@type":"WebPage","@id":"https:\/\/vivace-ctc.nl\/artikelen\/","url":"https:\/\/vivace-ctc.nl\/artikelen\/","name":"Articles - vivace-ctc","isPartOf":{"@id":"https:\/\/vivace-ctc.nl\/#website"},"datePublished":"2018-09-06T12:47:30+00:00","dateModified":"2023-06-09T12:21:01+00:00","breadcrumb":{"@id":"https:\/\/vivace-ctc.nl\/artikelen\/#breadcrumb"},"inLanguage":"fr-FR","potentialAction":[{"@type":"ReadAction","target":["https:\/\/vivace-ctc.nl\/artikelen\/"]}]},{"@type":"BreadcrumbList","@id":"https:\/\/vivace-ctc.nl\/artikelen\/#breadcrumb","itemListElement":[{"@type":"ListItem","position":1,"name":"Home","item":"https:\/\/vivace-ctc.nl\/"},{"@type":"ListItem","position":2,"name":"Artikelen"}]},{"@type":"WebSite","@id":"https:\/\/vivace-ctc.nl\/#website","url":"https:\/\/vivace-ctc.nl\/","name":"vivace-ctc","description":"Une connexion vivante","potentialAction":[{"@type":"SearchAction","target":{"@type":"EntryPoint","urlTemplate":"https:\/\/vivace-ctc.nl\/?s={search_term_string}"},"query-input":{"@type":"PropertyValueSpecification","valueRequired":true,"valueName":"search_term_string"}}],"inLanguage":"fr-FR"}]}},"_links":{"self":[{"href":"https:\/\/vivace-ctc.nl\/fr\/wp-json\/wp\/v2\/pages\/94","targetHints":{"allow":["GET"]}}],"collection":[{"href":"https:\/\/vivace-ctc.nl\/fr\/wp-json\/wp\/v2\/pages"}],"about":[{"href":"https:\/\/vivace-ctc.nl\/fr\/wp-json\/wp\/v2\/types\/page"}],"author":[{"embeddable":true,"href":"https:\/\/vivace-ctc.nl\/fr\/wp-json\/wp\/v2\/users\/1"}],"replies":[{"embeddable":true,"href":"https:\/\/vivace-ctc.nl\/fr\/wp-json\/wp\/v2\/comments?post=94"}],"version-history":[{"count":2,"href":"https:\/\/vivace-ctc.nl\/fr\/wp-json\/wp\/v2\/pages\/94\/revisions"}],"predecessor-version":[{"id":391,"href":"https:\/\/vivace-ctc.nl\/fr\/wp-json\/wp\/v2\/pages\/94\/revisions\/391"}],"wp:attachment":[{"href":"https:\/\/vivace-ctc.nl\/fr\/wp-json\/wp\/v2\/media?parent=94"}],"curies":[{"name":"wp","href":"https:\/\/api.w.org\/{rel}","templated":true}]}}